{"id":956,"date":"2017-10-05T11:05:33","date_gmt":"2017-10-05T10:05:33","guid":{"rendered":"http:\/\/oyemeconlosojos.com\/oyemearquitectura\/blog\/?page_id=956"},"modified":"2019-02-19T19:56:31","modified_gmt":"2019-02-19T18:56:31","slug":"c-1","status":"publish","type":"page","link":"http:\/\/oyemeconlosojos.com\/oyemearquitectura\/blog\/?page_id=956","title":{"rendered":"Reforma Porche y Cocina"},"content":{"rendered":"<p><img loading=\"lazy\" class=\"alignright wp-image-1160 size-medium\" src=\"http:\/\/oyemeconlosojos.com\/oyemearquitectura\/blog\/wp-content\/uploads\/2019\/02\/cocigjuyjna_hefe-300x300.jpg\" alt=\"\" width=\"300\" height=\"300\" srcset=\"http:\/\/oyemeconlosojos.com\/oyemearquitectura\/blog\/wp-content\/uploads\/2019\/02\/cocigjuyjna_hefe-300x300.jpg 300w, http:\/\/oyemeconlosojos.com\/oyemearquitectura\/blog\/wp-content\/uploads\/2019\/02\/cocigjuyjna_hefe-150x150.jpg 150w, http:\/\/oyemeconlosojos.com\/oyemearquitectura\/blog\/wp-content\/uploads\/2019\/02\/cocigjuyjna_hefe-768x768.jpg 768w, http:\/\/oyemeconlosojos.com\/oyemearquitectura\/blog\/wp-content\/uploads\/2019\/02\/cocigjuyjna_hefe-640x640.jpg 640w, http:\/\/oyemeconlosojos.com\/oyemearquitectura\/blog\/wp-content\/uploads\/2019\/02\/cocigjuyjna_hefe.jpg 850w\" sizes=\"(max-width: 300px) 100vw, 300px\" \/><\/p>\n<p>&nbsp;<\/p>\n<p>Ubicaci\u00f3n: <strong>Dos Hermanas (Sevilla)<\/strong><\/p>\n<p>Promotor: <strong>Privado<\/strong><\/p>\n<p>A\u00f1o Proyecto: <strong>2014<\/strong><\/p>\n<p>Presupuesto Ejecuci\u00f3n Material: <strong>12.026,28 \u20ac<\/strong><\/p>\n<p>A\u00f1o Construcci\u00f3n: <strong>2015<\/strong><\/p>\n<p>Constructora:\u00a0<strong>Voluta Global Service<\/strong><\/p>\n<p>Fase: <strong>Terminada<\/strong><\/p>\n<p>&nbsp;<\/p>\n<p>Nos solicitan realizar una propuesta para modificar la cocina de una chalet que consiguiera diferentes objetivos:<\/p>\n<ol>\n<li>M\u00e1s luz natural. Se abrieron huecos nuevos y se ampliaron los que exist\u00edan, permitiendo una mayor iluminaci\u00f3n natural y ahorro energ\u00e9tico al no ser imprescindible el uso de luz artificial la mayor parte del d\u00eda<\/li>\n<li>Mayor relaci\u00f3n de la cocina con el exterior. Con la ubicaci\u00f3n propuesta de los huecos, se consigue que el flujo interior\/exterior se intensifique y, en condiciones climatol\u00f3gicas \u00f3ptimas, que el espacio libre sea una parte m\u00e1s de la cocina, permitiendo de forma directa desayunar, comer&#8230; teniendo la cocina al alcance de la mano<\/li>\n<li>Optimizaci\u00f3n de uso de almacenaje. Se propuso una distribuci\u00f3n sencilla que encajase con los requerimientos de los propietarios<\/li>\n<li>Baja inversi\u00f3n. En todo el proceso hay un cuidado escrupuloso en los recursos empleados para realizar el cambio, consiguiendo llegar al objetivo habiendo consumido el m\u00ednimo presupuesto posible. Esto es fundamental<\/li>\n<\/ol>\n<p>&nbsp;<\/p>\n<!-- Final Tiles Grid Gallery for WordPress v3.3.52 free --><style>#ftg-2626 .tile .icon { color:#ffffff; }#ftg-2626 .ftg-items .loading-bar i { background:#666; }#ftg-2626 .ftg-items .loading-bar { background:#fff; }#ftg-2626 .tile .icon { font-size:12px; }#ftg-2626 .tile .icon { margin: -6px 0 0 -6px; }#ftg-2626 .tile .caption-block .text-wrapper span.text { font-size:12px; }#ftg-2626 .tile .caption-block .text-wrapper span.title { font-size:14px; }#ftg-2626 .tile { background-color: transparent; }#ftg-2626 .tile .caption-block .text-wrapper span.text { color: #ffffff; }#ftg-2626 .tile .caption-block .text-wrapper span.title { color: #ffffff; }#ftg-2626 .tile .ftg-social a { color: #ffffff; }#ftg-2626 .tile .caption-block { transition-duration:0.25s; }#ftg-2626 .tile .tile-inner:before { background-color: #000000; }#ftg-2626 .tile .tile-inner:before { background-color: rgba(0, 0, 0, 0.8); }#ftg-2626 .tile:hover img {-moz-transform: ;-webkit-transform: ;-o-transform: ;-ms-transform: ;transform: ;}<\/style><a name='26'><\/a><div class='final-tiles-gallery  ftg-hover-enabled  caption-none caption-middle caption-center' id='ftg-2626' style='width:100%'><div class='ftg-items'><div class='loading-bar'><i><\/i><\/div><div  class='tile ftg-preload  '><a title=\"estado previo\" data-lightbox='ftg-2626' rel='ftg-2626'  class=' tile-inner  ftg-lightbox' href='http:\/\/oyemeconlosojos.com\/oyemearquitectura\/blog\/wp-content\/uploads\/2019\/02\/20140820_191542.jpg' ><img alt='' class='item' data-class='item' data-ftg-src='http:\/\/oyemeconlosojos.com\/oyemearquitectura\/blog\/wp-content\/uploads\/2019\/02\/20140820_191542-300x300.jpg' src='http:\/\/oyemeconlosojos.com\/oyemearquitectura\/blog\/wp-content\/uploads\/2019\/02\/20140820_191542-300x300.jpg' width='300' height='300' \/><div class='caption-block'><div class='text-wrapper'><span class='title'>estado previo<\/span><\/div><\/div><\/a><div class='ftg-social'><\/div><\/div><div  class='tile ftg-preload  '><a title=\"propuesta \" data-lightbox='ftg-2626' rel='ftg-2626'  class=' tile-inner  ftg-lightbox' href='http:\/\/oyemeconlosojos.com\/oyemearquitectura\/blog\/wp-content\/uploads\/2019\/02\/cocina_hefe.jpg' ><img alt='' class='item' data-class='item' data-ftg-src='http:\/\/oyemeconlosojos.com\/oyemearquitectura\/blog\/wp-content\/uploads\/2019\/02\/cocina_hefe-300x300.jpg' src='http:\/\/oyemeconlosojos.com\/oyemearquitectura\/blog\/wp-content\/uploads\/2019\/02\/cocina_hefe-300x300.jpg' width='300' height='300' \/><div class='caption-block'><div class='text-wrapper'><span class='title'>propuesta <\/span><\/div><\/div><\/a><div class='ftg-social'><\/div><\/div><div  class='tile ftg-preload  '><a title=\"visita de obra\" data-lightbox='ftg-2626' rel='ftg-2626'  class=' tile-inner  ftg-lightbox' href='http:\/\/oyemeconlosojos.com\/oyemearquitectura\/blog\/wp-content\/uploads\/2019\/02\/IMG_20150408_111137.jpg' ><img alt='' class='item' data-class='item' data-ftg-src='http:\/\/oyemeconlosojos.com\/oyemearquitectura\/blog\/wp-content\/uploads\/2019\/02\/IMG_20150408_111137-300x300.jpg' src='http:\/\/oyemeconlosojos.com\/oyemearquitectura\/blog\/wp-content\/uploads\/2019\/02\/IMG_20150408_111137-300x300.jpg' width='300' height='300' \/><div class='caption-block'><div class='text-wrapper'><span class='title'>visita de obra<\/span><\/div><\/div><\/a><div class='ftg-social'><\/div><\/div><\/div><\/div><script type='text\/javascript'>jQuery('#ftg-2626 img.item').removeAttr('src');jQuery(document).ready(function () {setTimeout(function () {jQuery('#ftg-2626').finalTilesGallery({minTileWidth: 250,margin: 10,loadMethod: 'sequential',nonce: '70a7b08d0e',galleryId: '26',setupFilters: true,layout: 'columns',debug: false,gridSize: 25,disableGridSizeBelow: 800,allowEnlargement: true,columns: [[4000, 4],[1024, 4],[800, 3],[480, 3],[320, 2]],selectedFilter: 'n-a'});jQuery(function () {(function () {var rel = '';jQuery('#ftg-2626 .ftg-lightbox').click(function (e) {rel = jQuery(this).attr('rel');jQuery('#ftg-2626 .ftg-current').removeClass('ftg-current');jQuery('#ftg-2626 [rel=\"'+rel+'\"]').addClass('ftg-current');});})();});}, 0);});<\/script>\n","protected":false},"excerpt":{"rendered":"<p>&nbsp; Ubicaci\u00f3n: Dos Hermanas (Sevilla) Promotor: Privado A\u00f1o Proyecto: 2014 Presupuesto Ejecuci\u00f3n Material: 12.026,28 \u20ac A\u00f1o Construcci\u00f3n: 2015 Constructora:\u00a0Voluta Global Service Fase: Terminada &nbsp; Nos solicitan realizar una propuesta para modificar la cocina de una chalet que consiguiera diferentes objetivos: M\u00e1s luz natural. Se abrieron huecos nuevos y se ampliaron los que exist\u00edan, permitiendo una [&hellip;]<\/p>\n","protected":false},"author":1,"featured_media":0,"parent":326,"menu_order":284,"comment_status":"closed","ping_status":"closed","template":"","meta":[],"_links":{"self":[{"href":"http:\/\/oyemeconlosojos.com\/oyemearquitectura\/blog\/index.php?rest_route=\/wp\/v2\/pages\/956"}],"collection":[{"href":"http:\/\/oyemeconlosojos.com\/oyemearquitectura\/blog\/index.php?rest_route=\/wp\/v2\/pages"}],"about":[{"href":"http:\/\/oyemeconlosojos.com\/oyemearquitectura\/blog\/index.php?rest_route=\/wp\/v2\/types\/page"}],"author":[{"embeddable":true,"href":"http:\/\/oyemeconlosojos.com\/oyemearquitectura\/blog\/index.php?rest_route=\/wp\/v2\/users\/1"}],"replies":[{"embeddable":true,"href":"http:\/\/oyemeconlosojos.com\/oyemearquitectura\/blog\/index.php?rest_route=%2Fwp%2Fv2%2Fcomments&post=956"}],"version-history":[{"count":5,"href":"http:\/\/oyemeconlosojos.com\/oyemearquitectura\/blog\/index.php?rest_route=\/wp\/v2\/pages\/956\/revisions"}],"predecessor-version":[{"id":1162,"href":"http:\/\/oyemeconlosojos.com\/oyemearquitectura\/blog\/index.php?rest_route=\/wp\/v2\/pages\/956\/revisions\/1162"}],"up":[{"embeddable":true,"href":"http:\/\/oyemeconlosojos.com\/oyemearquitectura\/blog\/index.php?rest_route=\/wp\/v2\/pages\/326"}],"wp:attachment":[{"href":"http:\/\/oyemeconlosojos.com\/oyemearquitectura\/blog\/index.php?rest_route=%2Fwp%2Fv2%2Fmedia&parent=956"}],"curies":[{"name":"wp","href":"https:\/\/api.w.org\/{rel}","templated":true}]}}