{"id":736,"date":"2017-01-12T12:23:28","date_gmt":"2017-01-12T11:23:28","guid":{"rendered":"http:\/\/oyemeconlosojos.com\/oyemearquitectura\/blog\/?page_id=736"},"modified":"2020-10-29T17:02:59","modified_gmt":"2020-10-29T16:02:59","slug":"inicio","status":"publish","type":"page","link":"http:\/\/oyemeconlosojos.com\/oyemearquitectura\/blog\/","title":{"rendered":""},"content":{"rendered":"\n<p><\/p>\n\n\n\n<p><\/p>\n\n\n\n<!-- Final Tiles Grid Gallery for WordPress v3.3.52 free --><style>#ftg-4141 .tile .icon { color:#ffffff; }#ftg-4141 .ftg-items .loading-bar i { background:#666; }#ftg-4141 .ftg-items .loading-bar { background:#fff; }#ftg-4141 .tile .icon { font-size:12px; }#ftg-4141 .tile .icon { margin: -6px 0 0 -6px; }#ftg-4141 .tile .caption-block .text-wrapper span.text { font-size:12px; }#ftg-4141 .tile .caption-block .text-wrapper span.title { font-size:14px; }#ftg-4141 .tile { background-color: transparent; }#ftg-4141 .tile .caption-block .text-wrapper span.text { color: #ffffff; }#ftg-4141 .tile .caption-block .text-wrapper span.title { color: #ffffff; }#ftg-4141 .tile .ftg-social a { color: #ffffff; }#ftg-4141 .tile .caption-block { transition-timing-function:ease; }#ftg-4141 .tile .caption-block { transition-duration:0.25s; }#ftg-4141 .tile .tile-inner:before { background-color: #000000; }#ftg-4141 .tile .tile-inner:before { background-color: rgba(0, 0, 0, 0.8); }#ftg-4141 .tile:hover img {-moz-transform: ;-webkit-transform: ;-o-transform: ;-ms-transform: ;transform: ;}<\/style><a name='41'><\/a><div class='final-tiles-gallery  ftg-hover-enabled  caption-none caption-middle caption-center' id='ftg-4141' style='width:100%'><div class='ftg-items'><div class='loading-bar'><i><\/i><\/div><div  class='tile ftg-preload  '><a title=\"almac\u00e9n de productos terminados y materiales auxiliares de \u00c1ngel Camacho Alimentaci\u00f3n\"  rel='ftg-4141' target='_self' class=' tile-inner  ' href='http:\/\/oyemeconlosojos.com\/oyemearquitectura\/blog\/?page_id=1251' ><img alt='' class='item' data-class='item' data-ftg-src='http:\/\/oyemeconlosojos.com\/oyemearquitectura\/blog\/wp-content\/uploads\/2019\/02\/CMCH-2-768x768.jpg' src='http:\/\/oyemeconlosojos.com\/oyemearquitectura\/blog\/wp-content\/uploads\/2019\/02\/CMCH-2-768x768.jpg' width='768' height='768' \/><div class='caption-block'><div class='text-wrapper'><span class='title'>almac\u00e9n de productos terminados y materiales auxiliares de \u00c1ngel Camacho Alimentaci\u00f3n<\/span><\/div><\/div><\/a><div class='ftg-social'><\/div><\/div><div  class='tile ftg-preload  '><a title=\"casa de la luz\"  rel='ftg-4141' target='_self' class=' tile-inner  ' href='http:\/\/oyemeconlosojos.com\/oyemearquitectura\/blog\/?page_id=683' ><img alt='' class='item' data-class='item' data-ftg-src='http:\/\/oyemeconlosojos.com\/oyemearquitectura\/blog\/wp-content\/uploads\/2019\/02\/cocinadelaluz-768x768.jpg' src='http:\/\/oyemeconlosojos.com\/oyemearquitectura\/blog\/wp-content\/uploads\/2019\/02\/cocinadelaluz-768x768.jpg' width='768' height='768' \/><div class='caption-block'><div class='text-wrapper'><span class='title'>casa de la luz<\/span><\/div><\/div><\/a><div class='ftg-social'><\/div><\/div><div  class='tile ftg-preload  '><a title=\"casa patio\"  rel='ftg-4141'  class=' tile-inner  ' href='http:\/\/oyemeconlosojos.com\/oyemearquitectura\/blog\/?page_id=1284' ><img alt='' class='item' data-class='item' data-ftg-src='http:\/\/oyemeconlosojos.com\/oyemearquitectura\/blog\/wp-content\/uploads\/2019\/03\/NOfdfV04-768x768.jpg' src='http:\/\/oyemeconlosojos.com\/oyemearquitectura\/blog\/wp-content\/uploads\/2019\/03\/NOfdfV04-768x768.jpg' width='768' height='768' \/><div class='caption-block'><div class='text-wrapper'><span class='title'>casa patio<\/span><\/div><\/div><\/a><div class='ftg-social'><\/div><\/div><div  class='tile ftg-preload  '><a title=\"patio H\u00edspalis\"  rel='ftg-4141'  class=' tile-inner  ' href='http:\/\/oyemeconlosojos.com\/oyemearquitectura\/blog\/?page_id=208' ><img alt='' class='item' data-class='item' data-ftg-src='http:\/\/oyemeconlosojos.com\/oyemearquitectura\/blog\/wp-content\/uploads\/2019\/02\/PH.jpg' src='http:\/\/oyemeconlosojos.com\/oyemearquitectura\/blog\/wp-content\/uploads\/2019\/02\/PH.jpg' width='425' height='425' \/><div class='caption-block'><div class='text-wrapper'><span class='title'>patio H\u00edspalis<\/span><\/div><\/div><\/a><div class='ftg-social'><\/div><\/div><div  class='tile ftg-preload  '><a title=\"casa cl\u00e1sica\"  rel='ftg-4141'  class=' tile-inner  ' href='http:\/\/oyemeconlosojos.com\/oyemearquitectura\/blog\/?page_id=1309' ><img alt='' class='item' data-class='item' data-ftg-src='http:\/\/oyemeconlosojos.com\/oyemearquitectura\/blog\/wp-content\/uploads\/2019\/03\/slider-1-arggggquitec-768x768.jpg' src='http:\/\/oyemeconlosojos.com\/oyemearquitectura\/blog\/wp-content\/uploads\/2019\/03\/slider-1-arggggquitec-768x768.jpg' width='768' height='768' \/><div class='caption-block'><div class='text-wrapper'><span class='title'>casa cl\u00e1sica<\/span><\/div><\/div><\/a><div class='ftg-social'><\/div><\/div><div  class='tile ftg-preload  '><a title=\"Fernanda bar de abastos\"  rel='ftg-4141'  class=' tile-inner  ' href='http:\/\/oyemeconlosojos.com\/oyemearquitectura\/blog\/?page_id=703' ><img alt='' class='item' data-class='item' data-ftg-src='http:\/\/oyemeconlosojos.com\/oyemearquitectura\/blog\/wp-content\/uploads\/2019\/02\/FRND-3-768x768.jpg' src='http:\/\/oyemeconlosojos.com\/oyemearquitectura\/blog\/wp-content\/uploads\/2019\/02\/FRND-3-768x768.jpg' width='768' height='768' \/><div class='caption-block'><div class='text-wrapper'><span class='title'>Fernanda bar de abastos<\/span><\/div><\/div><\/a><div class='ftg-social'><\/div><\/div><div  class='tile ftg-preload  '><a title=\"de oficinas a viviendas\"  rel='ftg-4141'  class=' tile-inner  ' href='http:\/\/oyemeconlosojos.com\/oyemearquitectura\/blog\/?page_id=225' ><img alt='' class='item' data-class='item' data-ftg-src='http:\/\/oyemeconlosojos.com\/oyemearquitectura\/blog\/wp-content\/uploads\/2019\/02\/DOAV-6-768x768.jpg' src='http:\/\/oyemeconlosojos.com\/oyemearquitectura\/blog\/wp-content\/uploads\/2019\/02\/DOAV-6-768x768.jpg' width='768' height='768' \/><div class='caption-block'><div class='text-wrapper'><span class='title'>de oficinas a viviendas<\/span><\/div><\/div><\/a><div class='ftg-social'><\/div><\/div><div  class='tile ftg-preload  '><a title=\"casa lucernario\"  rel='ftg-4141'  class=' tile-inner  ' href='http:\/\/oyemeconlosojos.com\/oyemearquitectura\/blog\/?page_id=234' ><img alt='' class='item' data-class='item' data-ftg-src='http:\/\/oyemeconlosojos.com\/oyemearquitectura\/blog\/wp-content\/uploads\/2019\/02\/CL-3-768x768.jpg' src='http:\/\/oyemeconlosojos.com\/oyemearquitectura\/blog\/wp-content\/uploads\/2019\/02\/CL-3-768x768.jpg' width='768' height='768' \/><div class='caption-block'><div class='text-wrapper'><span class='title'>casa lucernario<\/span><\/div><\/div><\/a><div class='ftg-social'><\/div><\/div><div  class='tile ftg-preload  '><a title=\"casa de la juvenud\"  rel='ftg-4141'  class=' tile-inner  ' href='http:\/\/oyemeconlosojos.com\/oyemearquitectura\/blog\/?page_id=171' ><img alt='' class='item' data-class='item' data-ftg-src='http:\/\/oyemeconlosojos.com\/oyemearquitectura\/blog\/wp-content\/uploads\/2013\/12\/ESQUEMA-1024x648.jpg' src='http:\/\/oyemeconlosojos.com\/oyemearquitectura\/blog\/wp-content\/uploads\/2013\/12\/ESQUEMA-1024x648.jpg' width='1024' height='648' \/><div class='caption-block'><div class='text-wrapper'><span class='title'>casa de la juvenud<\/span><\/div><\/div><\/a><div class='ftg-social'><\/div><\/div><div  class='tile ftg-preload  '><a title=\"escaleras mec\u00e1nicas de H&amp;M en Nervi\u00f3n Plaza\"  rel='ftg-4141'  class=' tile-inner  ' href='http:\/\/oyemeconlosojos.com\/oyemearquitectura\/blog\/?page_id=948' ><img alt='' class='item' data-class='item' data-ftg-src='http:\/\/oyemeconlosojos.com\/oyemearquitectura\/blog\/wp-content\/uploads\/2019\/02\/HMNP-2-768x768.jpg' src='http:\/\/oyemeconlosojos.com\/oyemearquitectura\/blog\/wp-content\/uploads\/2019\/02\/HMNP-2-768x768.jpg' width='768' height='768' \/><div class='caption-block'><div class='text-wrapper'><span class='title'>escaleras mec\u00e1nicas de H&M en Nervi\u00f3n Plaza<\/span><\/div><\/div><\/a><div class='ftg-social'><\/div><\/div><div  class='tile ftg-preload  '><a title=\"reforma porche y cocina\"  rel='ftg-4141'  class=' tile-inner  ' href='http:\/\/oyemeconlosojos.com\/oyemearquitectura\/blog\/?page_id=956' ><img alt='' class='item' data-class='item' data-ftg-src='http:\/\/oyemeconlosojos.com\/oyemearquitectura\/blog\/wp-content\/uploads\/2019\/02\/cocigjuyjna_hefe-768x768.jpg' src='http:\/\/oyemeconlosojos.com\/oyemearquitectura\/blog\/wp-content\/uploads\/2019\/02\/cocigjuyjna_hefe-768x768.jpg' width='768' height='768' \/><div class='caption-block'><div class='text-wrapper'><span class='title'>reforma porche y cocina<\/span><\/div><\/div><\/a><div class='ftg-social'><\/div><\/div><div  class='tile ftg-preload  '><a title=\"propuesta de viviendas en cine Roc\u00edo\"  rel='ftg-4141'  class=' tile-inner  ' href='http:\/\/oyemeconlosojos.com\/oyemearquitectura\/blog\/?page_id=195' ><img alt='' class='item' data-class='item' data-ftg-src='http:\/\/oyemeconlosojos.com\/oyemearquitectura\/blog\/wp-content\/uploads\/2019\/02\/tgfbgf-768x768.jpg' src='http:\/\/oyemeconlosojos.com\/oyemearquitectura\/blog\/wp-content\/uploads\/2019\/02\/tgfbgf-768x768.jpg' width='768' height='768' \/><div class='caption-block'><div class='text-wrapper'><span class='title'>propuesta de viviendas en cine Roc\u00edo<\/span><\/div><\/div><\/a><div class='ftg-social'><\/div><\/div><div  class='tile ftg-preload  '><a title=\"adecuaci\u00f3n del C.E.I.P. El Algarrobillo. Valencina de la Concepci\u00f3n\"  rel='ftg-4141'  class=' tile-inner  ' href='http:\/\/oyemeconlosojos.com\/oyemearquitectura\/blog\/?page_id=623' ><img alt='' class='item' data-class='item' data-ftg-src='http:\/\/oyemeconlosojos.com\/oyemearquitectura\/blog\/wp-content\/uploads\/2019\/02\/isevl-1-768x768.jpg' src='http:\/\/oyemeconlosojos.com\/oyemearquitectura\/blog\/wp-content\/uploads\/2019\/02\/isevl-1-768x768.jpg' width='768' height='768' \/><div class='caption-block'><div class='text-wrapper'><span class='title'>adecuaci\u00f3n del C.E.I.P. El Algarrobillo. Valencina de la Concepci\u00f3n<\/span><\/div><\/div><\/a><div class='ftg-social'><\/div><\/div><div  class='tile ftg-preload  '><a title=\"Informe T\u00e9cnico de Reconocimiento de Medianeras\"  rel='ftg-4141'  class=' tile-inner  ' href='http:\/\/oyemeconlosojos.com\/oyemearquitectura\/blog\/?page_id=541' ><img alt='' class='item' data-class='item' data-ftg-src='http:\/\/oyemeconlosojos.com\/oyemearquitectura\/blog\/wp-content\/uploads\/2013\/12\/fase4.jpg' src='http:\/\/oyemeconlosojos.com\/oyemearquitectura\/blog\/wp-content\/uploads\/2013\/12\/fase4.jpg' width='600' height='528' \/><div class='caption-block'><div class='text-wrapper'><span class='title'>Informe T\u00e9cnico de Reconocimiento de Medianeras<\/span><\/div><\/div><\/a><div class='ftg-social'><\/div><\/div><div  class='tile ftg-preload  '><a title=\"ampliaci\u00f3n con refuerzo\"  rel='ftg-4141'  class=' tile-inner  ' href='http:\/\/oyemeconlosojos.com\/oyemearquitectura\/blog\/?page_id=1320' ><img alt='' class='item' data-class='item' data-ftg-src='http:\/\/oyemeconlosojos.com\/oyemearquitectura\/blog\/wp-content\/uploads\/2019\/03\/AMPLCRFRZ-5-768x768.jpg' src='http:\/\/oyemeconlosojos.com\/oyemearquitectura\/blog\/wp-content\/uploads\/2019\/03\/AMPLCRFRZ-5-768x768.jpg' width='768' height='768' \/><div class='caption-block'><div class='text-wrapper'><span class='title'>ampliaci\u00f3n con refuerzo<\/span><\/div><\/div><\/a><div class='ftg-social'><\/div><\/div><div  class='tile ftg-preload  '><a title=\"Convino\"  rel='ftg-4141'  class=' tile-inner  ' href='http:\/\/oyemeconlosojos.com\/oyemearquitectura\/blog\/?page_id=634' ><img alt='' class='item' data-class='item' data-ftg-src='http:\/\/oyemeconlosojos.com\/oyemearquitectura\/blog\/wp-content\/uploads\/2019\/02\/CNVN-768x768.jpg' src='http:\/\/oyemeconlosojos.com\/oyemearquitectura\/blog\/wp-content\/uploads\/2019\/02\/CNVN-768x768.jpg' width='768' height='768' \/><div class='caption-block'><div class='text-wrapper'><span class='title'>Convino<\/span><\/div><\/div><\/a><div class='ftg-social'><\/div><\/div><div  class='tile ftg-preload  '><a title=\"obra de Supresi\u00f3n de Barreras Arquitect\u00f3nicas en el I.S.E. Heli\u00f3polis. Sevilla\"  rel='ftg-4141'  class=' tile-inner  ' href='http:\/\/oyemeconlosojos.com\/oyemearquitectura\/blog\/?page_id=693' ><img alt='' class='item' data-class='item' data-ftg-src='http:\/\/oyemeconlosojos.com\/oyemearquitectura\/blog\/wp-content\/uploads\/2017\/01\/11371062_396952040488962_1231943424_n.jpg' src='http:\/\/oyemeconlosojos.com\/oyemearquitectura\/blog\/wp-content\/uploads\/2017\/01\/11371062_396952040488962_1231943424_n.jpg' width='612' height='612' \/><div class='caption-block'><div class='text-wrapper'><span class='title'>obra de Supresi\u00f3n de Barreras Arquitect\u00f3nicas en el I.S.E. Heli\u00f3polis. Sevilla<\/span><\/div><\/div><\/a><div class='ftg-social'><\/div><\/div><\/div><\/div><script type='text\/javascript'>jQuery('#ftg-4141 img.item').removeAttr('src');jQuery(document).ready(function () {setTimeout(function () {jQuery('#ftg-4141').finalTilesGallery({minTileWidth: 250,margin: 0,loadMethod: 'sequential',nonce: '70a7b08d0e',galleryId: '41',setupFilters: true,layout: 'columns',debug: false,gridSize: 25,disableGridSizeBelow: 800,allowEnlargement: true,columns: [[4000, 2],[1024, 2],[800, 2],[480, 1],[320, 1]],selectedFilter: 'n-a'});jQuery(function () {(function () {var rel = '';jQuery('#ftg-4141 .ftg-lightbox').click(function (e) {rel = jQuery(this).attr('rel');jQuery('#ftg-4141 .ftg-current').removeClass('ftg-current');jQuery('#ftg-4141 [rel=\"'+rel+'\"]').addClass('ftg-current');});})();});}, 0);});<\/script>\n","protected":false},"excerpt":{"rendered":"","protected":false},"author":1,"featured_media":0,"parent":0,"menu_order":1,"comment_status":"closed","ping_status":"closed","template":"templates\/no-sidebar.php","meta":[],"_links":{"self":[{"href":"http:\/\/oyemeconlosojos.com\/oyemearquitectura\/blog\/index.php?rest_route=\/wp\/v2\/pages\/736"}],"collection":[{"href":"http:\/\/oyemeconlosojos.com\/oyemearquitectura\/blog\/index.php?rest_route=\/wp\/v2\/pages"}],"about":[{"href":"http:\/\/oyemeconlosojos.com\/oyemearquitectura\/blog\/index.php?rest_route=\/wp\/v2\/types\/page"}],"author":[{"embeddable":true,"href":"http:\/\/oyemeconlosojos.com\/oyemearquitectura\/blog\/index.php?rest_route=\/wp\/v2\/users\/1"}],"replies":[{"embeddable":true,"href":"http:\/\/oyemeconlosojos.com\/oyemearquitectura\/blog\/index.php?rest_route=%2Fwp%2Fv2%2Fcomments&post=736"}],"version-history":[{"count":4,"href":"http:\/\/oyemeconlosojos.com\/oyemearquitectura\/blog\/index.php?rest_route=\/wp\/v2\/pages\/736\/revisions"}],"predecessor-version":[{"id":1403,"href":"http:\/\/oyemeconlosojos.com\/oyemearquitectura\/blog\/index.php?rest_route=\/wp\/v2\/pages\/736\/revisions\/1403"}],"wp:attachment":[{"href":"http:\/\/oyemeconlosojos.com\/oyemearquitectura\/blog\/index.php?rest_route=%2Fwp%2Fv2%2Fmedia&parent=736"}],"curies":[{"name":"wp","href":"https:\/\/api.w.org\/{rel}","templated":true}]}}