{"id":703,"date":"2017-01-09T12:20:38","date_gmt":"2017-01-09T11:20:38","guid":{"rendered":"http:\/\/oyemeconlosojos.com\/oyemearquitectura\/blog\/?page_id=703"},"modified":"2019-02-20T10:50:30","modified_gmt":"2019-02-20T09:50:30","slug":"gg-14","status":"publish","type":"page","link":"http:\/\/oyemeconlosojos.com\/oyemearquitectura\/blog\/?page_id=703","title":{"rendered":"Fernanda Bar de Abastos"},"content":{"rendered":"<h4><img loading=\"lazy\" class=\"alignright wp-image-1181 size-medium\" src=\"http:\/\/oyemeconlosojos.com\/oyemearquitectura\/blog\/wp-content\/uploads\/2019\/02\/FRND-5-300x300.jpg\" alt=\"\" width=\"300\" height=\"300\" srcset=\"http:\/\/oyemeconlosojos.com\/oyemearquitectura\/blog\/wp-content\/uploads\/2019\/02\/FRND-5-300x300.jpg 300w, http:\/\/oyemeconlosojos.com\/oyemearquitectura\/blog\/wp-content\/uploads\/2019\/02\/FRND-5-150x150.jpg 150w, http:\/\/oyemeconlosojos.com\/oyemearquitectura\/blog\/wp-content\/uploads\/2019\/02\/FRND-5-768x768.jpg 768w, http:\/\/oyemeconlosojos.com\/oyemearquitectura\/blog\/wp-content\/uploads\/2019\/02\/FRND-5-640x640.jpg 640w, http:\/\/oyemeconlosojos.com\/oyemearquitectura\/blog\/wp-content\/uploads\/2019\/02\/FRND-5.jpg 850w\" sizes=\"(max-width: 300px) 100vw, 300px\" \/><\/h4>\n<p>&nbsp;<\/p>\n<p>Ubicaci\u00f3n: <strong>Sevilla<\/strong><\/p>\n<p>Promotor: <strong>Privado<\/strong><\/p>\n<p>A\u00f1o Proyecto: <strong>2014<\/strong><\/p>\n<p>Presupuesto Ejecuci\u00f3n Material: <strong>32.433,81 \u20ac<\/strong><\/p>\n<p>A\u00f1o Construcci\u00f3n: <strong>2014<\/strong><\/p>\n<p>Constructora: <strong>Autoconstrucci\u00f3n<\/strong><\/p>\n<p>Fase: <strong>Terminada<\/strong><\/p>\n<p>&nbsp;<\/p>\n<p>Colaboramos con unos emprendedores del sector de la hosteler\u00eda en la gesti\u00f3n, redacci\u00f3n y tramitaci\u00f3n de la Licencia de Apertura y Adecuaci\u00f3n de un local comercial ubicado en la planta baja de un edificio de viviendas en la conocida zona sevillana de El Porvenir-Tiro de L\u00ednea.<\/p>\n<p>En este tipo de intervenci\u00f3n, adem\u00e1s de condicionantes funcionales y est\u00e9ticos, hay que prestar enorme atenci\u00f3n al control de emisi\u00f3n de humos y aislamiento ac\u00fastico para conseguir el menor impacto ambiental en el entorno donde se integra la actividad.<\/p>\n<p>La intenci\u00f3n de los propietarios era conseguir trasladar al cliente en el tiempo para disfrutar de los sabores, colores y ambiente de la Sevilla de finales del 29.\u00a0Tal como dicen en su p\u00e1gina web (<a title=\"fernandabardeabastos.es\" href=\"http:\/\/www.fernandabardeabastos.es\" target=\"_blank\" rel=\"noopener\">http:\/\/www.fernandabardeabastos.es<\/a>):<\/p>\n<p><em>\u00abNos encanta nuestra ciudad, su historia y su gente, as\u00ed que hemos puesto mucho mimo en cada rinc\u00f3n para que los hagas tuyos, te tomes un respiro, y compartas con nosotros un rato agradable en cualquier momento del d\u00eda. Queremos que tu paso por aqu\u00ed, tambi\u00e9n quede para el recuerdo&#8230;\u00bb<\/em><\/p>\n<p>Os recomendamos la visita.<\/p>\n<p>&nbsp;<\/p>\n<!-- Final Tiles Grid Gallery for WordPress v3.3.52 free --><style>#ftg-2929 .tile .icon { color:#ffffff; }#ftg-2929 .ftg-items .loading-bar i { background:#666; }#ftg-2929 .ftg-items .loading-bar { background:#fff; }#ftg-2929 .tile .icon { font-size:12px; }#ftg-2929 .tile .icon { margin: -6px 0 0 -6px; }#ftg-2929 .tile .caption-block .text-wrapper span.text { font-size:12px; }#ftg-2929 .tile .caption-block .text-wrapper span.title { font-size:14px; }#ftg-2929 .tile { background-color: transparent; }#ftg-2929 .tile .caption-block .text-wrapper span.text { color: #ffffff; }#ftg-2929 .tile .caption-block .text-wrapper span.title { color: #ffffff; }#ftg-2929 .tile .ftg-social a { color: #ffffff; }#ftg-2929 .tile .caption-block { transition-timing-function:ease; }#ftg-2929 .tile .caption-block { transition-duration:0.25s; }#ftg-2929 .tile .tile-inner:before { background-color: #000000; }#ftg-2929 .tile .tile-inner:before { background-color: rgba(0, 0, 0, 0.8); }#ftg-2929 .tile:hover img {-moz-transform: ;-webkit-transform: ;-o-transform: ;-ms-transform: ;transform: ;}<\/style><a name='29'><\/a><div class='final-tiles-gallery  ftg-hover-enabled  caption-none caption-middle caption-center' id='ftg-2929' style='width:100%'><div class='ftg-items'><div class='loading-bar'><i><\/i><\/div><div  class='tile ftg-preload  '><a title=\"vista interior\" data-lightbox='ftg-2929' rel='ftg-2929'  class=' tile-inner  ftg-lightbox' href='http:\/\/oyemeconlosojos.com\/oyemearquitectura\/blog\/wp-content\/uploads\/2019\/02\/FRND-1.jpg' ><img alt='' class='item' data-class='item' data-ftg-src='http:\/\/oyemeconlosojos.com\/oyemearquitectura\/blog\/wp-content\/uploads\/2019\/02\/FRND-1-300x300.jpg' src='http:\/\/oyemeconlosojos.com\/oyemearquitectura\/blog\/wp-content\/uploads\/2019\/02\/FRND-1-300x300.jpg' width='300' height='300' \/><div class='caption-block'><div class='text-wrapper'><span class='title'>vista interior<\/span><\/div><\/div><\/a><div class='ftg-social'><\/div><\/div><div  class='tile ftg-preload  '><a title=\"vista interior\" data-lightbox='ftg-2929' rel='ftg-2929'  class=' tile-inner  ftg-lightbox' href='http:\/\/oyemeconlosojos.com\/oyemearquitectura\/blog\/wp-content\/uploads\/2019\/02\/FRND-2.jpg' ><img alt='' class='item' data-class='item' data-ftg-src='http:\/\/oyemeconlosojos.com\/oyemearquitectura\/blog\/wp-content\/uploads\/2019\/02\/FRND-2-300x300.jpg' src='http:\/\/oyemeconlosojos.com\/oyemearquitectura\/blog\/wp-content\/uploads\/2019\/02\/FRND-2-300x300.jpg' width='300' height='300' \/><div class='caption-block'><div class='text-wrapper'><span class='title'>vista interior<\/span><\/div><\/div><\/a><div class='ftg-social'><\/div><\/div><div  class='tile ftg-preload  '><a title=\"vista interior\" data-lightbox='ftg-2929' rel='ftg-2929'  class=' tile-inner  ftg-lightbox' href='http:\/\/oyemeconlosojos.com\/oyemearquitectura\/blog\/wp-content\/uploads\/2019\/02\/FRND-3.jpg' ><img alt='' class='item' data-class='item' data-ftg-src='http:\/\/oyemeconlosojos.com\/oyemearquitectura\/blog\/wp-content\/uploads\/2019\/02\/FRND-3-300x300.jpg' src='http:\/\/oyemeconlosojos.com\/oyemearquitectura\/blog\/wp-content\/uploads\/2019\/02\/FRND-3-300x300.jpg' width='300' height='300' \/><div class='caption-block'><div class='text-wrapper'><span class='title'>vista interior<\/span><\/div><\/div><\/a><div class='ftg-social'><\/div><\/div><div  class='tile ftg-preload  '><a title=\"fachada principal\" data-lightbox='ftg-2929' rel='ftg-2929'  class=' tile-inner  ftg-lightbox' href='http:\/\/oyemeconlosojos.com\/oyemearquitectura\/blog\/wp-content\/uploads\/2019\/02\/FRND-4.jpg' ><img alt='' class='item' data-class='item' data-ftg-src='http:\/\/oyemeconlosojos.com\/oyemearquitectura\/blog\/wp-content\/uploads\/2019\/02\/FRND-4-300x300.jpg' src='http:\/\/oyemeconlosojos.com\/oyemearquitectura\/blog\/wp-content\/uploads\/2019\/02\/FRND-4-300x300.jpg' width='300' height='300' \/><div class='caption-block'><div class='text-wrapper'><span class='title'>fachada principal<\/span><\/div><\/div><\/a><div class='ftg-social'><\/div><\/div><div  class='tile ftg-preload  '><a title=\"revisi\u00f3n de acabados interiores\" data-lightbox='ftg-2929' rel='ftg-2929'  class=' tile-inner  ftg-lightbox' href='http:\/\/oyemeconlosojos.com\/oyemearquitectura\/blog\/wp-content\/uploads\/2019\/02\/FRND-8.jpg' ><img alt='' class='item' data-class='item' data-ftg-src='http:\/\/oyemeconlosojos.com\/oyemearquitectura\/blog\/wp-content\/uploads\/2019\/02\/FRND-8-300x300.jpg' src='http:\/\/oyemeconlosojos.com\/oyemearquitectura\/blog\/wp-content\/uploads\/2019\/02\/FRND-8-300x300.jpg' width='300' height='300' \/><div class='caption-block'><div class='text-wrapper'><span class='title'>revisi\u00f3n de acabados interiores<\/span><\/div><\/div><\/a><div class='ftg-social'><\/div><\/div><div  class='tile ftg-preload  '><a title=\"visita de obra\" data-lightbox='ftg-2929' rel='ftg-2929'  class=' tile-inner  ftg-lightbox' href='http:\/\/oyemeconlosojos.com\/oyemearquitectura\/blog\/wp-content\/uploads\/2019\/02\/FRND-7.jpg' ><img alt='' class='item' data-class='item' data-ftg-src='http:\/\/oyemeconlosojos.com\/oyemearquitectura\/blog\/wp-content\/uploads\/2019\/02\/FRND-7-300x300.jpg' src='http:\/\/oyemeconlosojos.com\/oyemearquitectura\/blog\/wp-content\/uploads\/2019\/02\/FRND-7-300x300.jpg' width='300' height='300' \/><div class='caption-block'><div class='text-wrapper'><span class='title'>visita de obra<\/span><\/div><\/div><\/a><div class='ftg-social'><\/div><\/div><div  class='tile ftg-preload  '><a title=\"visita de obra\" data-lightbox='ftg-2929' rel='ftg-2929'  class=' tile-inner  ftg-lightbox' href='http:\/\/oyemeconlosojos.com\/oyemearquitectura\/blog\/wp-content\/uploads\/2019\/02\/FRND-6.jpg' ><img alt='' class='item' data-class='item' data-ftg-src='http:\/\/oyemeconlosojos.com\/oyemearquitectura\/blog\/wp-content\/uploads\/2019\/02\/FRND-6-300x300.jpg' src='http:\/\/oyemeconlosojos.com\/oyemearquitectura\/blog\/wp-content\/uploads\/2019\/02\/FRND-6-300x300.jpg' width='300' height='300' \/><div class='caption-block'><div class='text-wrapper'><span class='title'>visita de obra<\/span><\/div><\/div><\/a><div class='ftg-social'><\/div><\/div><\/div><\/div><script type='text\/javascript'>jQuery('#ftg-2929 img.item').removeAttr('src');jQuery(document).ready(function () {setTimeout(function () {jQuery('#ftg-2929').finalTilesGallery({minTileWidth: 250,margin: 10,loadMethod: 'sequential',nonce: '70a7b08d0e',galleryId: '29',setupFilters: true,layout: 'columns',debug: false,gridSize: 25,disableGridSizeBelow: 800,allowEnlargement: true,columns: [[4000, 4],[1024, 4],[800, 3],[480, 3],[320, 2]],selectedFilter: 'n-a'});jQuery(function () {(function () {var rel = '';jQuery('#ftg-2929 .ftg-lightbox').click(function (e) {rel = jQuery(this).attr('rel');jQuery('#ftg-2929 .ftg-current').removeClass('ftg-current');jQuery('#ftg-2929 [rel=\"'+rel+'\"]').addClass('ftg-current');});})();});}, 0);});<\/script>\n","protected":false},"excerpt":{"rendered":"<p>&nbsp; Ubicaci\u00f3n: Sevilla Promotor: Privado A\u00f1o Proyecto: 2014 Presupuesto Ejecuci\u00f3n Material: 32.433,81 \u20ac A\u00f1o Construcci\u00f3n: 2014 Constructora: Autoconstrucci\u00f3n Fase: Terminada &nbsp; Colaboramos con unos emprendedores del sector de la hosteler\u00eda en la gesti\u00f3n, redacci\u00f3n y tramitaci\u00f3n de la Licencia de Apertura y Adecuaci\u00f3n de un local comercial ubicado en la planta baja de un edificio [&hellip;]<\/p>\n","protected":false},"author":1,"featured_media":0,"parent":860,"menu_order":407,"comment_status":"closed","ping_status":"closed","template":"","meta":[],"_links":{"self":[{"href":"http:\/\/oyemeconlosojos.com\/oyemearquitectura\/blog\/index.php?rest_route=\/wp\/v2\/pages\/703"}],"collection":[{"href":"http:\/\/oyemeconlosojos.com\/oyemearquitectura\/blog\/index.php?rest_route=\/wp\/v2\/pages"}],"about":[{"href":"http:\/\/oyemeconlosojos.com\/oyemearquitectura\/blog\/index.php?rest_route=\/wp\/v2\/types\/page"}],"author":[{"embeddable":true,"href":"http:\/\/oyemeconlosojos.com\/oyemearquitectura\/blog\/index.php?rest_route=\/wp\/v2\/users\/1"}],"replies":[{"embeddable":true,"href":"http:\/\/oyemeconlosojos.com\/oyemearquitectura\/blog\/index.php?rest_route=%2Fwp%2Fv2%2Fcomments&post=703"}],"version-history":[{"count":4,"href":"http:\/\/oyemeconlosojos.com\/oyemearquitectura\/blog\/index.php?rest_route=\/wp\/v2\/pages\/703\/revisions"}],"predecessor-version":[{"id":1182,"href":"http:\/\/oyemeconlosojos.com\/oyemearquitectura\/blog\/index.php?rest_route=\/wp\/v2\/pages\/703\/revisions\/1182"}],"up":[{"embeddable":true,"href":"http:\/\/oyemeconlosojos.com\/oyemearquitectura\/blog\/index.php?rest_route=\/wp\/v2\/pages\/860"}],"wp:attachment":[{"href":"http:\/\/oyemeconlosojos.com\/oyemearquitectura\/blog\/index.php?rest_route=%2Fwp%2Fv2%2Fmedia&parent=703"}],"curies":[{"name":"wp","href":"https:\/\/api.w.org\/{rel}","templated":true}]}}