{"id":693,"date":"2016-12-28T18:36:02","date_gmt":"2016-12-28T17:36:02","guid":{"rendered":"http:\/\/oyemeconlosojos.com\/oyemearquitectura\/blog\/?page_id=693"},"modified":"2019-02-19T17:40:41","modified_gmt":"2019-02-19T16:40:41","slug":"ise-hl","status":"publish","type":"page","link":"http:\/\/oyemeconlosojos.com\/oyemearquitectura\/blog\/?page_id=693","title":{"rendered":"Obra de Supresi\u00f3n de Barreras Arquitect\u00f3nicas en el I.S.E. Heli\u00f3polis. Sevilla"},"content":{"rendered":"<p><img loading=\"lazy\" class=\"alignright wp-image-1114 size-medium\" src=\"http:\/\/oyemeconlosojos.com\/oyemearquitectura\/blog\/wp-content\/uploads\/2019\/02\/3-300x300.jpg\" alt=\"\" width=\"300\" height=\"300\" srcset=\"http:\/\/oyemeconlosojos.com\/oyemearquitectura\/blog\/wp-content\/uploads\/2019\/02\/3-300x300.jpg 300w, http:\/\/oyemeconlosojos.com\/oyemearquitectura\/blog\/wp-content\/uploads\/2019\/02\/3-150x150.jpg 150w, http:\/\/oyemeconlosojos.com\/oyemearquitectura\/blog\/wp-content\/uploads\/2019\/02\/3-768x768.jpg 768w, http:\/\/oyemeconlosojos.com\/oyemearquitectura\/blog\/wp-content\/uploads\/2019\/02\/3-640x640.jpg 640w, http:\/\/oyemeconlosojos.com\/oyemearquitectura\/blog\/wp-content\/uploads\/2019\/02\/3.jpg 850w\" sizes=\"(max-width: 300px) 100vw, 300px\" \/><\/p>\n<p>&nbsp;<\/p>\n<p>Ubicaci\u00f3n: <strong>Sevilla<\/strong><\/p>\n<p>Promotor:\u00a0<strong>Infraestructuras y Servicios Educativos Andaluc\u00eda (Junta de Andaluc\u00eda)<\/strong><\/p>\n<p>A\u00f1o Proyecto: <strong>2013<\/strong><\/p>\n<p>Presupuesto Ejecuci\u00f3n Material: <strong>19.219,68 \u20ac<\/strong><\/p>\n<p>A\u00f1o Construcci\u00f3n: <strong>2014<\/strong><\/p>\n<p>Constructora: <strong>Cobra Instalaciones y Servicios<br \/>\n<\/strong><\/p>\n<p>Fase: <strong>Terminada<\/strong><\/p>\n<p>&nbsp;<\/p>\n<p>Ante la existencia de considerables barreras arquitect\u00f3nicas en este centro, el Ente P\u00fablico Andaluz de Infraestructuras y Servicios Educativos \u2013de la Consejer\u00eda de Educaci\u00f3n, Cultura y Deporte-, nos encarga que redactemos un proyecto en el que consigamos eliminarlas.<\/p>\n<p>Este centro, construido en el a\u00f1o 1974 -anterior a la primera normativa t\u00e9cnica de accesibilidad-, de una notable riqueza arquitect\u00f3nica, se caracteriza por los cuatro niveles que presenta. Esta configuraci\u00f3n enriquece mucho el espacio creando dobles alturas, comunicaciones a diferentes niveles y una sensaci\u00f3n de amplitud considerable pero, al mismo tiempo, provoca que aparezcan escaleras en diferentes puntos imposibilitando a alguien con movilidad reducida poder desplazarse libremente entre diferentes puntos del centro.<\/p>\n<p>Para lograr la correcta comunicaci\u00f3n que responda a la normativa de accesibilidad vigente, ante la imposibilidad de colocar un ascensor -por la tipolog\u00eda del edificio-, se opt\u00f3 por la colocaci\u00f3n de una plataforma salvaescaleras en una de las escaleras principales del edificio dotando as\u00ed de acceso a todas las plantas. Adem\u00e1s, se eliminan con rampas peque\u00f1os escalones ubicados en la entrada y se reforma una gran rampa exterior que se encontraba muy deteriorada.<\/p>\n<p>&nbsp;<\/p>\n<!-- Final Tiles Grid Gallery for WordPress v3.3.52 free --><style>#ftg-2020 .tile .icon { color:#ffffff; }#ftg-2020 .ftg-items .loading-bar i { background:#666; }#ftg-2020 .ftg-items .loading-bar { background:#fff; }#ftg-2020 .tile .icon { font-size:12px; }#ftg-2020 .tile .icon { margin: -6px 0 0 -6px; }#ftg-2020 .tile .caption-block .text-wrapper span.text { font-size:12px; }#ftg-2020 .tile .caption-block .text-wrapper span.title { font-size:14px; }#ftg-2020 .tile { background-color: transparent; }#ftg-2020 .tile .caption-block .text-wrapper span.text { color: #ffffff; }#ftg-2020 .tile .caption-block .text-wrapper span.title { color: #ffffff; }#ftg-2020 .tile .ftg-social a { color: #ffffff; }#ftg-2020 .tile .caption-block { transition-duration:0.25s; }#ftg-2020 .tile .tile-inner:before { background-color: #000000; }#ftg-2020 .tile .tile-inner:before { background-color: rgba(0, 0, 0, 0.8); }#ftg-2020 .tile:hover img {-moz-transform: ;-webkit-transform: ;-o-transform: ;-ms-transform: ;transform: ;}<\/style><a name='20'><\/a><div class='final-tiles-gallery  ftg-hover-enabled  caption-none caption-middle caption-center' id='ftg-2020' style='width:100%'><div class='ftg-items'><div class='loading-bar'><i><\/i><\/div><div  class='tile ftg-preload  '><a title=\"toma de datos inicial\" data-lightbox='ftg-2020' rel='ftg-2020'  class=' tile-inner  ftg-lightbox' href='http:\/\/oyemeconlosojos.com\/oyemearquitectura\/blog\/wp-content\/uploads\/2019\/02\/HLP-1.jpg' ><img alt='' class='item' data-class='item' data-ftg-src='http:\/\/oyemeconlosojos.com\/oyemearquitectura\/blog\/wp-content\/uploads\/2019\/02\/HLP-1-300x300.jpg' src='http:\/\/oyemeconlosojos.com\/oyemearquitectura\/blog\/wp-content\/uploads\/2019\/02\/HLP-1-300x300.jpg' width='300' height='300' \/><div class='caption-block'><div class='text-wrapper'><span class='title'>toma de datos inicial<\/span><\/div><\/div><\/a><div class='ftg-social'><\/div><\/div><div  class='tile ftg-preload  '><a title=\"comprobaci\u00f3n colocaci\u00f3n salvaescaleras\" data-lightbox='ftg-2020' rel='ftg-2020'  class=' tile-inner  ftg-lightbox' href='http:\/\/oyemeconlosojos.com\/oyemearquitectura\/blog\/wp-content\/uploads\/2019\/02\/HLP-2.jpg' ><img alt='' class='item' data-class='item' data-ftg-src='http:\/\/oyemeconlosojos.com\/oyemearquitectura\/blog\/wp-content\/uploads\/2019\/02\/HLP-2-300x300.jpg' src='http:\/\/oyemeconlosojos.com\/oyemearquitectura\/blog\/wp-content\/uploads\/2019\/02\/HLP-2-300x300.jpg' width='300' height='300' \/><div class='caption-block'><div class='text-wrapper'><span class='title'>comprobaci\u00f3n colocaci\u00f3n salvaescaleras<\/span><\/div><\/div><\/a><div class='ftg-social'><\/div><\/div><div  class='tile ftg-preload  '><a title=\"prueba de salvaescaleras con direcci\u00f3n del centro\" data-lightbox='ftg-2020' rel='ftg-2020'  class=' tile-inner  ftg-lightbox' href='http:\/\/oyemeconlosojos.com\/oyemearquitectura\/blog\/wp-content\/uploads\/2019\/02\/HLP-3.jpg' ><img alt='' class='item' data-class='item' data-ftg-src='http:\/\/oyemeconlosojos.com\/oyemearquitectura\/blog\/wp-content\/uploads\/2019\/02\/HLP-3-300x300.jpg' src='http:\/\/oyemeconlosojos.com\/oyemearquitectura\/blog\/wp-content\/uploads\/2019\/02\/HLP-3-300x300.jpg' width='300' height='300' \/><div class='caption-block'><div class='text-wrapper'><span class='title'>prueba de salvaescaleras con direcci\u00f3n del centro<\/span><\/div><\/div><\/a><div class='ftg-social'><\/div><\/div><div  class='tile ftg-preload  '><a title=\"vista general\" data-lightbox='ftg-2020' rel='ftg-2020'  class=' tile-inner  ftg-lightbox' href='http:\/\/oyemeconlosojos.com\/oyemearquitectura\/blog\/wp-content\/uploads\/2019\/02\/HLP-4.jpg' ><img alt='' class='item' data-class='item' data-ftg-src='http:\/\/oyemeconlosojos.com\/oyemearquitectura\/blog\/wp-content\/uploads\/2019\/02\/HLP-4-300x300.jpg' src='http:\/\/oyemeconlosojos.com\/oyemearquitectura\/blog\/wp-content\/uploads\/2019\/02\/HLP-4-300x300.jpg' width='300' height='300' \/><div class='caption-block'><div class='text-wrapper'><span class='title'>vista general<\/span><\/div><\/div><\/a><div class='ftg-social'><\/div><\/div><\/div><\/div><script type='text\/javascript'>jQuery('#ftg-2020 img.item').removeAttr('src');jQuery(document).ready(function () {setTimeout(function () {jQuery('#ftg-2020').finalTilesGallery({minTileWidth: 250,margin: 10,loadMethod: 'sequential',nonce: '70a7b08d0e',galleryId: '20',setupFilters: true,layout: 'columns',debug: false,gridSize: 25,disableGridSizeBelow: 800,allowEnlargement: true,columns: [[4000, 4],[1024, 4],[800, 3],[480, 3],[320, 2]],selectedFilter: 'n-a'});jQuery(function () {(function () {var rel = '';jQuery('#ftg-2020 .ftg-lightbox').click(function (e) {rel = jQuery(this).attr('rel');jQuery('#ftg-2020 .ftg-current').removeClass('ftg-current');jQuery('#ftg-2020 [rel=\"'+rel+'\"]').addClass('ftg-current');});})();});}, 0);});<\/script>\n","protected":false},"excerpt":{"rendered":"<p>&nbsp; Ubicaci\u00f3n: Sevilla Promotor:\u00a0Infraestructuras y Servicios Educativos Andaluc\u00eda (Junta de Andaluc\u00eda) A\u00f1o Proyecto: 2013 Presupuesto Ejecuci\u00f3n Material: 19.219,68 \u20ac A\u00f1o Construcci\u00f3n: 2014 Constructora: Cobra Instalaciones y Servicios Fase: Terminada &nbsp; Ante la existencia de considerables barreras arquitect\u00f3nicas en este centro, el Ente P\u00fablico Andaluz de Infraestructuras y Servicios Educativos \u2013de la Consejer\u00eda de Educaci\u00f3n, Cultura [&hellip;]<\/p>\n","protected":false},"author":1,"featured_media":0,"parent":328,"menu_order":264,"comment_status":"closed","ping_status":"closed","template":"","meta":[],"_links":{"self":[{"href":"http:\/\/oyemeconlosojos.com\/oyemearquitectura\/blog\/index.php?rest_route=\/wp\/v2\/pages\/693"}],"collection":[{"href":"http:\/\/oyemeconlosojos.com\/oyemearquitectura\/blog\/index.php?rest_route=\/wp\/v2\/pages"}],"about":[{"href":"http:\/\/oyemeconlosojos.com\/oyemearquitectura\/blog\/index.php?rest_route=\/wp\/v2\/types\/page"}],"author":[{"embeddable":true,"href":"http:\/\/oyemeconlosojos.com\/oyemearquitectura\/blog\/index.php?rest_route=\/wp\/v2\/users\/1"}],"replies":[{"embeddable":true,"href":"http:\/\/oyemeconlosojos.com\/oyemearquitectura\/blog\/index.php?rest_route=%2Fwp%2Fv2%2Fcomments&post=693"}],"version-history":[{"count":6,"href":"http:\/\/oyemeconlosojos.com\/oyemearquitectura\/blog\/index.php?rest_route=\/wp\/v2\/pages\/693\/revisions"}],"predecessor-version":[{"id":1116,"href":"http:\/\/oyemeconlosojos.com\/oyemearquitectura\/blog\/index.php?rest_route=\/wp\/v2\/pages\/693\/revisions\/1116"}],"up":[{"embeddable":true,"href":"http:\/\/oyemeconlosojos.com\/oyemearquitectura\/blog\/index.php?rest_route=\/wp\/v2\/pages\/328"}],"wp:attachment":[{"href":"http:\/\/oyemeconlosojos.com\/oyemearquitectura\/blog\/index.php?rest_route=%2Fwp%2Fv2%2Fmedia&parent=693"}],"curies":[{"name":"wp","href":"https:\/\/api.w.org\/{rel}","templated":true}]}}