{"id":336,"date":"2013-12-11T18:01:09","date_gmt":"2013-12-11T17:01:09","guid":{"rendered":"http:\/\/oyemeconlosojos.com\/oyemearquitectura\/blog\/?page_id=336"},"modified":"2020-04-11T12:28:40","modified_gmt":"2020-04-11T11:28:40","slug":"estudio-2","status":"publish","type":"page","link":"http:\/\/oyemeconlosojos.com\/oyemearquitectura\/blog\/?page_id=336","title":{"rendered":"Estudio"},"content":{"rendered":"<p>OyeMe arquitectura somos un estudio de arquitectos que desarrollamos nuestra actividad profesional en los campos de la edificaci\u00f3n, el urbanismo y el dise\u00f1o. Implic\u00e1ndonos en las exigencias de los clientes en la redacci\u00f3n de proyectos, asumiendo todas las gestiones para desarrollar el proceso constructivo y realizando un control exhaustivo presupuestario en obras.<\/p>\n<h4><strong>Antonio Ortiz Gonz\u00e1lez (1982) + Antonio Madue\u00f1o Mart\u00ednez (1982)<\/strong><br \/>\n<strong> Arquitectos ETSA Sevilla 2000-2005<\/strong><\/h4>\n<p>&nbsp;<\/p>\n<div style=\"max-width: 2000px; margin: 0 auto;\" class=\"ml-slider-3-11-1 metaslider metaslider-nivo metaslider-810 ml-slider\">\n    \n    <div id=\"metaslider_container_810\">\n        <div class='slider-wrapper theme-default'><div class='ribbon'><\/div><div id='metaslider_810' class='nivoSlider'><img src=\"http:\/\/oyemeconlosojos.com\/oyemearquitectura\/blog\/wp-content\/uploads\/2017\/01\/O___ancho.jpg\" height=\"522\" width=\"2000\" alt=\"\" class=\"slider-810 slide-821\" \/><img src=\"http:\/\/oyemeconlosojos.com\/oyemearquitectura\/blog\/wp-content\/uploads\/2017\/01\/M__ancho.jpg\" height=\"522\" width=\"2000\" alt=\"\" class=\"slider-810 slide-819\" \/><img src=\"http:\/\/oyemeconlosojos.com\/oyemearquitectura\/blog\/wp-content\/uploads\/2017\/01\/OyeMe-arquitectura-interior.jpg\" height=\"522\" width=\"2000\" alt=\"\" class=\"slider-810 slide-812\" \/><\/div><\/div>\n        \n    <\/div>\n<\/div>\n<h4><strong>En 2009 forman OyeMe Arquitectura<\/strong><\/h4>\n<p>Empezaba Antonio Burgos un art\u00edculo sobre otros Antonios arquitectos sevillanos (domingo 9 de mayo de 1999 en El Mundo) diciendo: \u201cLa dual Sevilla da famosos por colleras. Antes eran parejas de hermanos\u2026 Ahora ya no son hermanos\u201d. Pues aqu\u00ed los oyen, otra collera \u2013m\u00e1s que pareja- que lleva su forma de mirar por el haz y el env\u00e9s indistintamente hasta la \u00faltima expresi\u00f3n de su trabajo. A la vez tan vecinos de la reconocid\u00edsima escuela sevillana como hijos de la particular escuela nazarena, como lo fueran la collera de Antonia D\u00edaz y Jos\u00e9 Lafarque.<\/p>\n<p>Pensar O y eMe significa hablar de dos partes complementarias de un \u00fanico conjunto. Cada una con sus particularidades: C\u00e1diz y Huelva, Sevilla y Betis, Marruecos y Argentina, flamenco y rock, arena y asfalto \u2026, pero que siempre encajan: en Sevilla, en futbol sala, \u2026, en radio de tarde y noche, en caminos al Valme y en estar con los amigos.<\/p>\n<p>Pronunciar O y eMe supone aplicar creativamente sus recursos a la arquitectura: juegos de palabras \u2013tambi\u00e9n podr\u00eda ser AmAgo-, ante una vista tan cansada sinestesia pidiendo ser o\u00eddos con los ojos y sobre todo hip\u00e9rbole, mucha hip\u00e9rbole interpretativa.<\/p>\n<p>No se d\u00f3nde llegar\u00e1n, pero tampoco creo que importe, porque crear desde el sentimiento, en este caso el sentimiento vivo de la alegr\u00eda, es el primer paso para hacer arquitectura que se oiga.<\/p>\n<p style=\"text-align: right;\"><strong>Jos\u00e9 Miguel Tineo S\u00e1nchez<\/strong><br \/>\n<strong> Arquitecto<\/strong><br \/>\n<strong>Triana, enero de 2009<\/strong><\/p>\n<h4><strong>\u00bfQu\u00e9 experiencia tiene OyeMe arquitectura?<\/strong><\/h4>\n<p>Hasta hoy hemos hecho:<\/p>\n<ul>\n<li>Vivienda Nueva (Uni y Plurifamiliares)<\/li>\n<li>Dise\u00f1o de Edificios P\u00fablicos<\/li>\n<li>Edificios Insdustriales<\/li>\n<li>Direcciones de Obra<\/li>\n<li>Asesoramiento urban\u00edstico<\/li>\n<li>Proyectos de Actuaci\u00f3n<\/li>\n<li>Segregaci\u00f3n y Agregaci\u00f3n de Parcelas<\/li>\n<li>Ampliaciones<\/li>\n<li>Proyectos de Rehabilitaci\u00f3n<\/li>\n<li>Licencias de Apertura<\/li>\n<li>Informes periciales y Reconocimiento de Fincas<\/li>\n<li>Inspecci\u00f3n T\u00e9cnica de Edificios (ITE)<\/li>\n<li>Legalizaciones<\/li>\n<li>Licencias de Ocupaci\u00f3n<\/li>\n<li>Resuelto problemas con humedades, especialistas en Cubiertas<\/li>\n<li>Asesoramiento en Protecci\u00f3n contra Incendios<\/li>\n<li>Supervisi\u00f3n de Presupuestos<\/li>\n<li>Dise\u00f1o Gr\u00e1fico y Publicidad<\/li>\n<li>Gesti\u00f3n de Subvenciones<\/li>\n<li>Planes de autoprotecci\u00f3n<\/li>\n<li>Certificados<\/li>\n<\/ul>\n<h4><strong>\u00bfCu\u00e1les son las herramientas de OyeMe arquitectura?<\/strong><\/h4>\n<p>En OyeMe Arquitectura, adem\u00e1s de Arquitectos Superiores, completamos nuestra formaci\u00f3n de forma paralela al desarrollo profesional. Por ello contamos con:<\/p>\n<ul>\n<li>T\u00edtulos de <strong>Experto en Gesti\u00f3n Urban\u00edstica y Ordenaci\u00f3n del Territorio<\/strong>, obtenido tras la asistencia al curso de 900 horas presenciales impartido dentro del Programa de Competitividad Empresarial por la Confederaci\u00f3n de Empresarios de Andaluc\u00eda en colaboraci\u00f3n con la Consejer\u00eda de Empleo de la Junta de Andaluc\u00eda<\/li>\n<li>Curso de <strong>Limitaci\u00f3n de la Demanda y Certificaci\u00f3n Energ\u00e9tica<\/strong><\/li>\n<li>Cursos de <strong>C\u00e1lculos de Estructuras Arquitect\u00f3nicas Asistido por Ordenador<\/strong> organizado por la Universidad de Sevilla<\/li>\n<li>Curso de <strong>Prevenci\u00f3n de Riesgos Laborales<\/strong><\/li>\n<li>Curso de <strong>Estudio a Empresa<\/strong> organizado por la Asociaci\u00f3n de Arquitectos Superiores Empresarios de Sevilla<\/li>\n<li>Cursos de <strong>Consolidaci\u00f3n de Empresas de Dise\u00f1o<\/strong> organizado por la Escuela de Organizaci\u00f3n Industrial<\/li>\n<\/ul>\n<h4><strong>\u00bfPor qu\u00e9 trabajar con OyeMe arquitectura?<\/strong><\/h4>\n<p>Estamos convencidos de ser una herramienta eficaz para conseguir que cada encargo que nos llega, una vez materializado, mejore sin distanciarse de lo que se esperaba de \u00e9l cuando se imagin\u00f3, aportando en todo momento nuestra labor y proponiendo diferentes posibilidades para solucionar cada problema, para conseguir llegar a ese punto, vali\u00e9ndonos del compromiso, la eficacia, la confianza y la atenci\u00f3n personalizada, pilares fundamentales y nuestros principales valores a\u00f1adidos.<\/p>\n<p>&nbsp;<\/p>\n<p><strong>Si quieres, oyes.<\/strong><\/p>\n<div style=\"max-width: 550px; margin: 0 auto;\" class=\"ml-slider-3-11-1 metaslider metaslider-nivo metaslider-801 ml-slider\">\n    \n    <div id=\"metaslider_container_801\">\n        <div class='slider-wrapper theme-default'><div class='ribbon'><\/div><div id='metaslider_801' class='nivoSlider'><img src=\"http:\/\/oyemeconlosojos.com\/oyemearquitectura\/blog\/wp-content\/uploads\/2017\/01\/1517330_1438294273070478_1468598802_n-550x550.jpg\" height=\"550\" width=\"550\" alt=\"\" class=\"slider-801 slide-803\" \/><img src=\"http:\/\/oyemeconlosojos.com\/oyemearquitectura\/blog\/wp-content\/uploads\/2019\/02\/22071411_1290196927776521_9082518343864287232_n-550x550.jpg\" height=\"550\" width=\"550\" title=\"22071411_1290196927776521_9082518343864287232_n\" alt=\"\" class=\"slider-801 slide-1221\" \/><img src=\"http:\/\/oyemeconlosojos.com\/oyemearquitectura\/blog\/wp-content\/uploads\/2017\/01\/917504_1483500578532497_1567673869_n-550x550.jpg\" height=\"550\" width=\"550\" alt=\"\" class=\"slider-801 slide-802\" \/><img src=\"http:\/\/oyemeconlosojos.com\/oyemearquitectura\/blog\/wp-content\/uploads\/2019\/02\/17494760_270405793405893_9162821918628249600_n-550x550.jpg\" height=\"550\" width=\"550\" title=\"17494760_270405793405893_9162821918628249600_n\" alt=\"\" class=\"slider-801 slide-1220\" \/><img src=\"http:\/\/oyemeconlosojos.com\/oyemearquitectura\/blog\/wp-content\/uploads\/2019\/02\/IMG_20160420_140126-550x550.jpg\" height=\"550\" width=\"550\" title=\"IMG_20160420_140126\" alt=\"\" class=\"slider-801 slide-1223\" \/><img src=\"http:\/\/oyemeconlosojos.com\/oyemearquitectura\/blog\/wp-content\/uploads\/2017\/01\/10882005_667878046655241_775763284_n-550x550.jpg\" height=\"550\" width=\"550\" alt=\"\" class=\"slider-801 slide-805\" \/><img src=\"http:\/\/oyemeconlosojos.com\/oyemearquitectura\/blog\/wp-content\/uploads\/2019\/02\/23100949_124656244873807_4414788757480275968_n-550x550.jpg\" height=\"550\" width=\"550\" title=\"23100949_124656244873807_4414788757480275968_n\" alt=\"\" class=\"slider-801 slide-1222\" \/><\/div><\/div>\n        \n    <\/div>\n<\/div>\n","protected":false},"excerpt":{"rendered":"<p>OyeMe arquitectura somos un estudio de arquitectos que desarrollamos nuestra actividad profesional en los campos de la edificaci\u00f3n, el urbanismo y el dise\u00f1o. Implic\u00e1ndonos en las exigencias de los clientes en la redacci\u00f3n de proyectos, asumiendo todas las gestiones para desarrollar el proceso constructivo y realizando un control exhaustivo presupuestario en obras. Antonio Ortiz Gonz\u00e1lez [&hellip;]<\/p>\n","protected":false},"author":1,"featured_media":0,"parent":0,"menu_order":10,"comment_status":"closed","ping_status":"closed","template":"","meta":[],"_links":{"self":[{"href":"http:\/\/oyemeconlosojos.com\/oyemearquitectura\/blog\/index.php?rest_route=\/wp\/v2\/pages\/336"}],"collection":[{"href":"http:\/\/oyemeconlosojos.com\/oyemearquitectura\/blog\/index.php?rest_route=\/wp\/v2\/pages"}],"about":[{"href":"http:\/\/oyemeconlosojos.com\/oyemearquitectura\/blog\/index.php?rest_route=\/wp\/v2\/types\/page"}],"author":[{"embeddable":true,"href":"http:\/\/oyemeconlosojos.com\/oyemearquitectura\/blog\/index.php?rest_route=\/wp\/v2\/users\/1"}],"replies":[{"embeddable":true,"href":"http:\/\/oyemeconlosojos.com\/oyemearquitectura\/blog\/index.php?rest_route=%2Fwp%2Fv2%2Fcomments&post=336"}],"version-history":[{"count":13,"href":"http:\/\/oyemeconlosojos.com\/oyemearquitectura\/blog\/index.php?rest_route=\/wp\/v2\/pages\/336\/revisions"}],"predecessor-version":[{"id":1396,"href":"http:\/\/oyemeconlosojos.com\/oyemearquitectura\/blog\/index.php?rest_route=\/wp\/v2\/pages\/336\/revisions\/1396"}],"wp:attachment":[{"href":"http:\/\/oyemeconlosojos.com\/oyemearquitectura\/blog\/index.php?rest_route=%2Fwp%2Fv2%2Fmedia&parent=336"}],"curies":[{"name":"wp","href":"https:\/\/api.w.org\/{rel}","templated":true}]}}