{"id":303,"date":"2013-12-11T13:36:23","date_gmt":"2013-12-11T12:36:23","guid":{"rendered":"http:\/\/oyemeconlosojos.com\/oyemearquitectura\/blog\/?page_id=303"},"modified":"2019-02-20T10:54:15","modified_gmt":"2019-02-20T09:54:15","slug":"licencias-apertura","status":"publish","type":"page","link":"http:\/\/oyemeconlosojos.com\/oyemearquitectura\/blog\/?page_id=303","title":{"rendered":"Licencias Apertura"},"content":{"rendered":"<!-- Final Tiles Grid Gallery for WordPress v3.3.52 free --><style>#ftg-1919 .tile .icon { color:#ffffff; }#ftg-1919 .ftg-items .loading-bar i { background:#666; }#ftg-1919 .ftg-items .loading-bar { background:#fff; }#ftg-1919 .tile .icon { font-size:12px; }#ftg-1919 .tile .icon { margin: -6px 0 0 -6px; }#ftg-1919 .tile .caption-block .text-wrapper span.text { font-size:12px; }#ftg-1919 .tile .caption-block .text-wrapper span.title { font-size:14px; }#ftg-1919 .tile { background-color: transparent; }#ftg-1919 .tile .caption-block .text-wrapper span.text { color: #ffffff; }#ftg-1919 .tile .caption-block .text-wrapper span.title { color: #ffffff; }#ftg-1919 .tile .ftg-social a { color: #ffffff; }#ftg-1919 .tile .caption-block { transition-timing-function:ease; }#ftg-1919 .tile .caption-block { transition-duration:0.25s; }#ftg-1919 .tile .tile-inner:before { background-color: #000000; }#ftg-1919 .tile .tile-inner:before { background-color: rgba(0, 0, 0, 0.8); }#ftg-1919 .tile:hover img {-moz-transform: ;-webkit-transform: ;-o-transform: ;-ms-transform: ;transform: ;}<\/style><a name='19'><\/a><div class='final-tiles-gallery  ftg-hover-enabled  caption-none caption-middle caption-center' id='ftg-1919' style='width:100%'><div class='ftg-items'><div class='loading-bar'><i><\/i><\/div><div  class='tile ftg-preload  '><a title=\"Fernanda bar de abastos\"  rel='ftg-1919'  class=' tile-inner  ' href='http:\/\/oyemeconlosojos.com\/oyemearquitectura\/blog\/?page_id=703' ><img alt='' class='item' data-class='item' data-ftg-src='http:\/\/oyemeconlosojos.com\/oyemearquitectura\/blog\/wp-content\/uploads\/2019\/02\/FRND-8-300x300.jpg' src='http:\/\/oyemeconlosojos.com\/oyemearquitectura\/blog\/wp-content\/uploads\/2019\/02\/FRND-8-300x300.jpg' width='300' height='300' \/><div class='caption-block'><div class='text-wrapper'><span class='title'>Fernanda bar de abastos<\/span><\/div><\/div><\/a><div class='ftg-social'><\/div><\/div><div  class='tile ftg-preload  '><a title=\"Convino\"  rel='ftg-1919'  class=' tile-inner  ' href='http:\/\/oyemeconlosojos.com\/oyemearquitectura\/blog\/?page_id=634' ><img alt='' class='item' data-class='item' data-ftg-src='http:\/\/oyemeconlosojos.com\/oyemearquitectura\/blog\/wp-content\/uploads\/2019\/02\/CNVN-1-300x300.jpg' src='http:\/\/oyemeconlosojos.com\/oyemearquitectura\/blog\/wp-content\/uploads\/2019\/02\/CNVN-1-300x300.jpg' width='300' height='300' \/><div class='caption-block'><div class='text-wrapper'><span class='title'>Convino<\/span><\/div><\/div><\/a><div class='ftg-social'><\/div><\/div><div  class='tile ftg-preload  '><a title=\"Viajalia\"  rel='ftg-1919'  class=' tile-inner  ' href='http:\/\/oyemeconlosojos.com\/oyemearquitectura\/blog\/?page_id=1237' ><img alt='' class='item' data-class='item' data-ftg-src='http:\/\/oyemeconlosojos.com\/oyemearquitectura\/blog\/wp-content\/uploads\/2019\/02\/VJL-8-300x300.jpg' src='http:\/\/oyemeconlosojos.com\/oyemearquitectura\/blog\/wp-content\/uploads\/2019\/02\/VJL-8-300x300.jpg' width='300' height='300' \/><div class='caption-block'><div class='text-wrapper'><span class='title'>Viajalia<\/span><\/div><\/div><\/a><div class='ftg-social'><\/div><\/div><div  class='tile ftg-preload  '><a title=\"Moli tapas\"  rel='ftg-1919'  class=' tile-inner  ' href='http:\/\/oyemeconlosojos.com\/oyemearquitectura\/blog\/?page_id=1333' ><img alt='' class='item' data-class='item' data-ftg-src='http:\/\/oyemeconlosojos.com\/oyemearquitectura\/blog\/wp-content\/uploads\/2019\/03\/MLTP-3-300x300.jpg' src='http:\/\/oyemeconlosojos.com\/oyemearquitectura\/blog\/wp-content\/uploads\/2019\/03\/MLTP-3-300x300.jpg' width='300' height='300' \/><div class='caption-block'><div class='text-wrapper'><span class='title'>Moli tapas<\/span><\/div><\/div><\/a><div class='ftg-social'><\/div><\/div><div  class='tile ftg-preload  '><a title=\"cervecer\u00eda El May\"  rel='ftg-1919'  class=' tile-inner  ' href='http:\/\/oyemeconlosojos.com\/oyemearquitectura\/blog\/?page_id=1295' ><img alt='' class='item' data-class='item' data-ftg-src='http:\/\/oyemeconlosojos.com\/oyemearquitectura\/blog\/wp-content\/uploads\/2019\/03\/CVCRMY-7-300x300.jpg' src='http:\/\/oyemeconlosojos.com\/oyemearquitectura\/blog\/wp-content\/uploads\/2019\/03\/CVCRMY-7-300x300.jpg' width='300' height='300' \/><div class='caption-block'><div class='text-wrapper'><span class='title'>cervecer\u00eda El May<\/span><\/div><\/div><\/a><div class='ftg-social'><\/div><\/div><div  class='tile ftg-preload  '><a title=\"Mar\u00eda Palomo\"  rel='ftg-1919'  class=' tile-inner  ' href='http:\/\/oyemeconlosojos.com\/oyemearquitectura\/blog\/?page_id=260' ><img alt='' class='item' data-class='item' data-ftg-src='http:\/\/oyemeconlosojos.com\/oyemearquitectura\/blog\/wp-content\/uploads\/2019\/02\/MARIA-1-300x300.jpg' src='http:\/\/oyemeconlosojos.com\/oyemearquitectura\/blog\/wp-content\/uploads\/2019\/02\/MARIA-1-300x300.jpg' width='300' height='300' \/><div class='caption-block'><div class='text-wrapper'><span class='title'>Mar\u00eda Palomo<\/span><\/div><\/div><\/a><div class='ftg-social'><\/div><\/div><div  class='tile ftg-preload  '><a title=\"Asprodesordos\"  rel='ftg-1919'  class=' tile-inner  ' href='http:\/\/oyemeconlosojos.com\/oyemearquitectura\/blog\/?page_id=248' ><img alt='' class='item' data-class='item' data-ftg-src='http:\/\/oyemeconlosojos.com\/oyemearquitectura\/blog\/wp-content\/uploads\/2019\/02\/SPRDSRD-1-300x300.jpg' src='http:\/\/oyemeconlosojos.com\/oyemearquitectura\/blog\/wp-content\/uploads\/2019\/02\/SPRDSRD-1-300x300.jpg' width='300' height='300' \/><div class='caption-block'><div class='text-wrapper'><span class='title'>Asprodesordos<\/span><\/div><\/div><\/a><div class='ftg-social'><\/div><\/div><\/div><\/div><script type='text\/javascript'>jQuery('#ftg-1919 img.item').removeAttr('src');jQuery(document).ready(function () {setTimeout(function () {jQuery('#ftg-1919').finalTilesGallery({minTileWidth: 250,margin: 10,loadMethod: 'sequential',nonce: '70a7b08d0e',galleryId: '19',setupFilters: true,layout: 'columns',debug: false,gridSize: 25,disableGridSizeBelow: 800,allowEnlargement: true,columns: [[4000, 4],[1024, 3],[800, 2],[480, 2],[320, 2]],selectedFilter: 'n-a'});jQuery(function () {(function () {var rel = '';jQuery('#ftg-1919 .ftg-lightbox').click(function (e) {rel = jQuery(this).attr('rel');jQuery('#ftg-1919 .ftg-current').removeClass('ftg-current');jQuery('#ftg-1919 [rel=\"'+rel+'\"]').addClass('ftg-current');});})();});}, 0);});<\/script>\n<p>&nbsp;<\/p>\n<p>Haciendo click en cada imagen se puede elegir entre algunas de las licencias de apertura que hemos realizado hasta el momento<\/p>\n<p>Son numerosos los comercios que a d\u00eda de hoy abren sus puertas con mucha ilus\u00f3n depositada en la nueva actividad a desarrollar. Para la obtenci\u00f3n de las licencias de apertura, en los casos donde el local no precise ninguna obra de adecuaci\u00f3n, es necesario presentar un certificado, emitido por un t\u00e9cnico competente, certificando que el local re\u00fane los requisitos necesarios para albergar la nueva actividad.<\/p>\n<p>En el caso de la adecuaci\u00f3n de locales comerciales -cuando el local precise de una obra para realizar la nueva actividad-, ser\u00e1 necesaria la redacci\u00f3n del Proyecto de Adecuaci\u00f3n para la obtenci\u00f3n de la correspondiente licencia de obras y, una vez ejecutadas, las obras de adecuaci\u00f3n se tramitan los oportunos certificados de final de obras y de instalaciones para la obtenci\u00f3n de las licencias de ocupaci\u00f3n y de apertura.<\/p>\n<p>OyeMe arquitectura posee una gran experiencia en la redacci\u00f3n de Proyectos de Adecuaci\u00f3n y Documentaci\u00f3n para Licencias de Apertura, al ser ambos,\u00a0encargos frecuentes desde su existencia.<\/p>\n<p>Adem\u00e1s de llevar a cabo la redacci\u00f3n de la documentaci\u00f3n t\u00e9cnica, tambi\u00e9n prestamos nuestros servicios para llevar a cabo la tramitaci\u00f3n de toda la documentaci\u00f3n frente a las administraciones oportunas y asesoramiento en el dise\u00f1o de los locales para que resulten atra.<\/p>\n","protected":false},"excerpt":{"rendered":"<p>&nbsp; Haciendo click en cada imagen se puede elegir entre algunas de las licencias de apertura que hemos realizado hasta el momento Son numerosos los comercios que a d\u00eda de hoy abren sus puertas con mucha ilus\u00f3n depositada en la nueva actividad a desarrollar. Para la obtenci\u00f3n de las licencias de apertura, en los casos [&hellip;]<\/p>\n","protected":false},"author":1,"featured_media":0,"parent":0,"menu_order":400,"comment_status":"closed","ping_status":"closed","template":"","meta":[],"_links":{"self":[{"href":"http:\/\/oyemeconlosojos.com\/oyemearquitectura\/blog\/index.php?rest_route=\/wp\/v2\/pages\/303"}],"collection":[{"href":"http:\/\/oyemeconlosojos.com\/oyemearquitectura\/blog\/index.php?rest_route=\/wp\/v2\/pages"}],"about":[{"href":"http:\/\/oyemeconlosojos.com\/oyemearquitectura\/blog\/index.php?rest_route=\/wp\/v2\/types\/page"}],"author":[{"embeddable":true,"href":"http:\/\/oyemeconlosojos.com\/oyemearquitectura\/blog\/index.php?rest_route=\/wp\/v2\/users\/1"}],"replies":[{"embeddable":true,"href":"http:\/\/oyemeconlosojos.com\/oyemearquitectura\/blog\/index.php?rest_route=%2Fwp%2Fv2%2Fcomments&post=303"}],"version-history":[{"count":9,"href":"http:\/\/oyemeconlosojos.com\/oyemearquitectura\/blog\/index.php?rest_route=\/wp\/v2\/pages\/303\/revisions"}],"predecessor-version":[{"id":1183,"href":"http:\/\/oyemeconlosojos.com\/oyemearquitectura\/blog\/index.php?rest_route=\/wp\/v2\/pages\/303\/revisions\/1183"}],"wp:attachment":[{"href":"http:\/\/oyemeconlosojos.com\/oyemearquitectura\/blog\/index.php?rest_route=%2Fwp%2Fv2%2Fmedia&parent=303"}],"curies":[{"name":"wp","href":"https:\/\/api.w.org\/{rel}","templated":true}]}}