{"id":263,"date":"2011-12-10T18:54:23","date_gmt":"2011-12-10T17:54:23","guid":{"rendered":"http:\/\/oyemeconlosojos.com\/oyemearquitectura\/blog\/?p=263"},"modified":"2017-01-16T12:28:39","modified_gmt":"2017-01-16T11:28:39","slug":"licencia-de-apertura-para-local-destinado-a-locutorio-y-venta-de-golosinas","status":"publish","type":"page","link":"http:\/\/oyemeconlosojos.com\/oyemearquitectura\/blog\/?page_id=263","title":{"rendered":"RC 3"},"content":{"rendered":"<h4><strong>Licencia de Apertura para Local destinado a Locutorio y venta de golosinas<\/strong><\/h4>\n<h4><strong>Dos Hermanas (Sevilla). 2011<\/strong><\/h4>\n<p><a href=\"http:\/\/oyemeconlosojos.com\/oyemearquitectura\/blog\/wp-content\/uploads\/2013\/12\/locutorio.gif\"><img loading=\"lazy\" class=\"aligncenter size-full wp-image-264\" alt=\"locutorio\" src=\"http:\/\/oyemeconlosojos.com\/oyemearquitectura\/blog\/wp-content\/uploads\/2013\/12\/locutorio.gif\" width=\"246\" height=\"500\" \/><\/a><\/p>\n<p>En ciertas ocasiones hay que olvidarse del beneficio econ\u00f3mico que puedan proporcionarnos ciertos encargos y asumir el compromiso social, siendo sensibles a las situaciones en las que se encuentran algunas veces los clientes de determinadas actividades.<\/p>\n<p>En OyeMe nos hemos visto inmersos en estos casos y consideramos que nuestra labor dentro de la sociedad puede ir un poco m\u00e1s all\u00e1 de la que normalmente prestamos.<\/p>\n<p>Recibimos la visita de unos promotores con muchas ganas y luchadores, de nacionalidad extranjera, que, como muchos otros, tienen que emigrar de su pa\u00eds para buscarse un futuro en el nuestro.<\/p>\n<p>Para ello, deciden aprovechar las instalaciones que acababan de abandonar un negocio que regentaba una franquicia, para crear un espacio que pueda dar servicio a otras personas que se encuentren lejos de su gente y necesiten mantener la comunicaci\u00f3n con ellos de la forma m\u00e1s c\u00f3moda posible.<\/p>\n<p>El local ocupa unos 50 m\u00b2, se ubica en planta baja de un peque\u00f1o edificio de viviendas. En este caso, adem\u00e1s de comprobar las distintas normativas que suelen afectar a este tipo de uso, tuvimos que prestar especial atenci\u00f3n a que existiese una buena instalaci\u00f3n que permitiese el acceso de varias instalaciones telef\u00f3nicas, tanto de voz como de internet.<\/p>\n","protected":false},"excerpt":{"rendered":"<p>Licencia de Apertura para Local destinado a Locutorio y venta de golosinas Dos Hermanas (Sevilla). 2011 En ciertas ocasiones hay que olvidarse del beneficio econ\u00f3mico que puedan proporcionarnos ciertos encargos y asumir el compromiso social, siendo sensibles a las situaciones en las que se encuentran algunas veces los clientes de determinadas actividades. En OyeMe nos [&hellip;]<\/p>\n","protected":false},"author":1,"featured_media":264,"parent":862,"menu_order":428,"comment_status":"closed","ping_status":"closed","template":"","meta":[],"_links":{"self":[{"href":"http:\/\/oyemeconlosojos.com\/oyemearquitectura\/blog\/index.php?rest_route=\/wp\/v2\/pages\/263"}],"collection":[{"href":"http:\/\/oyemeconlosojos.com\/oyemearquitectura\/blog\/index.php?rest_route=\/wp\/v2\/pages"}],"about":[{"href":"http:\/\/oyemeconlosojos.com\/oyemearquitectura\/blog\/index.php?rest_route=\/wp\/v2\/types\/page"}],"author":[{"embeddable":true,"href":"http:\/\/oyemeconlosojos.com\/oyemearquitectura\/blog\/index.php?rest_route=\/wp\/v2\/users\/1"}],"replies":[{"embeddable":true,"href":"http:\/\/oyemeconlosojos.com\/oyemearquitectura\/blog\/index.php?rest_route=%2Fwp%2Fv2%2Fcomments&post=263"}],"version-history":[{"count":4,"href":"http:\/\/oyemeconlosojos.com\/oyemearquitectura\/blog\/index.php?rest_route=\/wp\/v2\/pages\/263\/revisions"}],"predecessor-version":[{"id":928,"href":"http:\/\/oyemeconlosojos.com\/oyemearquitectura\/blog\/index.php?rest_route=\/wp\/v2\/pages\/263\/revisions\/928"}],"up":[{"embeddable":true,"href":"http:\/\/oyemeconlosojos.com\/oyemearquitectura\/blog\/index.php?rest_route=\/wp\/v2\/pages\/862"}],"wp:featuredmedia":[{"embeddable":true,"href":"http:\/\/oyemeconlosojos.com\/oyemearquitectura\/blog\/index.php?rest_route=\/wp\/v2\/media\/264"}],"wp:attachment":[{"href":"http:\/\/oyemeconlosojos.com\/oyemearquitectura\/blog\/index.php?rest_route=%2Fwp%2Fv2%2Fmedia&parent=263"}],"curies":[{"name":"wp","href":"https:\/\/api.w.org\/{rel}","templated":true}]}}