{"id":248,"date":"2010-12-10T18:17:53","date_gmt":"2010-12-10T17:17:53","guid":{"rendered":"http:\/\/oyemeconlosojos.com\/oyemearquitectura\/blog\/?p=248"},"modified":"2019-02-20T12:53:56","modified_gmt":"2019-02-20T11:53:56","slug":"centro-de-dia-de-atencion-al-menor-con-discapacidad-auditiva-asprodesordos","status":"publish","type":"page","link":"http:\/\/oyemeconlosojos.com\/oyemearquitectura\/blog\/?page_id=248","title":{"rendered":"Asprodesordos"},"content":{"rendered":"<p><img loading=\"lazy\" class=\"alignright wp-image-1202 size-medium\" src=\"http:\/\/oyemeconlosojos.com\/oyemearquitectura\/blog\/wp-content\/uploads\/2019\/02\/SPRDSRD-300x300.jpg\" alt=\"\" width=\"300\" height=\"300\" srcset=\"http:\/\/oyemeconlosojos.com\/oyemearquitectura\/blog\/wp-content\/uploads\/2019\/02\/SPRDSRD-300x300.jpg 300w, http:\/\/oyemeconlosojos.com\/oyemearquitectura\/blog\/wp-content\/uploads\/2019\/02\/SPRDSRD-150x150.jpg 150w, http:\/\/oyemeconlosojos.com\/oyemearquitectura\/blog\/wp-content\/uploads\/2019\/02\/SPRDSRD-768x768.jpg 768w, http:\/\/oyemeconlosojos.com\/oyemearquitectura\/blog\/wp-content\/uploads\/2019\/02\/SPRDSRD-640x640.jpg 640w, http:\/\/oyemeconlosojos.com\/oyemearquitectura\/blog\/wp-content\/uploads\/2019\/02\/SPRDSRD.jpg 850w\" sizes=\"(max-width: 300px) 100vw, 300px\" \/><\/p>\n<p>&nbsp;<\/p>\n<p>Ubicaci\u00f3n: <strong>Huelva<\/strong><\/p>\n<p>Promotor: <strong>Asociaci\u00f3n sin \u00e1nimo de lucro<\/strong><\/p>\n<p>A\u00f1o Licencia: <strong>2010<\/strong><\/p>\n<p>Fase: <strong>Concedida<\/strong><\/p>\n<h4><\/h4>\n<p>&nbsp;<\/p>\n<p>&nbsp;<\/p>\n<p>&nbsp;<\/p>\n<p>\u201cAsprodesordos \u2013 Huelva\u201d es una asociaci\u00f3n sin \u00e1nimo de lucro de padres y amigos de los ni\u00f1os sordos de Huelva.<\/p>\n<p>El encargo que nos realiz\u00f3 la citada asociaci\u00f3n fue el de redactar la documentaci\u00f3n t\u00e9cnica para la regularizaci\u00f3n de las instalaciones existentes y la concesi\u00f3n de los distintos permisos y licencias para desarrollar las actividades llevadas a cabo en el centro.<\/p>\n<p>Al tratarse de una actividad que se desarrollaba en un edificio residencial, concretamente en el espacio albergado anteriormente por dos viviendas, nos encontramos con peque\u00f1os inconvenientes a nivel de cumplimiento de normativa que fueron solventados por la asociaci\u00f3n.<\/p>\n<p>Finalmente, las instalaciones disfrutan de todos los permisos necesarios para desarrollar las actividades llevadas a cabo por la asociaci\u00f3n \u201cAsprodesordos \u2013 Huelva\u201d.<\/p>\n<p>Os invitamos a visitar su web\u00a0<a href=\"http:\/\/www.asprodesordos.org\/\">www.asprodesordoshuelva.org<\/a><\/p>\n","protected":false},"excerpt":{"rendered":"<p>&nbsp; Ubicaci\u00f3n: Huelva Promotor: Asociaci\u00f3n sin \u00e1nimo de lucro A\u00f1o Licencia: 2010 Fase: Concedida &nbsp; &nbsp; &nbsp; \u201cAsprodesordos \u2013 Huelva\u201d es una asociaci\u00f3n sin \u00e1nimo de lucro de padres y amigos de los ni\u00f1os sordos de Huelva. El encargo que nos realiz\u00f3 la citada asociaci\u00f3n fue el de redactar la documentaci\u00f3n t\u00e9cnica para la regularizaci\u00f3n [&hellip;]<\/p>\n","protected":false},"author":1,"featured_media":249,"parent":861,"menu_order":442,"comment_status":"closed","ping_status":"closed","template":"","meta":[],"_links":{"self":[{"href":"http:\/\/oyemeconlosojos.com\/oyemearquitectura\/blog\/index.php?rest_route=\/wp\/v2\/pages\/248"}],"collection":[{"href":"http:\/\/oyemeconlosojos.com\/oyemearquitectura\/blog\/index.php?rest_route=\/wp\/v2\/pages"}],"about":[{"href":"http:\/\/oyemeconlosojos.com\/oyemearquitectura\/blog\/index.php?rest_route=\/wp\/v2\/types\/page"}],"author":[{"embeddable":true,"href":"http:\/\/oyemeconlosojos.com\/oyemearquitectura\/blog\/index.php?rest_route=\/wp\/v2\/users\/1"}],"replies":[{"embeddable":true,"href":"http:\/\/oyemeconlosojos.com\/oyemearquitectura\/blog\/index.php?rest_route=%2Fwp%2Fv2%2Fcomments&post=248"}],"version-history":[{"count":10,"href":"http:\/\/oyemeconlosojos.com\/oyemearquitectura\/blog\/index.php?rest_route=\/wp\/v2\/pages\/248\/revisions"}],"predecessor-version":[{"id":1205,"href":"http:\/\/oyemeconlosojos.com\/oyemearquitectura\/blog\/index.php?rest_route=\/wp\/v2\/pages\/248\/revisions\/1205"}],"up":[{"embeddable":true,"href":"http:\/\/oyemeconlosojos.com\/oyemearquitectura\/blog\/index.php?rest_route=\/wp\/v2\/pages\/861"}],"wp:featuredmedia":[{"embeddable":true,"href":"http:\/\/oyemeconlosojos.com\/oyemearquitectura\/blog\/index.php?rest_route=\/wp\/v2\/media\/249"}],"wp:attachment":[{"href":"http:\/\/oyemeconlosojos.com\/oyemearquitectura\/blog\/index.php?rest_route=%2Fwp%2Fv2%2Fmedia&parent=248"}],"curies":[{"name":"wp","href":"https:\/\/api.w.org\/{rel}","templated":true}]}}