{"id":195,"date":"2007-12-10T15:09:08","date_gmt":"2007-12-10T14:09:08","guid":{"rendered":"http:\/\/oyemeconlosojos.com\/oyemearquitectura\/blog\/?p=195"},"modified":"2019-02-19T19:14:53","modified_gmt":"2019-02-19T18:14:53","slug":"propuesta-para-19-viviendas-en-el-antiguo-cine-rocio","status":"publish","type":"page","link":"http:\/\/oyemeconlosojos.com\/oyemearquitectura\/blog\/?page_id=195","title":{"rendered":"Propuesta de Viviendas en Cine Roc\u00edo"},"content":{"rendered":"<p><img loading=\"lazy\" class=\"alignright wp-image-1143 size-medium\" src=\"http:\/\/oyemeconlosojos.com\/oyemearquitectura\/blog\/wp-content\/uploads\/2019\/02\/tgfbgf-300x300.jpg\" alt=\"\" width=\"300\" height=\"300\" srcset=\"http:\/\/oyemeconlosojos.com\/oyemearquitectura\/blog\/wp-content\/uploads\/2019\/02\/tgfbgf-300x300.jpg 300w, http:\/\/oyemeconlosojos.com\/oyemearquitectura\/blog\/wp-content\/uploads\/2019\/02\/tgfbgf-150x150.jpg 150w, http:\/\/oyemeconlosojos.com\/oyemearquitectura\/blog\/wp-content\/uploads\/2019\/02\/tgfbgf-768x768.jpg 768w, http:\/\/oyemeconlosojos.com\/oyemearquitectura\/blog\/wp-content\/uploads\/2019\/02\/tgfbgf-640x640.jpg 640w, http:\/\/oyemeconlosojos.com\/oyemearquitectura\/blog\/wp-content\/uploads\/2019\/02\/tgfbgf.jpg 850w\" sizes=\"(max-width: 300px) 100vw, 300px\" \/><\/p>\n<p>&nbsp;<\/p>\n<p>Ubicaci\u00f3n: <strong>Dos Hermanas (Sevilla)<\/strong><\/p>\n<p>Promotor: <strong>&#8211;<\/strong><\/p>\n<p>A\u00f1o Proyecto: <strong>2007<\/strong><\/p>\n<p>Presupuesto Ejecuci\u00f3n Material: <strong>&#8211;<\/strong><\/p>\n<p>A\u00f1o Construcci\u00f3n: <strong>&#8211;<\/strong><\/p>\n<p>Constructora: <strong>&#8211;<\/strong><\/p>\n<p>Fase: <strong>Propuesta<\/strong><\/p>\n<p>&nbsp;<\/p>\n<p>El solar sobre el que se asienta el proyecto actualmente est\u00e1 ocupado por un antiguo cine de la localidad que con el paso del tiempo ha embarcado en un estado ruinoso.<\/p>\n<p>Desde el plan, a pesar de ser un lugar que anteriormente albergaba un uso terciario, de disfrute para la poblaci\u00f3n, se opt\u00f3 por calificarlo con un uso residencial.<\/p>\n<p>Por su enclave cuenta con un valor a\u00f1adido ya que da fachada hacia la Plaza de la Mina, plaza de tr\u00e1nsito y gran importancia dentro del entramado urbano de la ciudad y hacia la calle Santiago Ap\u00f3stol, calle que alberga una de las fachadas laterales de la Plaza de Abastos por donde posee una de sus entradas principales.<\/p>\n<p>Como consecuencia de la situaci\u00f3n del solar la propuesta en planta baja quiere remarcar mucho el eje de comunicaci\u00f3n entre La Plaza La Mina y La Plaza de Abastos, de tal modo que los accesos a la edificaci\u00f3n se sit\u00faan en dicho eje. Se puede decir que estamos ante un eje principal de comunicaci\u00f3n dentro de la ordenaci\u00f3n.<\/p>\n<p>En cuanto a aspectos tipol\u00f3gicos se opta por la organizaci\u00f3n de las viviendas alrededor de un patio de manzana central, donde prima sobre todo el contacto del m\u00e1ximo n\u00famero de viviendas con el espacio urbano. Todas las viviendas cuentan con una distribuci\u00f3n similar en la que siempre se ha tenido en cuenta aspectos esenciales para la habitabilidad como la correcta ventilaci\u00f3n e iluminaci\u00f3n de los espacios.<\/p>\n<p>&nbsp;<\/p>\n<!-- Final Tiles Grid Gallery for WordPress v3.3.52 free --><style>#ftg-2323 .tile .icon { color:#ffffff; }#ftg-2323 .ftg-items .loading-bar i { background:#666; }#ftg-2323 .ftg-items .loading-bar { background:#fff; }#ftg-2323 .tile .icon { font-size:12px; }#ftg-2323 .tile .icon { margin: -6px 0 0 -6px; }#ftg-2323 .tile .caption-block .text-wrapper span.text { font-size:12px; }#ftg-2323 .tile .caption-block .text-wrapper span.title { font-size:14px; }#ftg-2323 .tile { background-color: transparent; }#ftg-2323 .tile .caption-block .text-wrapper span.text { color: #ffffff; }#ftg-2323 .tile .caption-block .text-wrapper span.title { color: #ffffff; }#ftg-2323 .tile .ftg-social a { color: #ffffff; }#ftg-2323 .tile .caption-block { transition-timing-function:ease; }#ftg-2323 .tile .caption-block { transition-duration:0.25s; }#ftg-2323 .tile .tile-inner:before { background-color: #000000; }#ftg-2323 .tile .tile-inner:before { background-color: rgba(0, 0, 0, 0.8); }#ftg-2323 .tile:hover img {-moz-transform: ;-webkit-transform: ;-o-transform: ;-ms-transform: ;transform: ;}<\/style><a name='23'><\/a><div class='final-tiles-gallery  ftg-hover-enabled  caption-none caption-middle caption-center' id='ftg-2323' style='width:100%'><div class='ftg-items'><div class='loading-bar'><i><\/i><\/div><div  class='tile ftg-preload  '><a title=\"propuesta y estado actual\" data-lightbox='ftg-2323' rel='ftg-2323'  class=' tile-inner  ftg-lightbox' href='http:\/\/oyemeconlosojos.com\/oyemearquitectura\/blog\/wp-content\/uploads\/2019\/02\/vivienda-1.jpg' ><img alt='' class='item' data-class='item' data-ftg-src='http:\/\/oyemeconlosojos.com\/oyemearquitectura\/blog\/wp-content\/uploads\/2019\/02\/vivienda-1-300x300.jpg' src='http:\/\/oyemeconlosojos.com\/oyemearquitectura\/blog\/wp-content\/uploads\/2019\/02\/vivienda-1-300x300.jpg' width='300' height='300' \/><div class='caption-block'><div class='text-wrapper'><span class='title'>propuesta y estado actual<\/span><\/div><\/div><\/a><div class='ftg-social'><\/div><\/div><div  class='tile ftg-preload  '><a title=\"propuesta y estado actual\" data-lightbox='ftg-2323' rel='ftg-2323'  class=' tile-inner  ftg-lightbox' href='http:\/\/oyemeconlosojos.com\/oyemearquitectura\/blog\/wp-content\/uploads\/2019\/02\/vivienda-2.jpg' ><img alt='' class='item' data-class='item' data-ftg-src='http:\/\/oyemeconlosojos.com\/oyemearquitectura\/blog\/wp-content\/uploads\/2019\/02\/vivienda-2-300x300.jpg' src='http:\/\/oyemeconlosojos.com\/oyemearquitectura\/blog\/wp-content\/uploads\/2019\/02\/vivienda-2-300x300.jpg' width='300' height='300' \/><div class='caption-block'><div class='text-wrapper'><span class='title'>propuesta y estado actual<\/span><\/div><\/div><\/a><div class='ftg-social'><\/div><\/div><div  class='tile ftg-preload  '><a title=\"vista interior\" data-lightbox='ftg-2323' rel='ftg-2323'  class=' tile-inner  ftg-lightbox' href='http:\/\/oyemeconlosojos.com\/oyemearquitectura\/blog\/wp-content\/uploads\/2019\/02\/VCR-1.jpg' ><img alt='' class='item' data-class='item' data-ftg-src='http:\/\/oyemeconlosojos.com\/oyemearquitectura\/blog\/wp-content\/uploads\/2019\/02\/VCR-1-300x300.jpg' src='http:\/\/oyemeconlosojos.com\/oyemearquitectura\/blog\/wp-content\/uploads\/2019\/02\/VCR-1-300x300.jpg' width='300' height='300' \/><div class='caption-block'><div class='text-wrapper'><span class='title'>vista interior<\/span><\/div><\/div><\/a><div class='ftg-social'><\/div><\/div><div  class='tile ftg-preload  '><a title=\"vista exterior\" data-lightbox='ftg-2323' rel='ftg-2323'  class=' tile-inner  ftg-lightbox' href='http:\/\/oyemeconlosojos.com\/oyemearquitectura\/blog\/wp-content\/uploads\/2019\/02\/VCR-2.jpg' ><img alt='' class='item' data-class='item' data-ftg-src='http:\/\/oyemeconlosojos.com\/oyemearquitectura\/blog\/wp-content\/uploads\/2019\/02\/VCR-2-150x150.jpg' src='http:\/\/oyemeconlosojos.com\/oyemearquitectura\/blog\/wp-content\/uploads\/2019\/02\/VCR-2-150x150.jpg' width='150' height='150' \/><div class='caption-block'><div class='text-wrapper'><span class='title'>vista exterior<\/span><\/div><\/div><\/a><div class='ftg-social'><\/div><\/div><div  class='tile ftg-preload  '><a title=\"vista interior\" data-lightbox='ftg-2323' rel='ftg-2323'  class=' tile-inner  ftg-lightbox' href='http:\/\/oyemeconlosojos.com\/oyemearquitectura\/blog\/wp-content\/uploads\/2019\/02\/VCR-3.jpg' ><img alt='' class='item' data-class='item' data-ftg-src='http:\/\/oyemeconlosojos.com\/oyemearquitectura\/blog\/wp-content\/uploads\/2019\/02\/VCR-3-300x300.jpg' src='http:\/\/oyemeconlosojos.com\/oyemearquitectura\/blog\/wp-content\/uploads\/2019\/02\/VCR-3-300x300.jpg' width='300' height='300' \/><div class='caption-block'><div class='text-wrapper'><span class='title'>vista interior<\/span><\/div><\/div><\/a><div class='ftg-social'><\/div><\/div><div  class='tile ftg-preload  '><a title=\"vista interior\" data-lightbox='ftg-2323' rel='ftg-2323'  class=' tile-inner  ftg-lightbox' href='http:\/\/oyemeconlosojos.com\/oyemearquitectura\/blog\/wp-content\/uploads\/2019\/02\/VCR-4.jpg' ><img alt='' class='item' data-class='item' data-ftg-src='http:\/\/oyemeconlosojos.com\/oyemearquitectura\/blog\/wp-content\/uploads\/2019\/02\/VCR-4-300x300.jpg' src='http:\/\/oyemeconlosojos.com\/oyemearquitectura\/blog\/wp-content\/uploads\/2019\/02\/VCR-4-300x300.jpg' width='300' height='300' \/><div class='caption-block'><div class='text-wrapper'><span class='title'>vista interior<\/span><\/div><\/div><\/a><div class='ftg-social'><\/div><\/div><\/div><\/div><script type='text\/javascript'>jQuery('#ftg-2323 img.item').removeAttr('src');jQuery(document).ready(function () {setTimeout(function () {jQuery('#ftg-2323').finalTilesGallery({minTileWidth: 250,margin: 10,loadMethod: 'sequential',nonce: '70a7b08d0e',galleryId: '23',setupFilters: true,layout: 'columns',debug: false,gridSize: 25,disableGridSizeBelow: 800,allowEnlargement: true,columns: [[4000, 4],[1024, 4],[800, 3],[480, 3],[320, 2]],selectedFilter: 'n-a'});jQuery(function () {(function () {var rel = '';jQuery('#ftg-2323 .ftg-lightbox').click(function (e) {rel = jQuery(this).attr('rel');jQuery('#ftg-2323 .ftg-current').removeClass('ftg-current');jQuery('#ftg-2323 [rel=\"'+rel+'\"]').addClass('ftg-current');});})();});}, 0);});<\/script>\n","protected":false},"excerpt":{"rendered":"<p>&nbsp; Ubicaci\u00f3n: Dos Hermanas (Sevilla) Promotor: &#8211; A\u00f1o Proyecto: 2007 Presupuesto Ejecuci\u00f3n Material: &#8211; A\u00f1o Construcci\u00f3n: &#8211; Constructora: &#8211; Fase: Propuesta &nbsp; El solar sobre el que se asienta el proyecto actualmente est\u00e1 ocupado por un antiguo cine de la localidad que con el paso del tiempo ha embarcado en un estado ruinoso. Desde el [&hellip;]<\/p>\n","protected":false},"author":1,"featured_media":197,"parent":326,"menu_order":281,"comment_status":"closed","ping_status":"closed","template":"","meta":[],"_links":{"self":[{"href":"http:\/\/oyemeconlosojos.com\/oyemearquitectura\/blog\/index.php?rest_route=\/wp\/v2\/pages\/195"}],"collection":[{"href":"http:\/\/oyemeconlosojos.com\/oyemearquitectura\/blog\/index.php?rest_route=\/wp\/v2\/pages"}],"about":[{"href":"http:\/\/oyemeconlosojos.com\/oyemearquitectura\/blog\/index.php?rest_route=\/wp\/v2\/types\/page"}],"author":[{"embeddable":true,"href":"http:\/\/oyemeconlosojos.com\/oyemearquitectura\/blog\/index.php?rest_route=\/wp\/v2\/users\/1"}],"replies":[{"embeddable":true,"href":"http:\/\/oyemeconlosojos.com\/oyemearquitectura\/blog\/index.php?rest_route=%2Fwp%2Fv2%2Fcomments&post=195"}],"version-history":[{"count":8,"href":"http:\/\/oyemeconlosojos.com\/oyemearquitectura\/blog\/index.php?rest_route=\/wp\/v2\/pages\/195\/revisions"}],"predecessor-version":[{"id":1145,"href":"http:\/\/oyemeconlosojos.com\/oyemearquitectura\/blog\/index.php?rest_route=\/wp\/v2\/pages\/195\/revisions\/1145"}],"up":[{"embeddable":true,"href":"http:\/\/oyemeconlosojos.com\/oyemearquitectura\/blog\/index.php?rest_route=\/wp\/v2\/pages\/326"}],"wp:featuredmedia":[{"embeddable":true,"href":"http:\/\/oyemeconlosojos.com\/oyemearquitectura\/blog\/index.php?rest_route=\/wp\/v2\/media\/197"}],"wp:attachment":[{"href":"http:\/\/oyemeconlosojos.com\/oyemearquitectura\/blog\/index.php?rest_route=%2Fwp%2Fv2%2Fmedia&parent=195"}],"curies":[{"name":"wp","href":"https:\/\/api.w.org\/{rel}","templated":true}]}}