{"id":1333,"date":"2019-03-24T20:23:52","date_gmt":"2019-03-24T19:23:52","guid":{"rendered":"http:\/\/oyemeconlosojos.com\/oyemearquitectura\/blog\/?page_id=1333"},"modified":"2019-03-24T20:54:15","modified_gmt":"2019-03-24T19:54:15","slug":"moli-tapas","status":"publish","type":"page","link":"http:\/\/oyemeconlosojos.com\/oyemearquitectura\/blog\/?page_id=1333","title":{"rendered":"Moli Tapas"},"content":{"rendered":"<p><img loading=\"lazy\" class=\"alignright wp-image-1335 size-medium\" src=\"http:\/\/oyemeconlosojos.com\/oyemearquitectura\/blog\/wp-content\/uploads\/2019\/03\/MLTP-3-300x300.jpg\" alt=\"\" width=\"300\" height=\"300\" srcset=\"http:\/\/oyemeconlosojos.com\/oyemearquitectura\/blog\/wp-content\/uploads\/2019\/03\/MLTP-3-300x300.jpg 300w, http:\/\/oyemeconlosojos.com\/oyemearquitectura\/blog\/wp-content\/uploads\/2019\/03\/MLTP-3-150x150.jpg 150w, http:\/\/oyemeconlosojos.com\/oyemearquitectura\/blog\/wp-content\/uploads\/2019\/03\/MLTP-3-768x768.jpg 768w, http:\/\/oyemeconlosojos.com\/oyemearquitectura\/blog\/wp-content\/uploads\/2019\/03\/MLTP-3-640x640.jpg 640w, http:\/\/oyemeconlosojos.com\/oyemearquitectura\/blog\/wp-content\/uploads\/2019\/03\/MLTP-3.jpg 850w\" sizes=\"(max-width: 300px) 100vw, 300px\" \/><\/p>\n<p>&nbsp;<\/p>\n<p>Ubicaci\u00f3n: <strong>Dos Hermanas (Sevilla)<\/strong><\/p>\n<p>Promotor: <strong>Privado<\/strong><\/p>\n<p>A\u00f1o Proyecto: <strong>2016<\/strong><\/p>\n<p>Presupuesto Ejecuci\u00f3n Material: <strong>10.435,77 \u20ac<\/strong><\/p>\n<p>A\u00f1o Construcci\u00f3n: <strong>2016<\/strong><\/p>\n<p>Constructora: <strong>Autoconstrucci\u00f3n<br \/>\n<\/strong><\/p>\n<p>Fase: <strong>Terminada<\/strong><\/p>\n<p>&nbsp;<\/p>\n<p>Moli es un local hist\u00f3rico de Dos Hermanas que lleva toda la vida prestando un serivicio con gran eficiencia. Despu\u00e9s de tantos a\u00f1os trabajando en la misma ubicaci\u00f3n, el local necesitaba una reforma y una ampliaci\u00f3n que inclu\u00eda la ejecuci\u00f3n de una nueva cocina -manteniendo la existente- en un local anexo que anteriormente serv\u00eda de almac\u00e9n para poder dar servicio a una clientela que no para de crecer. Adem\u00e1s, el negocio se ampli\u00f3 en un local situado a pocos metros del inicial y esta cocina tambi\u00e9n le dar\u00eda servicio.<\/p>\n<p>Nuestra tarea consisti\u00f3 en la gesti\u00f3n documental de la intervenci\u00f3n, plantear el organigrama de ejecuci\u00f3n, redacci\u00f3n del proyecto b\u00e1sico y de ejecuci\u00f3n garantizando que fuera adecuado con respecto a la normativa actual, control de la ejecuci\u00f3n de la insonorizaci\u00f3n, supervisi\u00f3n y dise\u00f1o de las ventilaciones exteriores, protecci\u00f3n contra incendios y direcci\u00f3n de obra.<\/p>\n<p>Hubo que realizar un trabajo de coordinaci\u00f3n porque, en la mayor\u00eda de la intervenci\u00f3n, el local inicial se mantuvo en funcionamiento y en la ejecuci\u00f3n de la nueva cocina conflu\u00edan muchos elementos de diferente \u00edndole a tener en cuenta: Nuevo equipamiento espec\u00edfico para la cocina -nuevos hornos y una campana de grandes dimensiones-, aislamiento ac\u00fastico, ventilaci\u00f3n y un sistema de evacuaci\u00f3n de aguas que abarcaba todo el local para facilitar la limpieza.<\/p>\n<p>Una vez terminado, realizamos la actualizaci\u00f3n de la licencia de apertura para que todo quedara listo.<\/p>\n<p>&nbsp;<\/p>\n<!-- Final Tiles Grid Gallery for WordPress v3.3.52 free --><style>#ftg-4040 .tile .icon { color:#ffffff; }#ftg-4040 .ftg-items .loading-bar i { background:#666; }#ftg-4040 .ftg-items .loading-bar { background:#fff; }#ftg-4040 .tile .icon { font-size:12px; }#ftg-4040 .tile .icon { margin: -6px 0 0 -6px; }#ftg-4040 .tile .caption-block .text-wrapper span.text { font-size:12px; }#ftg-4040 .tile .caption-block .text-wrapper span.title { font-size:14px; }#ftg-4040 .tile { background-color: transparent; }#ftg-4040 .tile .caption-block .text-wrapper span.text { color: #ffffff; }#ftg-4040 .tile .caption-block .text-wrapper span.title { color: #ffffff; }#ftg-4040 .tile .ftg-social a { color: #ffffff; }#ftg-4040 .tile .caption-block { transition-duration:0.25s; }#ftg-4040 .tile .tile-inner:before { background-color: #000000; }#ftg-4040 .tile .tile-inner:before { background-color: rgba(0, 0, 0, 0.8); }#ftg-4040 .tile:hover img {-moz-transform: ;-webkit-transform: ;-o-transform: ;-ms-transform: ;transform: ;}<\/style><a name='40'><\/a><div class='final-tiles-gallery  ftg-hover-enabled  caption-none caption-middle caption-center' id='ftg-4040' style='width:100%'><div class='ftg-items'><div class='loading-bar'><i><\/i><\/div><div  class='tile ftg-preload  '><a title=\"supervisi\u00f3n de aislamiento ac\u00fastico de local\" data-lightbox='ftg-4040' rel='ftg-4040'  class=' tile-inner  ftg-lightbox' href='http:\/\/oyemeconlosojos.com\/oyemearquitectura\/blog\/wp-content\/uploads\/2019\/03\/MLTP-1.jpg' ><img alt='' class='item' data-class='item' data-ftg-src='http:\/\/oyemeconlosojos.com\/oyemearquitectura\/blog\/wp-content\/uploads\/2019\/03\/MLTP-1-300x300.jpg' src='http:\/\/oyemeconlosojos.com\/oyemearquitectura\/blog\/wp-content\/uploads\/2019\/03\/MLTP-1-300x300.jpg' width='300' height='300' \/><div class='caption-block'><div class='text-wrapper'><span class='title'>supervisi\u00f3n de aislamiento ac\u00fastico de local<\/span><\/div><\/div><\/a><div class='ftg-social'><\/div><\/div><div  class='tile ftg-preload  '><a title=\"\u00faltima fase de ejecuci\u00f3n\" data-lightbox='ftg-4040' rel='ftg-4040'  class=' tile-inner  ftg-lightbox' href='http:\/\/oyemeconlosojos.com\/oyemearquitectura\/blog\/wp-content\/uploads\/2019\/03\/MLTP-4.jpg' ><img alt='' class='item' data-class='item' data-ftg-src='http:\/\/oyemeconlosojos.com\/oyemearquitectura\/blog\/wp-content\/uploads\/2019\/03\/MLTP-4-300x300.jpg' src='http:\/\/oyemeconlosojos.com\/oyemearquitectura\/blog\/wp-content\/uploads\/2019\/03\/MLTP-4-300x300.jpg' width='300' height='300' \/><div class='caption-block'><div class='text-wrapper'><span class='title'>\u00faltima fase de ejecuci\u00f3n<\/span><\/div><\/div><\/a><div class='ftg-social'><\/div><\/div><div  class='tile ftg-preload  '><a title=\"ejecuci\u00f3n de obra\" data-lightbox='ftg-4040' rel='ftg-4040'  class=' tile-inner  ftg-lightbox' href='http:\/\/oyemeconlosojos.com\/oyemearquitectura\/blog\/wp-content\/uploads\/2019\/03\/MLTP-2.jpg' ><img alt='' class='item' data-class='item' data-ftg-src='http:\/\/oyemeconlosojos.com\/oyemearquitectura\/blog\/wp-content\/uploads\/2019\/03\/MLTP-2-300x300.jpg' src='http:\/\/oyemeconlosojos.com\/oyemearquitectura\/blog\/wp-content\/uploads\/2019\/03\/MLTP-2-300x300.jpg' width='300' height='300' \/><div class='caption-block'><div class='text-wrapper'><span class='title'>ejecuci\u00f3n de obra<\/span><\/div><\/div><\/a><div class='ftg-social'><\/div><\/div><div  class='tile ftg-preload  '><a title=\"fachada de uno de los locales\" data-lightbox='ftg-4040' rel='ftg-4040'  class=' tile-inner  ftg-lightbox' href='http:\/\/oyemeconlosojos.com\/oyemearquitectura\/blog\/wp-content\/uploads\/2019\/03\/MLTP-5.jpg' ><img alt='' class='item' data-class='item' data-ftg-src='http:\/\/oyemeconlosojos.com\/oyemearquitectura\/blog\/wp-content\/uploads\/2019\/03\/MLTP-5-300x300.jpg' src='http:\/\/oyemeconlosojos.com\/oyemearquitectura\/blog\/wp-content\/uploads\/2019\/03\/MLTP-5-300x300.jpg' width='300' height='300' \/><div class='caption-block'><div class='text-wrapper'><span class='title'>fachada de uno de los locales<\/span><\/div><\/div><\/a><div class='ftg-social'><\/div><\/div><\/div><\/div><script type='text\/javascript'>jQuery('#ftg-4040 img.item').removeAttr('src');jQuery(document).ready(function () {setTimeout(function () {jQuery('#ftg-4040').finalTilesGallery({minTileWidth: 250,margin: 10,loadMethod: 'sequential',nonce: '70a7b08d0e',galleryId: '40',setupFilters: true,layout: 'columns',debug: false,gridSize: 25,disableGridSizeBelow: 800,allowEnlargement: true,columns: [[4000, 4],[1024, 4],[800, 3],[480, 3],[320, 2]],selectedFilter: 'n-a'});jQuery(function () {(function () {var rel = '';jQuery('#ftg-4040 .ftg-lightbox').click(function (e) {rel = jQuery(this).attr('rel');jQuery('#ftg-4040 .ftg-current').removeClass('ftg-current');jQuery('#ftg-4040 [rel=\"'+rel+'\"]').addClass('ftg-current');});})();});}, 0);});<\/script>\n","protected":false},"excerpt":{"rendered":"<p>&nbsp; Ubicaci\u00f3n: Dos Hermanas (Sevilla) Promotor: Privado A\u00f1o Proyecto: 2016 Presupuesto Ejecuci\u00f3n Material: 10.435,77 \u20ac A\u00f1o Construcci\u00f3n: 2016 Constructora: Autoconstrucci\u00f3n Fase: Terminada &nbsp; Moli es un local hist\u00f3rico de Dos Hermanas que lleva toda la vida prestando un serivicio con gran eficiencia. Despu\u00e9s de tantos a\u00f1os trabajando en la misma ubicaci\u00f3n, el local necesitaba una [&hellip;]<\/p>\n","protected":false},"author":1,"featured_media":0,"parent":326,"menu_order":427,"comment_status":"closed","ping_status":"closed","template":"","meta":[],"_links":{"self":[{"href":"http:\/\/oyemeconlosojos.com\/oyemearquitectura\/blog\/index.php?rest_route=\/wp\/v2\/pages\/1333"}],"collection":[{"href":"http:\/\/oyemeconlosojos.com\/oyemearquitectura\/blog\/index.php?rest_route=\/wp\/v2\/pages"}],"about":[{"href":"http:\/\/oyemeconlosojos.com\/oyemearquitectura\/blog\/index.php?rest_route=\/wp\/v2\/types\/page"}],"author":[{"embeddable":true,"href":"http:\/\/oyemeconlosojos.com\/oyemearquitectura\/blog\/index.php?rest_route=\/wp\/v2\/users\/1"}],"replies":[{"embeddable":true,"href":"http:\/\/oyemeconlosojos.com\/oyemearquitectura\/blog\/index.php?rest_route=%2Fwp%2Fv2%2Fcomments&post=1333"}],"version-history":[{"count":4,"href":"http:\/\/oyemeconlosojos.com\/oyemearquitectura\/blog\/index.php?rest_route=\/wp\/v2\/pages\/1333\/revisions"}],"predecessor-version":[{"id":1344,"href":"http:\/\/oyemeconlosojos.com\/oyemearquitectura\/blog\/index.php?rest_route=\/wp\/v2\/pages\/1333\/revisions\/1344"}],"up":[{"embeddable":true,"href":"http:\/\/oyemeconlosojos.com\/oyemearquitectura\/blog\/index.php?rest_route=\/wp\/v2\/pages\/326"}],"wp:attachment":[{"href":"http:\/\/oyemeconlosojos.com\/oyemearquitectura\/blog\/index.php?rest_route=%2Fwp%2Fv2%2Fmedia&parent=1333"}],"curies":[{"name":"wp","href":"https:\/\/api.w.org\/{rel}","templated":true}]}}