{"id":1320,"date":"2019-03-13T13:08:46","date_gmt":"2019-03-13T12:08:46","guid":{"rendered":"http:\/\/oyemeconlosojos.com\/oyemearquitectura\/blog\/?page_id=1320"},"modified":"2019-03-13T14:04:55","modified_gmt":"2019-03-13T13:04:55","slug":"ampliacion-con-refuerzo","status":"publish","type":"page","link":"http:\/\/oyemeconlosojos.com\/oyemearquitectura\/blog\/?page_id=1320","title":{"rendered":"Ampliaci\u00f3n con Refuerzo"},"content":{"rendered":"<p><img loading=\"lazy\" class=\"alignright wp-image-1325 size-medium\" src=\"http:\/\/oyemeconlosojos.com\/oyemearquitectura\/blog\/wp-content\/uploads\/2019\/03\/AMPLCRFRZ-5-300x300.jpg\" alt=\"\" width=\"300\" height=\"300\" srcset=\"http:\/\/oyemeconlosojos.com\/oyemearquitectura\/blog\/wp-content\/uploads\/2019\/03\/AMPLCRFRZ-5-300x300.jpg 300w, http:\/\/oyemeconlosojos.com\/oyemearquitectura\/blog\/wp-content\/uploads\/2019\/03\/AMPLCRFRZ-5-150x150.jpg 150w, http:\/\/oyemeconlosojos.com\/oyemearquitectura\/blog\/wp-content\/uploads\/2019\/03\/AMPLCRFRZ-5-768x768.jpg 768w, http:\/\/oyemeconlosojos.com\/oyemearquitectura\/blog\/wp-content\/uploads\/2019\/03\/AMPLCRFRZ-5-640x640.jpg 640w, http:\/\/oyemeconlosojos.com\/oyemearquitectura\/blog\/wp-content\/uploads\/2019\/03\/AMPLCRFRZ-5.jpg 850w\" sizes=\"(max-width: 300px) 100vw, 300px\" \/><\/p>\n<p>&nbsp;<\/p>\n<p>Ubicaci\u00f3n: <strong>Dos Hermanas (Sevilla)<\/strong><\/p>\n<p>Promotor: <strong>Privado<\/strong><\/p>\n<p>A\u00f1o Proyecto: <strong>2016<\/strong><\/p>\n<p>Presupuesto Ejecuci\u00f3n Material: <strong>73.543,68 \u20ac<\/strong><\/p>\n<p>A\u00f1o Construcci\u00f3n: <strong>2017<\/strong><\/p>\n<p>Constructora: <strong>GDE Arquitectos T\u00e9cnicos<br \/>\n<\/strong><\/p>\n<p>Fase: <strong>Terminada<\/strong><\/p>\n<p>&nbsp;<\/p>\n<p>Realizar la ampliaci\u00f3n de esta vivienda no era una tarea sencilla. Nos encontramos con una edificaci\u00f3n de una sola planta levantada sobre una estructura y una cimentaci\u00f3n que presentaba muchas irregularidades y un dimensionado deficiente. Por tanto, la primera tarea fue intentar encontrar una distribuci\u00f3n que resolviera los requerimientos de sus due\u00f1os consiguiendo reducir al m\u00e1ximo el presupuesto. Para ello intentamos aprovechar todo lo que pudimos de la demolici\u00f3n, reutilizando materiales y elementos, como puertas o soler\u00edas.<\/p>\n<p>Una vez llegado a ese punto, realizamos un rec\u00e1lculo completo de la estructura dise\u00f1ando los refuerzos que habr\u00eda que realizar en la estructura met\u00e1lica y la cimentaci\u00f3n y se realiz\u00f3 un proceso de selecci\u00f3n entre diferentes constructoras especializadas en este tipo de intervenci\u00f3n, m\u00e1s complejas que una construcci\u00f3n de nueva planta normal. Durante la ejecuci\u00f3n de la obra estuvimos haciendo un seguimiento exhaustivo para controlar que lo dimensionado se realizaba correctamente y para comprobar que determinados puntos cr\u00edticos y complejos quedaban resueltos.<\/p>\n<p>Con la intervenci\u00f3n se consigui\u00f3 reunificar usos que estaban dispersados por el solar, dotar de mucha luz a los nuevos espacios y dar amplitud a otros que lo necesitaban, como el sal\u00f3n.<\/p>\n<p>Pr\u00e1cticamente una vivienda nueva teniendo como elementos para trabajar: aprovechamiento m\u00e1ximo de una construcci\u00f3n en estado cr\u00edtico y manejo del m\u00ednimo presupuesto posible.<\/p>\n<p>&nbsp;<\/p>\n<!-- Final Tiles Grid Gallery for WordPress v3.3.52 free --><style>#ftg-3939 .tile .icon { color:#ffffff; }#ftg-3939 .ftg-items .loading-bar i { background:#666; }#ftg-3939 .ftg-items .loading-bar { background:#fff; }#ftg-3939 .tile .icon { font-size:12px; }#ftg-3939 .tile .icon { margin: -6px 0 0 -6px; }#ftg-3939 .tile .caption-block .text-wrapper span.text { font-size:12px; }#ftg-3939 .tile .caption-block .text-wrapper span.title { font-size:14px; }#ftg-3939 .tile { background-color: transparent; }#ftg-3939 .tile .caption-block .text-wrapper span.text { color: #ffffff; }#ftg-3939 .tile .caption-block .text-wrapper span.title { color: #ffffff; }#ftg-3939 .tile .ftg-social a { color: #ffffff; }#ftg-3939 .tile .caption-block { transition-duration:0.25s; }#ftg-3939 .tile .tile-inner:before { background-color: #000000; }#ftg-3939 .tile .tile-inner:before { background-color: rgba(0, 0, 0, 0.8); }#ftg-3939 .tile:hover img {-moz-transform: ;-webkit-transform: ;-o-transform: ;-ms-transform: ;transform: ;}<\/style><a name='39'><\/a><div class='final-tiles-gallery  ftg-hover-enabled  caption-none caption-middle caption-center' id='ftg-3939' style='width:100%'><div class='ftg-items'><div class='loading-bar'><i><\/i><\/div><div  class='tile ftg-preload  '><a title=\"vista estado final\" data-lightbox='ftg-3939' rel='ftg-3939'  class=' tile-inner  ftg-lightbox' href='http:\/\/oyemeconlosojos.com\/oyemearquitectura\/blog\/wp-content\/uploads\/2019\/03\/AMPLCRFRZ-6.jpg' ><img alt='' class='item' data-class='item' data-ftg-src='http:\/\/oyemeconlosojos.com\/oyemearquitectura\/blog\/wp-content\/uploads\/2019\/03\/AMPLCRFRZ-6-300x300.jpg' src='http:\/\/oyemeconlosojos.com\/oyemearquitectura\/blog\/wp-content\/uploads\/2019\/03\/AMPLCRFRZ-6-300x300.jpg' width='300' height='300' \/><div class='caption-block'><div class='text-wrapper'><span class='title'>vista estado final<\/span><\/div><\/div><\/a><div class='ftg-social'><\/div><\/div><div  class='tile ftg-preload  '><a title=\"an\u00e1lisis de estado inicial de pilares\" data-lightbox='ftg-3939' rel='ftg-3939'  class=' tile-inner  ftg-lightbox' href='http:\/\/oyemeconlosojos.com\/oyemearquitectura\/blog\/wp-content\/uploads\/2019\/03\/AMPLCRFRZ-1.jpg' ><img alt='' class='item' data-class='item' data-ftg-src='http:\/\/oyemeconlosojos.com\/oyemearquitectura\/blog\/wp-content\/uploads\/2019\/03\/AMPLCRFRZ-1-300x300.jpg' src='http:\/\/oyemeconlosojos.com\/oyemearquitectura\/blog\/wp-content\/uploads\/2019\/03\/AMPLCRFRZ-1-300x300.jpg' width='300' height='300' \/><div class='caption-block'><div class='text-wrapper'><span class='title'>an\u00e1lisis de estado inicial de pilares<\/span><\/div><\/div><\/a><div class='ftg-social'><\/div><\/div><div  class='tile ftg-preload  '><a title=\"refuerzo en pilares\" data-lightbox='ftg-3939' rel='ftg-3939'  class=' tile-inner  ftg-lightbox' href='http:\/\/oyemeconlosojos.com\/oyemearquitectura\/blog\/wp-content\/uploads\/2019\/03\/AMPLCRFRZ-2.jpg' ><img alt='' class='item' data-class='item' data-ftg-src='http:\/\/oyemeconlosojos.com\/oyemearquitectura\/blog\/wp-content\/uploads\/2019\/03\/AMPLCRFRZ-2-300x300.jpg' src='http:\/\/oyemeconlosojos.com\/oyemearquitectura\/blog\/wp-content\/uploads\/2019\/03\/AMPLCRFRZ-2-300x300.jpg' width='300' height='300' \/><div class='caption-block'><div class='text-wrapper'><span class='title'>refuerzo en pilares<\/span><\/div><\/div><\/a><div class='ftg-social'><\/div><\/div><div  class='tile ftg-preload  '><a title=\"visita de obra para revisar estructura\" data-lightbox='ftg-3939' rel='ftg-3939'  class=' tile-inner  ftg-lightbox' href='http:\/\/oyemeconlosojos.com\/oyemearquitectura\/blog\/wp-content\/uploads\/2019\/03\/AMPLCRFRZ-3.jpg' ><img alt='' class='item' data-class='item' data-ftg-src='http:\/\/oyemeconlosojos.com\/oyemearquitectura\/blog\/wp-content\/uploads\/2019\/03\/AMPLCRFRZ-3-300x300.jpg' src='http:\/\/oyemeconlosojos.com\/oyemearquitectura\/blog\/wp-content\/uploads\/2019\/03\/AMPLCRFRZ-3-300x300.jpg' width='300' height='300' \/><div class='caption-block'><div class='text-wrapper'><span class='title'>visita de obra para revisar estructura<\/span><\/div><\/div><\/a><div class='ftg-social'><\/div><\/div><div  class='tile ftg-preload  '><a title=\"visita de obrapara controlar acabados\" data-lightbox='ftg-3939' rel='ftg-3939'  class=' tile-inner  ftg-lightbox' href='http:\/\/oyemeconlosojos.com\/oyemearquitectura\/blog\/wp-content\/uploads\/2019\/03\/AMPLCRFRZ-4.jpg' ><img alt='' class='item' data-class='item' data-ftg-src='http:\/\/oyemeconlosojos.com\/oyemearquitectura\/blog\/wp-content\/uploads\/2019\/03\/AMPLCRFRZ-4-300x300.jpg' src='http:\/\/oyemeconlosojos.com\/oyemearquitectura\/blog\/wp-content\/uploads\/2019\/03\/AMPLCRFRZ-4-300x300.jpg' width='300' height='300' \/><div class='caption-block'><div class='text-wrapper'><span class='title'>visita de obrapara controlar acabados<\/span><\/div><\/div><\/a><div class='ftg-social'><\/div><\/div><div  class='tile ftg-preload  '><a title=\"vista terminaci\u00f3n\" data-lightbox='ftg-3939' rel='ftg-3939'  class=' tile-inner  ftg-lightbox' href='http:\/\/oyemeconlosojos.com\/oyemearquitectura\/blog\/wp-content\/uploads\/2019\/03\/AMPLCRFRZ-5.jpg' ><img alt='' class='item' data-class='item' data-ftg-src='http:\/\/oyemeconlosojos.com\/oyemearquitectura\/blog\/wp-content\/uploads\/2019\/03\/AMPLCRFRZ-5-300x300.jpg' src='http:\/\/oyemeconlosojos.com\/oyemearquitectura\/blog\/wp-content\/uploads\/2019\/03\/AMPLCRFRZ-5-300x300.jpg' width='300' height='300' \/><div class='caption-block'><div class='text-wrapper'><span class='title'>vista terminaci\u00f3n<\/span><\/div><\/div><\/a><div class='ftg-social'><\/div><\/div><\/div><\/div><script type='text\/javascript'>jQuery('#ftg-3939 img.item').removeAttr('src');jQuery(document).ready(function () {setTimeout(function () {jQuery('#ftg-3939').finalTilesGallery({minTileWidth: 250,margin: 10,loadMethod: 'sequential',nonce: '70a7b08d0e',galleryId: '39',setupFilters: true,layout: 'columns',debug: false,gridSize: 25,disableGridSizeBelow: 800,allowEnlargement: true,columns: [[4000, 4],[1024, 4],[800, 3],[480, 3],[320, 2]],selectedFilter: 'n-a'});jQuery(function () {(function () {var rel = '';jQuery('#ftg-3939 .ftg-lightbox').click(function (e) {rel = jQuery(this).attr('rel');jQuery('#ftg-3939 .ftg-current').removeClass('ftg-current');jQuery('#ftg-3939 [rel=\"'+rel+'\"]').addClass('ftg-current');});})();});}, 0);});<\/script>\n","protected":false},"excerpt":{"rendered":"<p>&nbsp; Ubicaci\u00f3n: Dos Hermanas (Sevilla) Promotor: Privado A\u00f1o Proyecto: 2016 Presupuesto Ejecuci\u00f3n Material: 73.543,68 \u20ac A\u00f1o Construcci\u00f3n: 2017 Constructora: GDE Arquitectos T\u00e9cnicos Fase: Terminada &nbsp; Realizar la ampliaci\u00f3n de esta vivienda no era una tarea sencilla. Nos encontramos con una edificaci\u00f3n de una sola planta levantada sobre una estructura y una cimentaci\u00f3n que presentaba muchas [&hellip;]<\/p>\n","protected":false},"author":1,"featured_media":0,"parent":332,"menu_order":226,"comment_status":"closed","ping_status":"closed","template":"","meta":[],"_links":{"self":[{"href":"http:\/\/oyemeconlosojos.com\/oyemearquitectura\/blog\/index.php?rest_route=\/wp\/v2\/pages\/1320"}],"collection":[{"href":"http:\/\/oyemeconlosojos.com\/oyemearquitectura\/blog\/index.php?rest_route=\/wp\/v2\/pages"}],"about":[{"href":"http:\/\/oyemeconlosojos.com\/oyemearquitectura\/blog\/index.php?rest_route=\/wp\/v2\/types\/page"}],"author":[{"embeddable":true,"href":"http:\/\/oyemeconlosojos.com\/oyemearquitectura\/blog\/index.php?rest_route=\/wp\/v2\/users\/1"}],"replies":[{"embeddable":true,"href":"http:\/\/oyemeconlosojos.com\/oyemearquitectura\/blog\/index.php?rest_route=%2Fwp%2Fv2%2Fcomments&post=1320"}],"version-history":[{"count":4,"href":"http:\/\/oyemeconlosojos.com\/oyemearquitectura\/blog\/index.php?rest_route=\/wp\/v2\/pages\/1320\/revisions"}],"predecessor-version":[{"id":1330,"href":"http:\/\/oyemeconlosojos.com\/oyemearquitectura\/blog\/index.php?rest_route=\/wp\/v2\/pages\/1320\/revisions\/1330"}],"up":[{"embeddable":true,"href":"http:\/\/oyemeconlosojos.com\/oyemearquitectura\/blog\/index.php?rest_route=\/wp\/v2\/pages\/332"}],"wp:attachment":[{"href":"http:\/\/oyemeconlosojos.com\/oyemearquitectura\/blog\/index.php?rest_route=%2Fwp%2Fv2%2Fmedia&parent=1320"}],"curies":[{"name":"wp","href":"https:\/\/api.w.org\/{rel}","templated":true}]}}