{"id":1309,"date":"2019-03-05T12:39:12","date_gmt":"2019-03-05T11:39:12","guid":{"rendered":"http:\/\/oyemeconlosojos.com\/oyemearquitectura\/blog\/?page_id=1309"},"modified":"2019-03-05T13:05:36","modified_gmt":"2019-03-05T12:05:36","slug":"casa-clasica","status":"publish","type":"page","link":"http:\/\/oyemeconlosojos.com\/oyemearquitectura\/blog\/?page_id=1309","title":{"rendered":"Casa Cl\u00e1sica"},"content":{"rendered":"<p><img loading=\"lazy\" class=\"alignright wp-image-1310 size-medium\" src=\"http:\/\/oyemeconlosojos.com\/oyemearquitectura\/blog\/wp-content\/uploads\/2019\/03\/slider-1-arggggquitec-300x300.jpg\" alt=\"\" width=\"300\" height=\"300\" srcset=\"http:\/\/oyemeconlosojos.com\/oyemearquitectura\/blog\/wp-content\/uploads\/2019\/03\/slider-1-arggggquitec-300x300.jpg 300w, http:\/\/oyemeconlosojos.com\/oyemearquitectura\/blog\/wp-content\/uploads\/2019\/03\/slider-1-arggggquitec-150x150.jpg 150w, http:\/\/oyemeconlosojos.com\/oyemearquitectura\/blog\/wp-content\/uploads\/2019\/03\/slider-1-arggggquitec-768x768.jpg 768w, http:\/\/oyemeconlosojos.com\/oyemearquitectura\/blog\/wp-content\/uploads\/2019\/03\/slider-1-arggggquitec-640x640.jpg 640w, http:\/\/oyemeconlosojos.com\/oyemearquitectura\/blog\/wp-content\/uploads\/2019\/03\/slider-1-arggggquitec.jpg 850w\" sizes=\"(max-width: 300px) 100vw, 300px\" \/><\/p>\n<p>&nbsp;<\/p>\n<p>Ubicaci\u00f3n: <strong>Dos Hermanas (Sevilla)<\/strong><\/p>\n<p>Promotor: <strong>Privado<\/strong><\/p>\n<p>A\u00f1o Proyecto: <strong>2016<\/strong><\/p>\n<p>Presupuesto Ejecuci\u00f3n Material: <strong>296.958,60 \u20ac<\/strong><\/p>\n<p>A\u00f1o Construcci\u00f3n: <strong>&#8211;<\/strong><\/p>\n<p>Constructora: <strong>&#8211;<\/strong><\/p>\n<p>Fase: <strong>Licencia de Obra Concedida<br \/>\n<\/strong><\/p>\n<p>&nbsp;<\/p>\n<p>Para el dise\u00f1o de esta vivienda recibimos tres directrices fundamentales por parte del cliente:<\/p>\n<ul>\n<li>Desarrollo de todo el programa en una sola planta<\/li>\n<li>Utilizar un lenguaje cl\u00e1sico renovado<\/li>\n<li>Conseguir que la vivienda destacara en el entorno<\/li>\n<\/ul>\n<p>El programa era complejo porque estaba condicionado por la actividad laboral de los propietarios que exig\u00eda un garaje amplio y un despacho conectado con el resto de la vivienda. Las ideas principales para resolver la distribuci\u00f3n fueron; Orientar todos los dormitorios al este, para aprovechar la luz de primera hora del d\u00eda, cocentrar los espacios vivideros volcados al espacio libre trasero consiguiendo una continuidad sal\u00f3n-comedor-cocina-porche-jard\u00edn-piscina y la ubicaci\u00f3n de un distribuidor muy iluminado en el centro de la vivienda que vertebre todos los espacios.<\/p>\n<p>Consideramos que tenemos las herramientas suficientes como para dotar a cada dise\u00f1o de las caracter\u00edsticas que satisfagan a cada cliente. En este caso, se buscaba un lenguaje cl\u00e1sico algo actualizado. Decidimos utilizar un dise\u00f1o de l\u00edneas limpias, cubiertas de tejas inclinadas a cuatro aguas y ejecuci\u00f3n con materiales nobles.<\/p>\n<p>Utilizar diferentes m\u00f3dulos de usos a diferentes alturas fue el recurso que adoptamos para conseguir que la vivienda destacase en el entorno. Estar dise\u00f1ada en una sola planta nos deba menos juego a la hora de perseguir este objetivo, por lo que la relaci\u00f3n que se establece entre los diferentes tejados a diferentes alturas dota de una imagen atractiva a la vivienda.<\/p>\n<p>&nbsp;<\/p>\n<!-- Final Tiles Grid Gallery for WordPress v3.3.52 free --><style>#ftg-3838 .tile .icon { color:#ffffff; }#ftg-3838 .ftg-items .loading-bar i { background:#666; }#ftg-3838 .ftg-items .loading-bar { background:#fff; }#ftg-3838 .tile .icon { font-size:12px; }#ftg-3838 .tile .icon { margin: -6px 0 0 -6px; }#ftg-3838 .tile .caption-block .text-wrapper span.text { font-size:12px; }#ftg-3838 .tile .caption-block .text-wrapper span.title { font-size:14px; }#ftg-3838 .tile { background-color: transparent; }#ftg-3838 .tile .caption-block .text-wrapper span.text { color: #ffffff; }#ftg-3838 .tile .caption-block .text-wrapper span.title { color: #ffffff; }#ftg-3838 .tile .ftg-social a { color: #ffffff; }#ftg-3838 .tile .caption-block { transition-duration:0.25s; }#ftg-3838 .tile .tile-inner:before { background-color: #000000; }#ftg-3838 .tile .tile-inner:before { background-color: rgba(0, 0, 0, 0.8); }#ftg-3838 .tile:hover img {-moz-transform: ;-webkit-transform: ;-o-transform: ;-ms-transform: ;transform: ;}<\/style><a name='38'><\/a><div class='final-tiles-gallery  ftg-hover-enabled  caption-none caption-middle caption-center' id='ftg-3838' style='width:100%'><div class='ftg-items'><div class='loading-bar'><i><\/i><\/div><div  class='tile ftg-preload  '><a title=\"vista estado final\" data-lightbox='ftg-3838' rel='ftg-3838'  class=' tile-inner  ftg-lightbox' href='http:\/\/oyemeconlosojos.com\/oyemearquitectura\/blog\/wp-content\/uploads\/2019\/03\/CSCHCLN-3.jpg' ><img alt='' class='item' data-class='item' data-ftg-src='http:\/\/oyemeconlosojos.com\/oyemearquitectura\/blog\/wp-content\/uploads\/2019\/03\/CSCHCLN-3-300x300.jpg' src='http:\/\/oyemeconlosojos.com\/oyemearquitectura\/blog\/wp-content\/uploads\/2019\/03\/CSCHCLN-3-300x300.jpg' width='300' height='300' \/><div class='caption-block'><div class='text-wrapper'><span class='title'>vista estado final<\/span><\/div><\/div><\/a><div class='ftg-social'><\/div><\/div><div  class='tile ftg-preload  '><a title=\"dise\u00f1o fachadas\" data-lightbox='ftg-3838' rel='ftg-3838'  class=' tile-inner  ftg-lightbox' href='http:\/\/oyemeconlosojos.com\/oyemearquitectura\/blog\/wp-content\/uploads\/2019\/03\/CSCHCLN-5-1024x1024.jpg' ><img alt='' class='item' data-class='item' data-ftg-src='http:\/\/oyemeconlosojos.com\/oyemearquitectura\/blog\/wp-content\/uploads\/2019\/03\/CSCHCLN-5-300x300.jpg' src='http:\/\/oyemeconlosojos.com\/oyemearquitectura\/blog\/wp-content\/uploads\/2019\/03\/CSCHCLN-5-300x300.jpg' width='300' height='300' \/><div class='caption-block'><div class='text-wrapper'><span class='title'>dise\u00f1o fachadas<\/span><\/div><\/div><\/a><div class='ftg-social'><\/div><\/div><div  class='tile ftg-preload  '><a title=\"dise\u00f1o fachadas\" data-lightbox='ftg-3838' rel='ftg-3838'  class=' tile-inner  ftg-lightbox' href='http:\/\/oyemeconlosojos.com\/oyemearquitectura\/blog\/wp-content\/uploads\/2019\/03\/CSCHCLN-6-1024x1024.jpg' ><img alt='' class='item' data-class='item' data-ftg-src='http:\/\/oyemeconlosojos.com\/oyemearquitectura\/blog\/wp-content\/uploads\/2019\/03\/CSCHCLN-6-300x300.jpg' src='http:\/\/oyemeconlosojos.com\/oyemearquitectura\/blog\/wp-content\/uploads\/2019\/03\/CSCHCLN-6-300x300.jpg' width='300' height='300' \/><div class='caption-block'><div class='text-wrapper'><span class='title'>dise\u00f1o fachadas<\/span><\/div><\/div><\/a><div class='ftg-social'><\/div><\/div><div  class='tile ftg-preload  '><a title=\"maqueta para dise\u00f1o de propuestas\" data-lightbox='ftg-3838' rel='ftg-3838'  class=' tile-inner  ftg-lightbox' href='http:\/\/oyemeconlosojos.com\/oyemearquitectura\/blog\/wp-content\/uploads\/2019\/03\/CSCHCLN-1.jpg' ><img alt='' class='item' data-class='item' data-ftg-src='http:\/\/oyemeconlosojos.com\/oyemearquitectura\/blog\/wp-content\/uploads\/2019\/03\/CSCHCLN-1-300x300.jpg' src='http:\/\/oyemeconlosojos.com\/oyemearquitectura\/blog\/wp-content\/uploads\/2019\/03\/CSCHCLN-1-300x300.jpg' width='300' height='300' \/><div class='caption-block'><div class='text-wrapper'><span class='title'>maqueta para dise\u00f1o de propuestas<\/span><\/div><\/div><\/a><div class='ftg-social'><\/div><\/div><div  class='tile ftg-preload  '><a title=\"planimetr\u00eda\" data-lightbox='ftg-3838' rel='ftg-3838'  class=' tile-inner  ftg-lightbox' href='http:\/\/oyemeconlosojos.com\/oyemearquitectura\/blog\/wp-content\/uploads\/2019\/03\/CSCHCLN-4-1024x1024.jpg' ><img alt='' class='item' data-class='item' data-ftg-src='http:\/\/oyemeconlosojos.com\/oyemearquitectura\/blog\/wp-content\/uploads\/2019\/03\/CSCHCLN-4-300x300.jpg' src='http:\/\/oyemeconlosojos.com\/oyemearquitectura\/blog\/wp-content\/uploads\/2019\/03\/CSCHCLN-4-300x300.jpg' width='300' height='300' \/><div class='caption-block'><div class='text-wrapper'><span class='title'>planimetr\u00eda<\/span><\/div><\/div><\/a><div class='ftg-social'><\/div><\/div><\/div><\/div><script type='text\/javascript'>jQuery('#ftg-3838 img.item').removeAttr('src');jQuery(document).ready(function () {setTimeout(function () {jQuery('#ftg-3838').finalTilesGallery({minTileWidth: 250,margin: 10,loadMethod: 'sequential',nonce: '70a7b08d0e',galleryId: '38',setupFilters: true,layout: 'columns',debug: false,gridSize: 25,disableGridSizeBelow: 800,allowEnlargement: true,columns: [[4000, 4],[1024, 4],[800, 3],[480, 3],[320, 2]],selectedFilter: 'n-a'});jQuery(function () {(function () {var rel = '';jQuery('#ftg-3838 .ftg-lightbox').click(function (e) {rel = jQuery(this).attr('rel');jQuery('#ftg-3838 .ftg-current').removeClass('ftg-current');jQuery('#ftg-3838 [rel=\"'+rel+'\"]').addClass('ftg-current');});})();});}, 0);});<\/script>\n","protected":false},"excerpt":{"rendered":"<p>&nbsp; Ubicaci\u00f3n: Dos Hermanas (Sevilla) Promotor: Privado A\u00f1o Proyecto: 2016 Presupuesto Ejecuci\u00f3n Material: 296.958,60 \u20ac A\u00f1o Construcci\u00f3n: &#8211; Constructora: &#8211; Fase: Licencia de Obra Concedida &nbsp; Para el dise\u00f1o de esta vivienda recibimos tres directrices fundamentales por parte del cliente: Desarrollo de todo el programa en una sola planta Utilizar un lenguaje cl\u00e1sico renovado Conseguir [&hellip;]<\/p>\n","protected":false},"author":1,"featured_media":0,"parent":332,"menu_order":225,"comment_status":"closed","ping_status":"closed","template":"","meta":[],"_links":{"self":[{"href":"http:\/\/oyemeconlosojos.com\/oyemearquitectura\/blog\/index.php?rest_route=\/wp\/v2\/pages\/1309"}],"collection":[{"href":"http:\/\/oyemeconlosojos.com\/oyemearquitectura\/blog\/index.php?rest_route=\/wp\/v2\/pages"}],"about":[{"href":"http:\/\/oyemeconlosojos.com\/oyemearquitectura\/blog\/index.php?rest_route=\/wp\/v2\/types\/page"}],"author":[{"embeddable":true,"href":"http:\/\/oyemeconlosojos.com\/oyemearquitectura\/blog\/index.php?rest_route=\/wp\/v2\/users\/1"}],"replies":[{"embeddable":true,"href":"http:\/\/oyemeconlosojos.com\/oyemearquitectura\/blog\/index.php?rest_route=%2Fwp%2Fv2%2Fcomments&post=1309"}],"version-history":[{"count":4,"href":"http:\/\/oyemeconlosojos.com\/oyemearquitectura\/blog\/index.php?rest_route=\/wp\/v2\/pages\/1309\/revisions"}],"predecessor-version":[{"id":1319,"href":"http:\/\/oyemeconlosojos.com\/oyemearquitectura\/blog\/index.php?rest_route=\/wp\/v2\/pages\/1309\/revisions\/1319"}],"up":[{"embeddable":true,"href":"http:\/\/oyemeconlosojos.com\/oyemearquitectura\/blog\/index.php?rest_route=\/wp\/v2\/pages\/332"}],"wp:attachment":[{"href":"http:\/\/oyemeconlosojos.com\/oyemearquitectura\/blog\/index.php?rest_route=%2Fwp%2Fv2%2Fmedia&parent=1309"}],"curies":[{"name":"wp","href":"https:\/\/api.w.org\/{rel}","templated":true}]}}