{"id":1295,"date":"2019-03-04T12:14:36","date_gmt":"2019-03-04T11:14:36","guid":{"rendered":"http:\/\/oyemeconlosojos.com\/oyemearquitectura\/blog\/?page_id=1295"},"modified":"2019-03-24T20:06:42","modified_gmt":"2019-03-24T19:06:42","slug":"1295-2","status":"publish","type":"page","link":"http:\/\/oyemeconlosojos.com\/oyemearquitectura\/blog\/?page_id=1295","title":{"rendered":"Cervecer\u00eda El May"},"content":{"rendered":"<p><img loading=\"lazy\" class=\"alignright wp-image-1296 size-medium\" src=\"http:\/\/oyemeconlosojos.com\/oyemearquitectura\/blog\/wp-content\/uploads\/2019\/03\/CVCRMY-7-300x300.jpg\" alt=\"\" width=\"300\" height=\"300\" srcset=\"http:\/\/oyemeconlosojos.com\/oyemearquitectura\/blog\/wp-content\/uploads\/2019\/03\/CVCRMY-7-300x300.jpg 300w, http:\/\/oyemeconlosojos.com\/oyemearquitectura\/blog\/wp-content\/uploads\/2019\/03\/CVCRMY-7-150x150.jpg 150w, http:\/\/oyemeconlosojos.com\/oyemearquitectura\/blog\/wp-content\/uploads\/2019\/03\/CVCRMY-7-768x768.jpg 768w, http:\/\/oyemeconlosojos.com\/oyemearquitectura\/blog\/wp-content\/uploads\/2019\/03\/CVCRMY-7-640x640.jpg 640w, http:\/\/oyemeconlosojos.com\/oyemearquitectura\/blog\/wp-content\/uploads\/2019\/03\/CVCRMY-7.jpg 850w\" sizes=\"(max-width: 300px) 100vw, 300px\" \/><\/p>\n<p>&nbsp;<\/p>\n<p>Ubicaci\u00f3n: <strong>Dos Hermanas (Sevilla)<\/strong><\/p>\n<p>Promotor: <strong>Privado<\/strong><\/p>\n<p>A\u00f1o Proyecto: <strong>2015<\/strong><\/p>\n<p>Presupuesto Ejecuci\u00f3n Material: <strong>16.550,00 \u20ac<\/strong><\/p>\n<p>A\u00f1o Construcci\u00f3n: <strong>2016<\/strong><\/p>\n<p>Constructora: <strong>Estacada de Vergara<br \/>\n<\/strong><\/p>\n<p>Fase: <strong>Terminada<\/strong><\/p>\n<p>&nbsp;<\/p>\n<p>El encargo consist\u00eda en construir un quiosco-bar-cervecer\u00eda en un elemento de 25 m\u00b2 (5&#215;5 m) que tuviera cocina, barra, aseos -uno de ellos adaptado a personas con necesidades especiales- y que mantuviese los criterios est\u00e9ticos de otros quisocos que estaban cerca.<\/p>\n<p>El inconveniente fundamental al inicio fue localizar la parcela (de titularidad privada) que se encontraba dentro de una zona libre -pero no estaba delimitada- por lo que hubo que establecer una coordinaci\u00f3n con el personal t\u00e9cnico del ayuntamiento para confirmar el emplazamiento.<\/p>\n<p>Considerando todas estas limitaciones se dise\u00f1o un elemento que optimizara el espacio al m\u00e1ximo en unas dimensiones tan reducidas. Para ello, redactamos el proyecto b\u00e1sico y de ejecuci\u00f3n, realizamos todo el asesoramiento y gesti\u00f3n con el ayuntamiento, llevamos el control y la direcci\u00f3n de la obra para reducir los plazos al m\u00e1ximo y gestionamos toda la documentaci\u00f3n para la licencia de apertura de local<\/p>\n<p>&nbsp;<\/p>\n<!-- Final Tiles Grid Gallery for WordPress v3.3.52 free --><style>#ftg-3737 .tile .icon { color:#ffffff; }#ftg-3737 .ftg-items .loading-bar i { background:#666; }#ftg-3737 .ftg-items .loading-bar { background:#fff; }#ftg-3737 .tile .icon { font-size:12px; }#ftg-3737 .tile .icon { margin: -6px 0 0 -6px; }#ftg-3737 .tile .caption-block .text-wrapper span.text { font-size:12px; }#ftg-3737 .tile .caption-block .text-wrapper span.title { font-size:14px; }#ftg-3737 .tile { background-color: transparent; }#ftg-3737 .tile .caption-block .text-wrapper span.text { color: #ffffff; }#ftg-3737 .tile .caption-block .text-wrapper span.title { color: #ffffff; }#ftg-3737 .tile .ftg-social a { color: #ffffff; }#ftg-3737 .tile .caption-block { transition-duration:0.25s; }#ftg-3737 .tile .tile-inner:before { background-color: #000000; }#ftg-3737 .tile .tile-inner:before { background-color: rgba(0, 0, 0, 0.8); }#ftg-3737 .tile:hover img {-moz-transform: ;-webkit-transform: ;-o-transform: ;-ms-transform: ;transform: ;}<\/style><a name='37'><\/a><div class='final-tiles-gallery  ftg-hover-enabled  caption-none caption-middle caption-center' id='ftg-3737' style='width:100%'><div class='ftg-items'><div class='loading-bar'><i><\/i><\/div><div  class='tile ftg-preload  '><a title=\"control de emplazamiento en zona libre\" data-lightbox='ftg-3737' rel='ftg-3737'  class=' tile-inner  ftg-lightbox' href='http:\/\/oyemeconlosojos.com\/oyemearquitectura\/blog\/wp-content\/uploads\/2019\/03\/CVCRMY-6.jpg' ><img alt='' class='item' data-class='item' data-ftg-src='http:\/\/oyemeconlosojos.com\/oyemearquitectura\/blog\/wp-content\/uploads\/2019\/03\/CVCRMY-6-300x300.jpg' src='http:\/\/oyemeconlosojos.com\/oyemearquitectura\/blog\/wp-content\/uploads\/2019\/03\/CVCRMY-6-300x300.jpg' width='300' height='300' \/><div class='caption-block'><div class='text-wrapper'><span class='title'>control de emplazamiento en zona libre<\/span><\/div><\/div><\/a><div class='ftg-social'><\/div><\/div><div  class='tile ftg-preload  '><a title=\"control de movimiento de tierras y cimentaci\u00f3n\" data-lightbox='ftg-3737' rel='ftg-3737'  class=' tile-inner  ftg-lightbox' href='http:\/\/oyemeconlosojos.com\/oyemearquitectura\/blog\/wp-content\/uploads\/2019\/03\/CVCRMY-5.jpg' ><img alt='' class='item' data-class='item' data-ftg-src='http:\/\/oyemeconlosojos.com\/oyemearquitectura\/blog\/wp-content\/uploads\/2019\/03\/CVCRMY-5-300x300.jpg' src='http:\/\/oyemeconlosojos.com\/oyemearquitectura\/blog\/wp-content\/uploads\/2019\/03\/CVCRMY-5-300x300.jpg' width='300' height='300' \/><div class='caption-block'><div class='text-wrapper'><span class='title'>control de movimiento de tierras y cimentaci\u00f3n<\/span><\/div><\/div><\/a><div class='ftg-social'><\/div><\/div><div  class='tile ftg-preload  '><a title=\"control de estructura\" data-lightbox='ftg-3737' rel='ftg-3737'  class=' tile-inner  ftg-lightbox' href='http:\/\/oyemeconlosojos.com\/oyemearquitectura\/blog\/wp-content\/uploads\/2019\/03\/CVCRMY-1.jpg' ><img alt='' class='item' data-class='item' data-ftg-src='http:\/\/oyemeconlosojos.com\/oyemearquitectura\/blog\/wp-content\/uploads\/2019\/03\/CVCRMY-1-300x300.jpg' src='http:\/\/oyemeconlosojos.com\/oyemearquitectura\/blog\/wp-content\/uploads\/2019\/03\/CVCRMY-1-300x300.jpg' width='300' height='300' \/><div class='caption-block'><div class='text-wrapper'><span class='title'>control de estructura<\/span><\/div><\/div><\/a><div class='ftg-social'><\/div><\/div><div  class='tile ftg-preload  '><a title=\"visita de obra\" data-lightbox='ftg-3737' rel='ftg-3737'  class=' tile-inner  ftg-lightbox' href='http:\/\/oyemeconlosojos.com\/oyemearquitectura\/blog\/wp-content\/uploads\/2019\/03\/CVCRMY-2.jpg' ><img alt='' class='item' data-class='item' data-ftg-src='http:\/\/oyemeconlosojos.com\/oyemearquitectura\/blog\/wp-content\/uploads\/2019\/03\/CVCRMY-2-300x300.jpg' src='http:\/\/oyemeconlosojos.com\/oyemearquitectura\/blog\/wp-content\/uploads\/2019\/03\/CVCRMY-2-300x300.jpg' width='300' height='300' \/><div class='caption-block'><div class='text-wrapper'><span class='title'>visita de obra<\/span><\/div><\/div><\/a><div class='ftg-social'><\/div><\/div><div  class='tile ftg-preload  '><a title=\"visita de obra\" data-lightbox='ftg-3737' rel='ftg-3737'  class=' tile-inner  ftg-lightbox' href='http:\/\/oyemeconlosojos.com\/oyemearquitectura\/blog\/wp-content\/uploads\/2019\/03\/CVCRMY-3.jpg' ><img alt='' class='item' data-class='item' data-ftg-src='http:\/\/oyemeconlosojos.com\/oyemearquitectura\/blog\/wp-content\/uploads\/2019\/03\/CVCRMY-3-300x300.jpg' src='http:\/\/oyemeconlosojos.com\/oyemearquitectura\/blog\/wp-content\/uploads\/2019\/03\/CVCRMY-3-300x300.jpg' width='300' height='300' \/><div class='caption-block'><div class='text-wrapper'><span class='title'>visita de obra<\/span><\/div><\/div><\/a><div class='ftg-social'><\/div><\/div><div  class='tile ftg-preload  '><a title=\"estado final\" data-lightbox='ftg-3737' rel='ftg-3737'  class=' tile-inner  ftg-lightbox' href='http:\/\/oyemeconlosojos.com\/oyemearquitectura\/blog\/wp-content\/uploads\/2019\/03\/CVCRMY-8.jpg' ><img alt='' class='item' data-class='item' data-ftg-src='http:\/\/oyemeconlosojos.com\/oyemearquitectura\/blog\/wp-content\/uploads\/2019\/03\/CVCRMY-8-300x300.jpg' src='http:\/\/oyemeconlosojos.com\/oyemearquitectura\/blog\/wp-content\/uploads\/2019\/03\/CVCRMY-8-300x300.jpg' width='300' height='300' \/><div class='caption-block'><div class='text-wrapper'><span class='title'>estado final<\/span><\/div><\/div><\/a><div class='ftg-social'><\/div><\/div><\/div><\/div><script type='text\/javascript'>jQuery('#ftg-3737 img.item').removeAttr('src');jQuery(document).ready(function () {setTimeout(function () {jQuery('#ftg-3737').finalTilesGallery({minTileWidth: 250,margin: 10,loadMethod: 'sequential',nonce: '70a7b08d0e',galleryId: '37',setupFilters: true,layout: 'columns',debug: false,gridSize: 25,disableGridSizeBelow: 800,allowEnlargement: true,columns: [[4000, 4],[1024, 4],[800, 3],[480, 3],[320, 2]],selectedFilter: 'n-a'});jQuery(function () {(function () {var rel = '';jQuery('#ftg-3737 .ftg-lightbox').click(function (e) {rel = jQuery(this).attr('rel');jQuery('#ftg-3737 .ftg-current').removeClass('ftg-current');jQuery('#ftg-3737 [rel=\"'+rel+'\"]').addClass('ftg-current');});})();});}, 0);});<\/script>\n","protected":false},"excerpt":{"rendered":"<p>&nbsp; Ubicaci\u00f3n: Dos Hermanas (Sevilla) Promotor: Privado A\u00f1o Proyecto: 2015 Presupuesto Ejecuci\u00f3n Material: 16.550,00 \u20ac A\u00f1o Construcci\u00f3n: 2016 Constructora: Estacada de Vergara Fase: Terminada &nbsp; El encargo consist\u00eda en construir un quiosco-bar-cervecer\u00eda en un elemento de 25 m\u00b2 (5&#215;5 m) que tuviera cocina, barra, aseos -uno de ellos adaptado a personas con necesidades especiales- y [&hellip;]<\/p>\n","protected":false},"author":1,"featured_media":0,"parent":326,"menu_order":426,"comment_status":"closed","ping_status":"closed","template":"","meta":[],"_links":{"self":[{"href":"http:\/\/oyemeconlosojos.com\/oyemearquitectura\/blog\/index.php?rest_route=\/wp\/v2\/pages\/1295"}],"collection":[{"href":"http:\/\/oyemeconlosojos.com\/oyemearquitectura\/blog\/index.php?rest_route=\/wp\/v2\/pages"}],"about":[{"href":"http:\/\/oyemeconlosojos.com\/oyemearquitectura\/blog\/index.php?rest_route=\/wp\/v2\/types\/page"}],"author":[{"embeddable":true,"href":"http:\/\/oyemeconlosojos.com\/oyemearquitectura\/blog\/index.php?rest_route=\/wp\/v2\/users\/1"}],"replies":[{"embeddable":true,"href":"http:\/\/oyemeconlosojos.com\/oyemearquitectura\/blog\/index.php?rest_route=%2Fwp%2Fv2%2Fcomments&post=1295"}],"version-history":[{"count":6,"href":"http:\/\/oyemeconlosojos.com\/oyemearquitectura\/blog\/index.php?rest_route=\/wp\/v2\/pages\/1295\/revisions"}],"predecessor-version":[{"id":1332,"href":"http:\/\/oyemeconlosojos.com\/oyemearquitectura\/blog\/index.php?rest_route=\/wp\/v2\/pages\/1295\/revisions\/1332"}],"up":[{"embeddable":true,"href":"http:\/\/oyemeconlosojos.com\/oyemearquitectura\/blog\/index.php?rest_route=\/wp\/v2\/pages\/326"}],"wp:attachment":[{"href":"http:\/\/oyemeconlosojos.com\/oyemearquitectura\/blog\/index.php?rest_route=%2Fwp%2Fv2%2Fmedia&parent=1295"}],"curies":[{"name":"wp","href":"https:\/\/api.w.org\/{rel}","templated":true}]}}