{"id":1284,"date":"2019-03-01T12:10:52","date_gmt":"2019-03-01T11:10:52","guid":{"rendered":"http:\/\/oyemeconlosojos.com\/oyemearquitectura\/blog\/?page_id=1284"},"modified":"2019-03-01T12:15:16","modified_gmt":"2019-03-01T11:15:16","slug":"casa-patio","status":"publish","type":"page","link":"http:\/\/oyemeconlosojos.com\/oyemearquitectura\/blog\/?page_id=1284","title":{"rendered":"Casa Patio"},"content":{"rendered":"<p><img loading=\"lazy\" class=\"alignright wp-image-1285 size-medium\" src=\"http:\/\/oyemeconlosojos.com\/oyemearquitectura\/blog\/wp-content\/uploads\/2019\/03\/NOV04-300x300.jpg\" alt=\"\" width=\"300\" height=\"300\" srcset=\"http:\/\/oyemeconlosojos.com\/oyemearquitectura\/blog\/wp-content\/uploads\/2019\/03\/NOV04-300x300.jpg 300w, http:\/\/oyemeconlosojos.com\/oyemearquitectura\/blog\/wp-content\/uploads\/2019\/03\/NOV04-150x150.jpg 150w, http:\/\/oyemeconlosojos.com\/oyemearquitectura\/blog\/wp-content\/uploads\/2019\/03\/NOV04-768x768.jpg 768w, http:\/\/oyemeconlosojos.com\/oyemearquitectura\/blog\/wp-content\/uploads\/2019\/03\/NOV04-640x640.jpg 640w, http:\/\/oyemeconlosojos.com\/oyemearquitectura\/blog\/wp-content\/uploads\/2019\/03\/NOV04.jpg 850w\" sizes=\"(max-width: 300px) 100vw, 300px\" \/><\/p>\n<p>&nbsp;<\/p>\n<p>Ubicaci\u00f3n: <strong>Dos Hermanas (Sevilla)<\/strong><\/p>\n<p>Promotor: <strong>Privado<\/strong><\/p>\n<p>A\u00f1o Proyecto: <strong>2017<\/strong><\/p>\n<p>Presupuesto Ejecuci\u00f3n Material: <strong>145.451,85 \u20ac<\/strong><\/p>\n<p>A\u00f1o Construcci\u00f3n:\u00a0<strong>En Construcci\u00f3n<\/strong><\/p>\n<p>Constructora: <strong>Voluta Global Service<\/strong><\/p>\n<p>Fase: <strong>En Construcci\u00f3n<br \/>\n<\/strong><\/p>\n<p>&nbsp;<\/p>\n<p>El dise\u00f1o de esta vivienda nos plante\u00f3 un desaf\u00edo: Conseguir una vivienda muy luminosa en un solar de poco m\u00e1s de 4,50 metros de ancho. Para ello decidimos considerar que trabajar\u00edamos con varias fachadas adem\u00e1s de la delantera y la trasera, consigui\u00e9ndolo al introducir un patio central que articula toda la vivienda generando dos nuevas fachadas en el interior del solar -en las que se utilizan los mismos materiales que en las anteriores- y diferenci\u00e1ndola en dos bloques claros.<\/p>\n<p>En ese patio central, cubierto por una montera, se ubica la escalera de comunicaci\u00f3n entre planta baja y primera, mientras que la que conecta la primera planta con el castillete se coloca en otra ubicaci\u00f3n para desasturar ese espacio y convertir a la luz en el principal material de ese espacio.<\/p>\n<p>Conectar el patio, el sal\u00f3n y la cocina para convertirlos en un \u00fanico espacio en planta baja fue otra de las decisiones clave para que la sensaci\u00f3n de amplitud sea la que nos camufle la geometr\u00eda del solar. Varias puertas correderas situadas en sitios estrat\u00e9gicos hacen que esos espacios, si se desea, se puedan independizar.<\/p>\n<p>&nbsp;<\/p>\n<!-- Final Tiles Grid Gallery for WordPress v3.3.52 free --><style>#ftg-3636 .tile .icon { color:#ffffff; }#ftg-3636 .ftg-items .loading-bar i { background:#666; }#ftg-3636 .ftg-items .loading-bar { background:#fff; }#ftg-3636 .tile .icon { font-size:12px; }#ftg-3636 .tile .icon { margin: -6px 0 0 -6px; }#ftg-3636 .tile .caption-block .text-wrapper span.text { font-size:12px; }#ftg-3636 .tile .caption-block .text-wrapper span.title { font-size:14px; }#ftg-3636 .tile { background-color: transparent; }#ftg-3636 .tile .caption-block .text-wrapper span.text { color: #ffffff; }#ftg-3636 .tile .caption-block .text-wrapper span.title { color: #ffffff; }#ftg-3636 .tile .ftg-social a { color: #ffffff; }#ftg-3636 .tile .caption-block { transition-duration:0.25s; }#ftg-3636 .tile .tile-inner:before { background-color: #000000; }#ftg-3636 .tile .tile-inner:before { background-color: rgba(0, 0, 0, 0.8); }#ftg-3636 .tile:hover img {-moz-transform: ;-webkit-transform: ;-o-transform: ;-ms-transform: ;transform: ;}<\/style><a name='36'><\/a><div class='final-tiles-gallery  ftg-hover-enabled  caption-none caption-middle caption-center' id='ftg-3636' style='width:100%'><div class='ftg-items'><div class='loading-bar'><i><\/i><\/div><div  class='tile ftg-preload  '><a title=\"vista de patio, sal\u00f3n y cocina\" data-lightbox='ftg-3636' rel='ftg-3636'  class=' tile-inner  ftg-lightbox' href='http:\/\/oyemeconlosojos.com\/oyemearquitectura\/blog\/wp-content\/uploads\/2019\/03\/prueba1.jpg' ><img alt='' class='item' data-class='item' data-ftg-src='http:\/\/oyemeconlosojos.com\/oyemearquitectura\/blog\/wp-content\/uploads\/2019\/03\/prueba1-300x300.jpg' src='http:\/\/oyemeconlosojos.com\/oyemearquitectura\/blog\/wp-content\/uploads\/2019\/03\/prueba1-300x300.jpg' width='300' height='300' \/><div class='caption-block'><div class='text-wrapper'><span class='title'>vista de patio, sal\u00f3n y cocina<\/span><\/div><\/div><\/a><div class='ftg-social'><\/div><\/div><div  class='tile ftg-preload  '><a title=\"vista de una de la fachadas interiores desde el patio central\" data-lightbox='ftg-3636' rel='ftg-3636'  class=' tile-inner  ftg-lightbox' href='http:\/\/oyemeconlosojos.com\/oyemearquitectura\/blog\/wp-content\/uploads\/2019\/03\/NOfdfV04.jpg' ><img alt='' class='item' data-class='item' data-ftg-src='http:\/\/oyemeconlosojos.com\/oyemearquitectura\/blog\/wp-content\/uploads\/2019\/03\/NOfdfV04-300x300.jpg' src='http:\/\/oyemeconlosojos.com\/oyemearquitectura\/blog\/wp-content\/uploads\/2019\/03\/NOfdfV04-300x300.jpg' width='300' height='300' \/><div class='caption-block'><div class='text-wrapper'><span class='title'>vista de una de la fachadas interiores desde el patio central<\/span><\/div><\/div><\/a><div class='ftg-social'><\/div><\/div><div  class='tile ftg-preload  '><a title=\"visita de obra del equipo para supervisar estructura\" data-lightbox='ftg-3636' rel='ftg-3636'  class=' tile-inner  ftg-lightbox' href='http:\/\/oyemeconlosojos.com\/oyemearquitectura\/blog\/wp-content\/uploads\/2019\/03\/IMG_20181024_134900_899.jpg' ><img alt='' class='item' data-class='item' data-ftg-src='http:\/\/oyemeconlosojos.com\/oyemearquitectura\/blog\/wp-content\/uploads\/2019\/03\/IMG_20181024_134900_899-300x300.jpg' src='http:\/\/oyemeconlosojos.com\/oyemearquitectura\/blog\/wp-content\/uploads\/2019\/03\/IMG_20181024_134900_899-300x300.jpg' width='300' height='300' \/><div class='caption-block'><div class='text-wrapper'><span class='title'>visita de obra del equipo para supervisar estructura<\/span><\/div><\/div><\/a><div class='ftg-social'><\/div><\/div><div  class='tile ftg-preload  '><a title=\"Escalera de conexi\u00f3n entre planta baja y primera en ejecuci\u00f3n\" data-lightbox='ftg-3636' rel='ftg-3636'  class=' tile-inner  ftg-lightbox' href='http:\/\/oyemeconlosojos.com\/oyemearquitectura\/blog\/wp-content\/uploads\/2019\/03\/IMG_20190226_103141_438.jpg' ><img alt='' class='item' data-class='item' data-ftg-src='http:\/\/oyemeconlosojos.com\/oyemearquitectura\/blog\/wp-content\/uploads\/2019\/03\/IMG_20190226_103141_438-300x300.jpg' src='http:\/\/oyemeconlosojos.com\/oyemearquitectura\/blog\/wp-content\/uploads\/2019\/03\/IMG_20190226_103141_438-300x300.jpg' width='300' height='300' \/><div class='caption-block'><div class='text-wrapper'><span class='title'>Escalera de conexi\u00f3n entre planta baja y primera en ejecuci\u00f3n<\/span><\/div><\/div><\/a><div class='ftg-social'><\/div><\/div><div  class='tile ftg-preload  '><a title=\"patio central en ejecuci\u00f3n\" data-lightbox='ftg-3636' rel='ftg-3636'  class=' tile-inner  ftg-lightbox' href='http:\/\/oyemeconlosojos.com\/oyemearquitectura\/blog\/wp-content\/uploads\/2019\/03\/IMG_20181220_164823_490.jpg' ><img alt='' class='item' data-class='item' data-ftg-src='http:\/\/oyemeconlosojos.com\/oyemearquitectura\/blog\/wp-content\/uploads\/2019\/03\/IMG_20181220_164823_490-300x300.jpg' src='http:\/\/oyemeconlosojos.com\/oyemearquitectura\/blog\/wp-content\/uploads\/2019\/03\/IMG_20181220_164823_490-300x300.jpg' width='300' height='300' \/><div class='caption-block'><div class='text-wrapper'><span class='title'>patio central en ejecuci\u00f3n<\/span><\/div><\/div><\/a><div class='ftg-social'><\/div><\/div><div  class='tile ftg-preload  '><a title=\"control de obra\" data-lightbox='ftg-3636' rel='ftg-3636'  class=' tile-inner  ftg-lightbox' href='http:\/\/oyemeconlosojos.com\/oyemearquitectura\/blog\/wp-content\/uploads\/2019\/03\/IMG_20190123_111551_737.jpg' ><img alt='' class='item' data-class='item' data-ftg-src='http:\/\/oyemeconlosojos.com\/oyemearquitectura\/blog\/wp-content\/uploads\/2019\/03\/IMG_20190123_111551_737-300x300.jpg' src='http:\/\/oyemeconlosojos.com\/oyemearquitectura\/blog\/wp-content\/uploads\/2019\/03\/IMG_20190123_111551_737-300x300.jpg' width='300' height='300' \/><div class='caption-block'><div class='text-wrapper'><span class='title'>control de obra<\/span><\/div><\/div><\/a><div class='ftg-social'><\/div><\/div><\/div><\/div><script type='text\/javascript'>jQuery('#ftg-3636 img.item').removeAttr('src');jQuery(document).ready(function () {setTimeout(function () {jQuery('#ftg-3636').finalTilesGallery({minTileWidth: 250,margin: 10,loadMethod: 'sequential',nonce: '70a7b08d0e',galleryId: '36',setupFilters: true,layout: 'columns',debug: false,gridSize: 25,disableGridSizeBelow: 800,allowEnlargement: true,columns: [[4000, 4],[1024, 4],[800, 3],[480, 3],[320, 2]],selectedFilter: 'n-a'});jQuery(function () {(function () {var rel = '';jQuery('#ftg-3636 .ftg-lightbox').click(function (e) {rel = jQuery(this).attr('rel');jQuery('#ftg-3636 .ftg-current').removeClass('ftg-current');jQuery('#ftg-3636 [rel=\"'+rel+'\"]').addClass('ftg-current');});})();});}, 0);});<\/script>\n","protected":false},"excerpt":{"rendered":"<p>&nbsp; Ubicaci\u00f3n: Dos Hermanas (Sevilla) Promotor: Privado A\u00f1o Proyecto: 2017 Presupuesto Ejecuci\u00f3n Material: 145.451,85 \u20ac A\u00f1o Construcci\u00f3n:\u00a0En Construcci\u00f3n Constructora: Voluta Global Service Fase: En Construcci\u00f3n &nbsp; El dise\u00f1o de esta vivienda nos plante\u00f3 un desaf\u00edo: Conseguir una vivienda muy luminosa en un solar de poco m\u00e1s de 4,50 metros de ancho. Para ello decidimos considerar [&hellip;]<\/p>\n","protected":false},"author":1,"featured_media":0,"parent":332,"menu_order":224,"comment_status":"closed","ping_status":"closed","template":"","meta":[],"_links":{"self":[{"href":"http:\/\/oyemeconlosojos.com\/oyemearquitectura\/blog\/index.php?rest_route=\/wp\/v2\/pages\/1284"}],"collection":[{"href":"http:\/\/oyemeconlosojos.com\/oyemearquitectura\/blog\/index.php?rest_route=\/wp\/v2\/pages"}],"about":[{"href":"http:\/\/oyemeconlosojos.com\/oyemearquitectura\/blog\/index.php?rest_route=\/wp\/v2\/types\/page"}],"author":[{"embeddable":true,"href":"http:\/\/oyemeconlosojos.com\/oyemearquitectura\/blog\/index.php?rest_route=\/wp\/v2\/users\/1"}],"replies":[{"embeddable":true,"href":"http:\/\/oyemeconlosojos.com\/oyemearquitectura\/blog\/index.php?rest_route=%2Fwp%2Fv2%2Fcomments&post=1284"}],"version-history":[{"count":3,"href":"http:\/\/oyemeconlosojos.com\/oyemearquitectura\/blog\/index.php?rest_route=\/wp\/v2\/pages\/1284\/revisions"}],"predecessor-version":[{"id":1288,"href":"http:\/\/oyemeconlosojos.com\/oyemearquitectura\/blog\/index.php?rest_route=\/wp\/v2\/pages\/1284\/revisions\/1288"}],"up":[{"embeddable":true,"href":"http:\/\/oyemeconlosojos.com\/oyemearquitectura\/blog\/index.php?rest_route=\/wp\/v2\/pages\/332"}],"wp:attachment":[{"href":"http:\/\/oyemeconlosojos.com\/oyemearquitectura\/blog\/index.php?rest_route=%2Fwp%2Fv2%2Fmedia&parent=1284"}],"curies":[{"name":"wp","href":"https:\/\/api.w.org\/{rel}","templated":true}]}}