{"id":1251,"date":"2019-02-25T18:04:44","date_gmt":"2019-02-25T17:04:44","guid":{"rendered":"http:\/\/oyemeconlosojos.com\/oyemearquitectura\/blog\/?page_id=1251"},"modified":"2019-02-25T18:13:49","modified_gmt":"2019-02-25T17:13:49","slug":"almacen-de-productos-terminados-y-materiales-auxiliares-de-angel-camacho-alimentacion","status":"publish","type":"page","link":"http:\/\/oyemeconlosojos.com\/oyemearquitectura\/blog\/?page_id=1251","title":{"rendered":"Almac\u00e9n de Productos Terminados y Materiales Auxiliares de \u00c1ngel Camacho Alimentaci\u00f3n"},"content":{"rendered":"<p><img loading=\"lazy\" class=\"alignright wp-image-1252 size-medium\" src=\"http:\/\/oyemeconlosojos.com\/oyemearquitectura\/blog\/wp-content\/uploads\/2019\/02\/CMCH-2-300x300.jpg\" alt=\"\" width=\"300\" height=\"300\" srcset=\"http:\/\/oyemeconlosojos.com\/oyemearquitectura\/blog\/wp-content\/uploads\/2019\/02\/CMCH-2-300x300.jpg 300w, http:\/\/oyemeconlosojos.com\/oyemearquitectura\/blog\/wp-content\/uploads\/2019\/02\/CMCH-2-150x150.jpg 150w, http:\/\/oyemeconlosojos.com\/oyemearquitectura\/blog\/wp-content\/uploads\/2019\/02\/CMCH-2-768x768.jpg 768w, http:\/\/oyemeconlosojos.com\/oyemearquitectura\/blog\/wp-content\/uploads\/2019\/02\/CMCH-2-640x640.jpg 640w, http:\/\/oyemeconlosojos.com\/oyemearquitectura\/blog\/wp-content\/uploads\/2019\/02\/CMCH-2.jpg 850w\" sizes=\"(max-width: 300px) 100vw, 300px\" \/><\/p>\n<p>&nbsp;<\/p>\n<p>Ubicaci\u00f3n: <strong>Mor\u00f3n de la Frontera (Sevilla)<\/strong><\/p>\n<p>Promotor: <strong>Privado<\/strong><\/p>\n<p>A\u00f1o Proyecto: <strong>2015<\/strong><\/p>\n<p>Presupuesto Ejecuci\u00f3n Material: <strong>2.219.081,40 \u20ac<\/strong><\/p>\n<p>A\u00f1o Construcci\u00f3n: <strong>2016<\/strong><\/p>\n<p>Constructora: <strong>Ayesa New Solutions<br \/>\n<\/strong><\/p>\n<p>Fase: <strong>Terminada<\/strong><\/p>\n<p>&nbsp;<\/p>\n<p>\u00c1ngel Camacho Alimentaci\u00f3n inici\u00f3 una tradici\u00f3n familiar que empez\u00f3 en Mor\u00f3n de la Frontera (Sevilla), con la producci\u00f3n de aceite de oliva. Desde entonces, el negocio familiar se ha materializado en un grupo de empresas reconocido internacionalmente y activo como productor, envasador y distribuidor de aceitunas, aceites de oliva y una serie de otras especialidades Mediterr\u00e1neas y otros or\u00edgenes. Estando en constante crecimiento, deciden ponerse en contacto con nosotros para que planteemos, a todos los niveles, la ampliaci\u00f3n de sus instalaciones.<\/p>\n<p>La idea consist\u00eda en construir, dentro del \u00e1mbito una de las factor\u00edas existentes, un nuevo almac\u00e9n de producto terminado y materiales auxiliares de unos 8.400 m\u00b2. Dado que la altura en la mayor\u00eda de la superficie era de m\u00e1s de 20 metros, esta nueva nave se iba a convertir un hito dentro del horizonte de la localidad, por lo que tambi\u00e9n se nos encarg\u00f3 que dise\u00f1\u00e1semos una imagen atractiva y que fuera imagen de marca de la empresa.<\/p>\n<p>Para que la nave se levantara, redactamos toda la documentaci\u00f3n a nivel urban\u00edstico para llevar a cabo este proyecto en suelo no urbanizable, proyecto b\u00e1sico y de ejecuci\u00f3n y llevamos directamente la direcci\u00f3n de obra, que fue un aut\u00e9ntico reto porque la empresa no dej\u00f3 de funcionar en ning\u00fan momento.<\/p>\n<p>&nbsp;<\/p>\n<!-- Final Tiles Grid Gallery for WordPress v3.3.52 free --><style>#ftg-3434 .tile .icon { color:#ffffff; }#ftg-3434 .ftg-items .loading-bar i { background:#666; }#ftg-3434 .ftg-items .loading-bar { background:#fff; }#ftg-3434 .tile .icon { font-size:12px; }#ftg-3434 .tile .icon { margin: -6px 0 0 -6px; }#ftg-3434 .tile .caption-block .text-wrapper span.text { font-size:12px; }#ftg-3434 .tile .caption-block .text-wrapper span.title { font-size:14px; }#ftg-3434 .tile { background-color: transparent; }#ftg-3434 .tile .caption-block .text-wrapper span.text { color: #ffffff; }#ftg-3434 .tile .caption-block .text-wrapper span.title { color: #ffffff; }#ftg-3434 .tile .ftg-social a { color: #ffffff; }#ftg-3434 .tile .caption-block { transition-timing-function:ease; }#ftg-3434 .tile .caption-block { transition-duration:0.25s; }#ftg-3434 .tile .tile-inner:before { background-color: #000000; }#ftg-3434 .tile .tile-inner:before { background-color: rgba(0, 0, 0, 0.8); }#ftg-3434 .tile:hover img {-moz-transform: ;-webkit-transform: ;-o-transform: ;-ms-transform: ;transform: ;}<\/style><a name='34'><\/a><div class='final-tiles-gallery  ftg-hover-enabled  caption-none caption-middle caption-center' id='ftg-3434' style='width:100%'><div class='ftg-items'><div class='loading-bar'><i><\/i><\/div><div  class='tile ftg-preload  '><a title=\"panor\u00e1mica con el castillo de Mor\u00f3n al fondo\" data-lightbox='ftg-3434' rel='ftg-3434'  class=' tile-inner  ftg-lightbox' href='http:\/\/oyemeconlosojos.com\/oyemearquitectura\/blog\/wp-content\/uploads\/2020\/04\/panor\u00e1mica-con-el-castillo-de-Mor\u00f3n-al-fondo-1024x1024.jpg' ><img alt='' class='item' data-class='item' data-ftg-src='http:\/\/oyemeconlosojos.com\/oyemearquitectura\/blog\/wp-content\/uploads\/2020\/04\/panor\u00e1mica-con-el-castillo-de-Mor\u00f3n-al-fondo-300x300.jpg' src='http:\/\/oyemeconlosojos.com\/oyemearquitectura\/blog\/wp-content\/uploads\/2020\/04\/panor\u00e1mica-con-el-castillo-de-Mor\u00f3n-al-fondo-300x300.jpg' width='300' height='300' \/><div class='caption-block'><div class='text-wrapper'><span class='title'>panor\u00e1mica con el castillo de Mor\u00f3n al fondo<\/span><\/div><\/div><\/a><div class='ftg-social'><\/div><\/div><div  class='tile ftg-preload  '><a title=\"vista desde la carretera Mor\u00f3n de la Fra.-Arahal\" data-lightbox='ftg-3434' rel='ftg-3434'  class=' tile-inner  ftg-lightbox' href='http:\/\/oyemeconlosojos.com\/oyemearquitectura\/blog\/wp-content\/uploads\/2020\/04\/vista-desde-la-carretera-Mor\u00f3n-de-la-Fra.-Arahal-1024x1024.jpg' ><img alt='' class='item' data-class='item' data-ftg-src='http:\/\/oyemeconlosojos.com\/oyemearquitectura\/blog\/wp-content\/uploads\/2020\/04\/vista-desde-la-carretera-Mor\u00f3n-de-la-Fra.-Arahal-300x300.jpg' src='http:\/\/oyemeconlosojos.com\/oyemearquitectura\/blog\/wp-content\/uploads\/2020\/04\/vista-desde-la-carretera-Mor\u00f3n-de-la-Fra.-Arahal-300x300.jpg' width='300' height='300' \/><div class='caption-block'><div class='text-wrapper'><span class='title'>vista desde la carretera Mor\u00f3n de la Fra.-Arahal<\/span><\/div><\/div><\/a><div class='ftg-social'><\/div><\/div><div  class='tile ftg-preload  '><a title=\"fachada principal con muelles de carga\" data-lightbox='ftg-3434' rel='ftg-3434'  class=' tile-inner  ftg-lightbox' href='http:\/\/oyemeconlosojos.com\/oyemearquitectura\/blog\/wp-content\/uploads\/2020\/04\/fachada-principal-con-muelles-de-carga-1024x1024.jpg' ><img alt='' class='item' data-class='item' data-ftg-src='http:\/\/oyemeconlosojos.com\/oyemearquitectura\/blog\/wp-content\/uploads\/2020\/04\/fachada-principal-con-muelles-de-carga-300x300.jpg' src='http:\/\/oyemeconlosojos.com\/oyemearquitectura\/blog\/wp-content\/uploads\/2020\/04\/fachada-principal-con-muelles-de-carga-300x300.jpg' width='300' height='300' \/><div class='caption-block'><div class='text-wrapper'><span class='title'>fachada principal con muelles de carga<\/span><\/div><\/div><\/a><div class='ftg-social'><\/div><\/div><div  class='tile ftg-preload  '><a title=\"fachada lateral\" data-lightbox='ftg-3434' rel='ftg-3434'  class=' tile-inner  ftg-lightbox' href='http:\/\/oyemeconlosojos.com\/oyemearquitectura\/blog\/wp-content\/uploads\/2020\/04\/MG_7328-1024x1024.jpg' ><img alt='' class='item' data-class='item' data-ftg-src='http:\/\/oyemeconlosojos.com\/oyemearquitectura\/blog\/wp-content\/uploads\/2020\/04\/MG_7328-300x300.jpg' src='http:\/\/oyemeconlosojos.com\/oyemearquitectura\/blog\/wp-content\/uploads\/2020\/04\/MG_7328-300x300.jpg' width='300' height='300' \/><div class='caption-block'><div class='text-wrapper'><span class='title'>fachada lateral<\/span><\/div><\/div><\/a><div class='ftg-social'><\/div><\/div><div  class='tile ftg-preload  '><a title=\"fachada principal\" data-lightbox='ftg-3434' rel='ftg-3434'  class=' tile-inner  ftg-lightbox' href='http:\/\/oyemeconlosojos.com\/oyemearquitectura\/blog\/wp-content\/uploads\/2020\/04\/fachada-principal-1024x1024.jpg' ><img alt='' class='item' data-class='item' data-ftg-src='http:\/\/oyemeconlosojos.com\/oyemearquitectura\/blog\/wp-content\/uploads\/2020\/04\/fachada-principal-300x300.jpg' src='http:\/\/oyemeconlosojos.com\/oyemearquitectura\/blog\/wp-content\/uploads\/2020\/04\/fachada-principal-300x300.jpg' width='300' height='300' \/><div class='caption-block'><div class='text-wrapper'><span class='title'>fachada principal<\/span><\/div><\/div><\/a><div class='ftg-social'><\/div><\/div><div  class='tile ftg-preload  '><a title=\"almacenamiento\" data-lightbox='ftg-3434' rel='ftg-3434'  class=' tile-inner  ftg-lightbox' href='http:\/\/oyemeconlosojos.com\/oyemearquitectura\/blog\/wp-content\/uploads\/2020\/04\/almacenamiento-1024x1024.jpg' ><img alt='' class='item' data-class='item' data-ftg-src='http:\/\/oyemeconlosojos.com\/oyemearquitectura\/blog\/wp-content\/uploads\/2020\/04\/almacenamiento-300x300.jpg' src='http:\/\/oyemeconlosojos.com\/oyemearquitectura\/blog\/wp-content\/uploads\/2020\/04\/almacenamiento-300x300.jpg' width='300' height='300' \/><div class='caption-block'><div class='text-wrapper'><span class='title'>almacenamiento<\/span><\/div><\/div><\/a><div class='ftg-social'><\/div><\/div><div  class='tile ftg-preload  '><a title=\"vista interior\" data-lightbox='ftg-3434' rel='ftg-3434'  class=' tile-inner  ftg-lightbox' href='http:\/\/oyemeconlosojos.com\/oyemearquitectura\/blog\/wp-content\/uploads\/2020\/04\/vista-interior-1024x1024.jpg' ><img alt='' class='item' data-class='item' data-ftg-src='http:\/\/oyemeconlosojos.com\/oyemearquitectura\/blog\/wp-content\/uploads\/2020\/04\/vista-interior-300x300.jpg' src='http:\/\/oyemeconlosojos.com\/oyemearquitectura\/blog\/wp-content\/uploads\/2020\/04\/vista-interior-300x300.jpg' width='300' height='300' \/><div class='caption-block'><div class='text-wrapper'><span class='title'>vista interior<\/span><\/div><\/div><\/a><div class='ftg-social'><\/div><\/div><div  class='tile ftg-preload  '><a title=\"panor\u00e1mica de obra\" data-lightbox='ftg-3434' rel='ftg-3434'  class=' tile-inner  ftg-lightbox' href='http:\/\/oyemeconlosojos.com\/oyemearquitectura\/blog\/wp-content\/uploads\/2020\/04\/panor\u00e1mica-de-obra.jpg' ><img alt='' class='item' data-class='item' data-ftg-src='http:\/\/oyemeconlosojos.com\/oyemearquitectura\/blog\/wp-content\/uploads\/2020\/04\/panor\u00e1mica-de-obra-300x300.jpg' src='http:\/\/oyemeconlosojos.com\/oyemearquitectura\/blog\/wp-content\/uploads\/2020\/04\/panor\u00e1mica-de-obra-300x300.jpg' width='300' height='300' \/><div class='caption-block'><div class='text-wrapper'><span class='title'>panor\u00e1mica de obra<\/span><\/div><\/div><\/a><div class='ftg-social'><\/div><\/div><div  class='tile ftg-preload  '><a title=\"propuesta de fachada lateral\" data-lightbox='ftg-3434' rel='ftg-3434'  class=' tile-inner  ftg-lightbox' href='http:\/\/oyemeconlosojos.com\/oyemearquitectura\/blog\/wp-content\/uploads\/2020\/04\/propuesta-de-fachada-lateral-1024x1024.jpg' ><img alt='' class='item' data-class='item' data-ftg-src='http:\/\/oyemeconlosojos.com\/oyemearquitectura\/blog\/wp-content\/uploads\/2020\/04\/propuesta-de-fachada-lateral-300x300.jpg' src='http:\/\/oyemeconlosojos.com\/oyemearquitectura\/blog\/wp-content\/uploads\/2020\/04\/propuesta-de-fachada-lateral-300x300.jpg' width='300' height='300' \/><div class='caption-block'><div class='text-wrapper'><span class='title'>propuesta de fachada lateral<\/span><\/div><\/div><\/a><div class='ftg-social'><\/div><\/div><div  class='tile ftg-preload  '><a title=\"propuesta de fachada principal\" data-lightbox='ftg-3434' rel='ftg-3434'  class=' tile-inner  ftg-lightbox' href='http:\/\/oyemeconlosojos.com\/oyemearquitectura\/blog\/wp-content\/uploads\/2020\/04\/propuesta-de-fachada-principal-1024x1024.jpg' ><img alt='' class='item' data-class='item' data-ftg-src='http:\/\/oyemeconlosojos.com\/oyemearquitectura\/blog\/wp-content\/uploads\/2020\/04\/propuesta-de-fachada-principal-300x300.jpg' src='http:\/\/oyemeconlosojos.com\/oyemearquitectura\/blog\/wp-content\/uploads\/2020\/04\/propuesta-de-fachada-principal-300x300.jpg' width='300' height='300' \/><div class='caption-block'><div class='text-wrapper'><span class='title'>propuesta de fachada principal<\/span><\/div><\/div><\/a><div class='ftg-social'><\/div><\/div><\/div><\/div><script type='text\/javascript'>jQuery('#ftg-3434 img.item').removeAttr('src');jQuery(document).ready(function () {setTimeout(function () {jQuery('#ftg-3434').finalTilesGallery({minTileWidth: 250,margin: 10,loadMethod: 'sequential',nonce: '70a7b08d0e',galleryId: '34',setupFilters: true,layout: 'columns',debug: false,gridSize: 25,disableGridSizeBelow: 800,allowEnlargement: true,columns: [[4000, 4],[1024, 4],[800, 3],[480, 3],[320, 2]],selectedFilter: 'n-a'});jQuery(function () {(function () {var rel = '';jQuery('#ftg-3434 .ftg-lightbox').click(function (e) {rel = jQuery(this).attr('rel');jQuery('#ftg-3434 .ftg-current').removeClass('ftg-current');jQuery('#ftg-3434 [rel=\"'+rel+'\"]').addClass('ftg-current');});})();});}, 0);});<\/script>\n<p>&nbsp;<\/p>\n","protected":false},"excerpt":{"rendered":"<p>&nbsp; Ubicaci\u00f3n: Mor\u00f3n de la Frontera (Sevilla) Promotor: Privado A\u00f1o Proyecto: 2015 Presupuesto Ejecuci\u00f3n Material: 2.219.081,40 \u20ac A\u00f1o Construcci\u00f3n: 2016 Constructora: Ayesa New Solutions Fase: Terminada &nbsp; \u00c1ngel Camacho Alimentaci\u00f3n inici\u00f3 una tradici\u00f3n familiar que empez\u00f3 en Mor\u00f3n de la Frontera (Sevilla), con la producci\u00f3n de aceite de oliva. Desde entonces, el negocio familiar se [&hellip;]<\/p>\n","protected":false},"author":1,"featured_media":0,"parent":324,"menu_order":292,"comment_status":"closed","ping_status":"closed","template":"","meta":[],"_links":{"self":[{"href":"http:\/\/oyemeconlosojos.com\/oyemearquitectura\/blog\/index.php?rest_route=\/wp\/v2\/pages\/1251"}],"collection":[{"href":"http:\/\/oyemeconlosojos.com\/oyemearquitectura\/blog\/index.php?rest_route=\/wp\/v2\/pages"}],"about":[{"href":"http:\/\/oyemeconlosojos.com\/oyemearquitectura\/blog\/index.php?rest_route=\/wp\/v2\/types\/page"}],"author":[{"embeddable":true,"href":"http:\/\/oyemeconlosojos.com\/oyemearquitectura\/blog\/index.php?rest_route=\/wp\/v2\/users\/1"}],"replies":[{"embeddable":true,"href":"http:\/\/oyemeconlosojos.com\/oyemearquitectura\/blog\/index.php?rest_route=%2Fwp%2Fv2%2Fcomments&post=1251"}],"version-history":[{"count":4,"href":"http:\/\/oyemeconlosojos.com\/oyemearquitectura\/blog\/index.php?rest_route=\/wp\/v2\/pages\/1251\/revisions"}],"predecessor-version":[{"id":1266,"href":"http:\/\/oyemeconlosojos.com\/oyemearquitectura\/blog\/index.php?rest_route=\/wp\/v2\/pages\/1251\/revisions\/1266"}],"up":[{"embeddable":true,"href":"http:\/\/oyemeconlosojos.com\/oyemearquitectura\/blog\/index.php?rest_route=\/wp\/v2\/pages\/324"}],"wp:attachment":[{"href":"http:\/\/oyemeconlosojos.com\/oyemearquitectura\/blog\/index.php?rest_route=%2Fwp%2Fv2%2Fmedia&parent=1251"}],"curies":[{"name":"wp","href":"https:\/\/api.w.org\/{rel}","templated":true}]}}