{"id":1237,"date":"2019-02-21T18:08:13","date_gmt":"2019-02-21T17:08:13","guid":{"rendered":"http:\/\/oyemeconlosojos.com\/oyemearquitectura\/blog\/?page_id=1237"},"modified":"2019-02-21T18:09:40","modified_gmt":"2019-02-21T17:09:40","slug":"viajalia","status":"publish","type":"page","link":"http:\/\/oyemeconlosojos.com\/oyemearquitectura\/blog\/?page_id=1237","title":{"rendered":"Viajalia"},"content":{"rendered":"<p><img loading=\"lazy\" class=\"alignright wp-image-1238 size-medium\" src=\"http:\/\/oyemeconlosojos.com\/oyemearquitectura\/blog\/wp-content\/uploads\/2019\/02\/VJL-7-300x300.jpg\" alt=\"\" width=\"300\" height=\"300\" srcset=\"http:\/\/oyemeconlosojos.com\/oyemearquitectura\/blog\/wp-content\/uploads\/2019\/02\/VJL-7-300x300.jpg 300w, http:\/\/oyemeconlosojos.com\/oyemearquitectura\/blog\/wp-content\/uploads\/2019\/02\/VJL-7-150x150.jpg 150w, http:\/\/oyemeconlosojos.com\/oyemearquitectura\/blog\/wp-content\/uploads\/2019\/02\/VJL-7-768x768.jpg 768w, http:\/\/oyemeconlosojos.com\/oyemearquitectura\/blog\/wp-content\/uploads\/2019\/02\/VJL-7-640x640.jpg 640w, http:\/\/oyemeconlosojos.com\/oyemearquitectura\/blog\/wp-content\/uploads\/2019\/02\/VJL-7.jpg 850w\" sizes=\"(max-width: 300px) 100vw, 300px\" \/><\/p>\n<p>&nbsp;<\/p>\n<p>Ubicaci\u00f3n: <strong>Dos Hermanas (Sevilla)<\/strong><\/p>\n<p>Promotor: <strong>Privado<\/strong><\/p>\n<p>A\u00f1o Proyecto: <strong>2017<\/strong><\/p>\n<p>Presupuesto Ejecuci\u00f3n Material: <strong>28.955,81 \u20ac<\/strong><\/p>\n<p>A\u00f1o Construcci\u00f3n: <strong>2018<\/strong><\/p>\n<p>Constructora: <strong>Sarial Obras<br \/>\n<\/strong><\/p>\n<p>Fase: <strong>Terminada<\/strong><\/p>\n<p>&nbsp;<\/p>\n<p>Nuestra labor en este proyecto fue dividir un local para convertirlo en dos adecuados; Uno para una agencia de viajes y otro sin actividad espec\u00edfica.<\/p>\n<p>Este encargo fue un aut\u00e9ntico reto. Por varios motivos:<\/p>\n<ul>\n<li>Nos hac\u00edamos responsables del cambio de ubicaci\u00f3n de una agencia de viajes que funcionaba bien e iba a realizar un traslado a un local cercano, en la misma calle<\/li>\n<li>El traslado se har\u00eda a un local que era tan grande que hab\u00eda que dividirlo en dos y elegir en cu\u00e1l de esos dos se instalar\u00eda la agencia<\/li>\n<li>El local estaba adecuado en parte por lo que hubo que dise\u00f1ar todo para intentar aprovechar al m\u00e1ximo lo ejecutado para minimizar el presupuesto<\/li>\n<li>A nivel de direcci\u00f3n de obra tuvo bastante dificultad porque bajo los locales hab\u00eda trasteros privados que no eran accesibles<\/li>\n<\/ul>\n<p>La obra consigui\u00f3 ejecutarse en un plazo bastante reducido y con un control exhaustivo del presupuesto. Conseguido en parte por un an\u00e1lisis previo detallado de todas las partidas que presupuestaron las constructoras que ofertaron la ejecuci\u00f3n de la obra.<\/p>\n<p>&nbsp;<\/p>\n<!-- Final Tiles Grid Gallery for WordPress v3.3.52 free --><style>#ftg-3232 .tile .icon { color:#ffffff; }#ftg-3232 .ftg-items .loading-bar i { background:#666; }#ftg-3232 .ftg-items .loading-bar { background:#fff; }#ftg-3232 .tile .icon { font-size:12px; }#ftg-3232 .tile .icon { margin: -6px 0 0 -6px; }#ftg-3232 .tile .caption-block .text-wrapper span.text { font-size:12px; }#ftg-3232 .tile .caption-block .text-wrapper span.title { font-size:14px; }#ftg-3232 .tile { background-color: transparent; }#ftg-3232 .tile .caption-block .text-wrapper span.text { color: #ffffff; }#ftg-3232 .tile .caption-block .text-wrapper span.title { color: #ffffff; }#ftg-3232 .tile .ftg-social a { color: #ffffff; }#ftg-3232 .tile .caption-block { transition-duration:0.25s; }#ftg-3232 .tile .tile-inner:before { background-color: #000000; }#ftg-3232 .tile .tile-inner:before { background-color: rgba(0, 0, 0, 0.8); }#ftg-3232 .tile:hover img {-moz-transform: ;-webkit-transform: ;-o-transform: ;-ms-transform: ;transform: ;}<\/style><a name='32'><\/a><div class='final-tiles-gallery  ftg-hover-enabled  caption-none caption-middle caption-center' id='ftg-3232' style='width:100%'><div class='ftg-items'><div class='loading-bar'><i><\/i><\/div><div  class='tile ftg-preload  '><a title=\"fachada principal\" data-lightbox='ftg-3232' rel='ftg-3232'  class=' tile-inner  ftg-lightbox' href='http:\/\/oyemeconlosojos.com\/oyemearquitectura\/blog\/wp-content\/uploads\/2019\/02\/VJL-4.jpg' ><img alt='' class='item' data-class='item' data-ftg-src='http:\/\/oyemeconlosojos.com\/oyemearquitectura\/blog\/wp-content\/uploads\/2019\/02\/VJL-4-300x300.jpg' src='http:\/\/oyemeconlosojos.com\/oyemearquitectura\/blog\/wp-content\/uploads\/2019\/02\/VJL-4-300x300.jpg' width='300' height='300' \/><div class='caption-block'><div class='text-wrapper'><span class='title'>fachada principal<\/span><\/div><\/div><\/a><div class='ftg-social'><\/div><\/div><div  class='tile ftg-preload  '><a title=\"vista interior\" data-lightbox='ftg-3232' rel='ftg-3232'  class=' tile-inner  ftg-lightbox' href='http:\/\/oyemeconlosojos.com\/oyemearquitectura\/blog\/wp-content\/uploads\/2019\/02\/VJL-1.jpg' ><img alt='' class='item' data-class='item' data-ftg-src='http:\/\/oyemeconlosojos.com\/oyemearquitectura\/blog\/wp-content\/uploads\/2019\/02\/VJL-1-300x300.jpg' src='http:\/\/oyemeconlosojos.com\/oyemearquitectura\/blog\/wp-content\/uploads\/2019\/02\/VJL-1-300x300.jpg' width='300' height='300' \/><div class='caption-block'><div class='text-wrapper'><span class='title'>vista interior<\/span><\/div><\/div><\/a><div class='ftg-social'><\/div><\/div><div  class='tile ftg-preload  '><a title=\"vista interior\" data-lightbox='ftg-3232' rel='ftg-3232'  class=' tile-inner  ftg-lightbox' href='http:\/\/oyemeconlosojos.com\/oyemearquitectura\/blog\/wp-content\/uploads\/2019\/02\/VJL-2.jpg' ><img alt='' class='item' data-class='item' data-ftg-src='http:\/\/oyemeconlosojos.com\/oyemearquitectura\/blog\/wp-content\/uploads\/2019\/02\/VJL-2-300x300.jpg' src='http:\/\/oyemeconlosojos.com\/oyemearquitectura\/blog\/wp-content\/uploads\/2019\/02\/VJL-2-300x300.jpg' width='300' height='300' \/><div class='caption-block'><div class='text-wrapper'><span class='title'>vista interior<\/span><\/div><\/div><\/a><div class='ftg-social'><\/div><\/div><div  class='tile ftg-preload  '><a title=\"vista interior\" data-lightbox='ftg-3232' rel='ftg-3232'  class=' tile-inner  ftg-lightbox' href='http:\/\/oyemeconlosojos.com\/oyemearquitectura\/blog\/wp-content\/uploads\/2019\/02\/VJL-3.jpg' ><img alt='' class='item' data-class='item' data-ftg-src='http:\/\/oyemeconlosojos.com\/oyemearquitectura\/blog\/wp-content\/uploads\/2019\/02\/VJL-3-300x300.jpg' src='http:\/\/oyemeconlosojos.com\/oyemearquitectura\/blog\/wp-content\/uploads\/2019\/02\/VJL-3-300x300.jpg' width='300' height='300' \/><div class='caption-block'><div class='text-wrapper'><span class='title'>vista interior<\/span><\/div><\/div><\/a><div class='ftg-social'><\/div><\/div><div  class='tile ftg-preload  '><a title=\"visita de obra\" data-lightbox='ftg-3232' rel='ftg-3232'  class=' tile-inner  ftg-lightbox' href='http:\/\/oyemeconlosojos.com\/oyemearquitectura\/blog\/wp-content\/uploads\/2019\/02\/VJL-5.jpg' ><img alt='' class='item' data-class='item' data-ftg-src='http:\/\/oyemeconlosojos.com\/oyemearquitectura\/blog\/wp-content\/uploads\/2019\/02\/VJL-5-300x300.jpg' src='http:\/\/oyemeconlosojos.com\/oyemearquitectura\/blog\/wp-content\/uploads\/2019\/02\/VJL-5-300x300.jpg' width='300' height='300' \/><div class='caption-block'><div class='text-wrapper'><span class='title'>visita de obra<\/span><\/div><\/div><\/a><div class='ftg-social'><\/div><\/div><div  class='tile ftg-preload  '><a title=\"control de ejecuci\u00f3n\" data-lightbox='ftg-3232' rel='ftg-3232'  class=' tile-inner  ftg-lightbox' href='http:\/\/oyemeconlosojos.com\/oyemearquitectura\/blog\/wp-content\/uploads\/2019\/02\/VJL-6.jpg' ><img alt='' class='item' data-class='item' data-ftg-src='http:\/\/oyemeconlosojos.com\/oyemearquitectura\/blog\/wp-content\/uploads\/2019\/02\/VJL-6-150x150.jpg' src='http:\/\/oyemeconlosojos.com\/oyemearquitectura\/blog\/wp-content\/uploads\/2019\/02\/VJL-6-150x150.jpg' width='150' height='150' \/><div class='caption-block'><div class='text-wrapper'><span class='title'>control de ejecuci\u00f3n<\/span><\/div><\/div><\/a><div class='ftg-social'><\/div><\/div><\/div><\/div><script type='text\/javascript'>jQuery('#ftg-3232 img.item').removeAttr('src');jQuery(document).ready(function () {setTimeout(function () {jQuery('#ftg-3232').finalTilesGallery({minTileWidth: 250,margin: 10,loadMethod: 'sequential',nonce: '70a7b08d0e',galleryId: '32',setupFilters: true,layout: 'columns',debug: false,gridSize: 25,disableGridSizeBelow: 800,allowEnlargement: true,columns: [[4000, 4],[1024, 4],[800, 3],[480, 3],[320, 2]],selectedFilter: 'n-a'});jQuery(function () {(function () {var rel = '';jQuery('#ftg-3232 .ftg-lightbox').click(function (e) {rel = jQuery(this).attr('rel');jQuery('#ftg-3232 .ftg-current').removeClass('ftg-current');jQuery('#ftg-3232 [rel=\"'+rel+'\"]').addClass('ftg-current');});})();});}, 0);});<\/script>\n","protected":false},"excerpt":{"rendered":"<p>&nbsp; Ubicaci\u00f3n: Dos Hermanas (Sevilla) Promotor: Privado A\u00f1o Proyecto: 2017 Presupuesto Ejecuci\u00f3n Material: 28.955,81 \u20ac A\u00f1o Construcci\u00f3n: 2018 Constructora: Sarial Obras Fase: Terminada &nbsp; Nuestra labor en este proyecto fue dividir un local para convertirlo en dos adecuados; Uno para una agencia de viajes y otro sin actividad espec\u00edfica. Este encargo fue un aut\u00e9ntico reto. [&hellip;]<\/p>\n","protected":false},"author":1,"featured_media":0,"parent":862,"menu_order":425,"comment_status":"closed","ping_status":"closed","template":"","meta":[],"_links":{"self":[{"href":"http:\/\/oyemeconlosojos.com\/oyemearquitectura\/blog\/index.php?rest_route=\/wp\/v2\/pages\/1237"}],"collection":[{"href":"http:\/\/oyemeconlosojos.com\/oyemearquitectura\/blog\/index.php?rest_route=\/wp\/v2\/pages"}],"about":[{"href":"http:\/\/oyemeconlosojos.com\/oyemearquitectura\/blog\/index.php?rest_route=\/wp\/v2\/types\/page"}],"author":[{"embeddable":true,"href":"http:\/\/oyemeconlosojos.com\/oyemearquitectura\/blog\/index.php?rest_route=\/wp\/v2\/users\/1"}],"replies":[{"embeddable":true,"href":"http:\/\/oyemeconlosojos.com\/oyemearquitectura\/blog\/index.php?rest_route=%2Fwp%2Fv2%2Fcomments&post=1237"}],"version-history":[{"count":4,"href":"http:\/\/oyemeconlosojos.com\/oyemearquitectura\/blog\/index.php?rest_route=\/wp\/v2\/pages\/1237\/revisions"}],"predecessor-version":[{"id":1242,"href":"http:\/\/oyemeconlosojos.com\/oyemearquitectura\/blog\/index.php?rest_route=\/wp\/v2\/pages\/1237\/revisions\/1242"}],"up":[{"embeddable":true,"href":"http:\/\/oyemeconlosojos.com\/oyemearquitectura\/blog\/index.php?rest_route=\/wp\/v2\/pages\/862"}],"wp:attachment":[{"href":"http:\/\/oyemeconlosojos.com\/oyemearquitectura\/blog\/index.php?rest_route=%2Fwp%2Fv2%2Fmedia&parent=1237"}],"curies":[{"name":"wp","href":"https:\/\/api.w.org\/{rel}","templated":true}]}}