{"id":119,"date":"2008-12-09T17:10:17","date_gmt":"2008-12-09T16:10:17","guid":{"rendered":"http:\/\/oyemeconlosojos.com\/oyemearquitectura\/blog\/?p=119"},"modified":"2019-01-11T12:32:35","modified_gmt":"2019-01-11T11:32:35","slug":"oyeme-arquitectura","status":"publish","type":"page","link":"http:\/\/oyemeconlosojos.com\/oyemearquitectura\/blog\/?page_id=119","title":{"rendered":"Contacto"},"content":{"rendered":"<h2><strong>O<\/strong>ye<strong>M<\/strong>e arquitectura SLP<\/h2>\n<p>&nbsp;<\/p>\n<p><big><big>Antonio <strong>O<\/strong>rtiz Gonz\u00e1lez \/ Antonio <strong>M<\/strong>adue\u00f1o Mart\u00ednez <\/big><\/big><\/p>\n<p>&nbsp;<\/p>\n<p><big><big>95 566 94 22<\/big><\/big><\/p>\n<p>661 41 31 22<br \/>\n696 26 37 86<\/p>\n<p>Avenida de Andaluc\u00eda, 118 \u00a0 1\u00ba<br \/>\n41702 Dos Hermanas (Sevilla)<\/p>\n<p><a title=\"Te o\u00edmos!\" href=\"mailto:estudio@oyemeconlosojos.com\" target=\"_blank\">estudio@oyemeconlosojos.com<\/a><\/p>\n<p>&nbsp;<\/p>\n<p><strong><a title=\"www.oyemeconlosojos.com\" href=\"http:\/\/www.oyemeconlosojos.com\" target=\"_blank\">www.oyemeconlosojos.com<\/a><\/strong><br \/>\n<strong> <a title=\"www.oyemeconlosojos.es\" href=\"http:\/\/www.oyemeconlosojos.es\" target=\"_blank\">www.oyemeconlosojos.es<\/a><\/strong><\/p>\n<figure id=\"attachment_129\" aria-describedby=\"caption-attachment-129\" style=\"width: 300px\" class=\"wp-caption aligncenter\"><a href=\"https:\/\/maps.google.es\/maps?f=q&amp;source=s_q&amp;hl=es&amp;geocode=&amp;q=avenida+de+andalucia+118+1%C2%BA,+dos+hermanas&amp;sll=40.396764,-3.713379&amp;sspn=8.948955,25.290527&amp;ie=UTF8&amp;hq=&amp;hnear=Av+de+Andaluc%C3%ADa,+118,+41702+Dos+Hermanas,+Sevilla,+Andaluc%C3%ADa&amp;ll=37.280439,-5.923712&amp;spn=0.009134,0.024698&amp;t=h&amp;z=16\" target=\"_blank\" rel=\"attachment wp-att-129\"><img loading=\"lazy\" class=\"size-medium wp-image-129  \" title=\"oyemestudio\" alt=\"Avenida de Andaluc\u00eda, 118, 1\u00baDos Hermanas (Sevilla)\" src=\"http:\/\/oyemeconlosojos.com\/oyemearquitectura\/blog\/wp-content\/uploads\/2013\/12\/situacion-copia-300x263.gif\" width=\"300\" height=\"263\" srcset=\"http:\/\/oyemeconlosojos.com\/oyemearquitectura\/blog\/wp-content\/uploads\/2013\/12\/situacion-copia-300x263.gif 300w, http:\/\/oyemeconlosojos.com\/oyemearquitectura\/blog\/wp-content\/uploads\/2013\/12\/situacion-copia-1024x899.gif 1024w, http:\/\/oyemeconlosojos.com\/oyemearquitectura\/blog\/wp-content\/uploads\/2013\/12\/situacion-copia-341x300.gif 341w\" sizes=\"(max-width: 300px) 100vw, 300px\" \/><\/a><figcaption id=\"caption-attachment-129\" class=\"wp-caption-text\">Avenida de Andaluc\u00eda, 118, 1\u00ba<br \/>Dos Hermanas (Sevilla)<\/figcaption><\/figure>\n","protected":false},"excerpt":{"rendered":"<p>OyeMe arquitectura SLP &nbsp; Antonio Ortiz Gonz\u00e1lez \/ Antonio Madue\u00f1o Mart\u00ednez &nbsp; 95 566 94 22 661 41 31 22 696 26 37 86 Avenida de Andaluc\u00eda, 118 \u00a0 1\u00ba 41702 Dos Hermanas (Sevilla) estudio@oyemeconlosojos.com &nbsp; www.oyemeconlosojos.com www.oyemeconlosojos.es<\/p>\n","protected":false},"author":1,"featured_media":0,"parent":0,"menu_order":900,"comment_status":"closed","ping_status":"closed","template":"","meta":[],"_links":{"self":[{"href":"http:\/\/oyemeconlosojos.com\/oyemearquitectura\/blog\/index.php?rest_route=\/wp\/v2\/pages\/119"}],"collection":[{"href":"http:\/\/oyemeconlosojos.com\/oyemearquitectura\/blog\/index.php?rest_route=\/wp\/v2\/pages"}],"about":[{"href":"http:\/\/oyemeconlosojos.com\/oyemearquitectura\/blog\/index.php?rest_route=\/wp\/v2\/types\/page"}],"author":[{"embeddable":true,"href":"http:\/\/oyemeconlosojos.com\/oyemearquitectura\/blog\/index.php?rest_route=\/wp\/v2\/users\/1"}],"replies":[{"embeddable":true,"href":"http:\/\/oyemeconlosojos.com\/oyemearquitectura\/blog\/index.php?rest_route=%2Fwp%2Fv2%2Fcomments&post=119"}],"version-history":[{"count":13,"href":"http:\/\/oyemeconlosojos.com\/oyemearquitectura\/blog\/index.php?rest_route=\/wp\/v2\/pages\/119\/revisions"}],"predecessor-version":[{"id":1354,"href":"http:\/\/oyemeconlosojos.com\/oyemearquitectura\/blog\/index.php?rest_route=\/wp\/v2\/pages\/119\/revisions\/1354"}],"wp:attachment":[{"href":"http:\/\/oyemeconlosojos.com\/oyemearquitectura\/blog\/index.php?rest_route=%2Fwp%2Fv2%2Fmedia&parent=119"}],"curies":[{"name":"wp","href":"https:\/\/api.w.org\/{rel}","templated":true}]}}